{"id":9992,"date":"2023-03-16T08:02:59","date_gmt":"2023-03-16T07:02:59","guid":{"rendered":"https:\/\/andalubox.com\/producto-andaluz\/usisa-sardinillas-de-isla-cristina-a-lhuile-dolive-rr-125\/"},"modified":"2026-01-27T21:18:01","modified_gmt":"2026-01-27T20:18:01","slug":"usisa-sardinillas-isla-cristina","status":"publish","type":"product","link":"https:\/\/andalubox.com\/fr\/producto-andaluz\/usisa-sardinillas-isla-cristina\/","title":{"rendered":"Usisa Isla Cristina Sardines \u00e0 l&#8217;huile d&#8217;olive 125g"},"content":{"rendered":"<h3>Usisa Isla Cristina Sardines \u00e0 l&#8217;huile d&#8217;olive 125g<\/h3>\n<h3>\u00c9laboration<\/h3>\n<p>L&#8217;\u00e9laboration des &#8220;Sardinillas de Isla Cristina en aceite de oliva&#8221; (sardines de Isla Cristina \u00e0 l&#8217;huile d&#8217;olive) doit suivre une s\u00e9rie d&#8217;\u00e9tapes. La premi\u00e8re \u00e9tape est la r\u00e9ception des mati\u00e8res premi\u00e8res (toujours fra\u00eeches), qui arrivent aux installations directement depuis le port.<\/p>\n<p>Apr\u00e8s r\u00e9ception, le poisson est \u00e9t\u00eat\u00e9, \u00e9visc\u00e9r\u00e9 et la queue est coup\u00e9e. Toutes les pi\u00e8ces sont nettoy\u00e9es \u00e0 la main par le personnel dans un bain de saumure et emball\u00e9es en fonction de leur taille. Les morceaux de poisson sont ensuite retourn\u00e9s et cuits dans le tunnel de cuisson \u00e0 la vapeur directe.<\/p>\n<p>L&#8217;une des \u00e9tapes cl\u00e9s pour obtenir notre saveur exclusive est l&#8217;association avec les meilleures huiles d&#8217;olive d&#8217;Andalousie. Les bo\u00eetes sont ensuite herm\u00e9tiquement ferm\u00e9es et st\u00e9rilis\u00e9es dans des autoclaves pour obtenir un produit totalement st\u00e9rile.<\/p>\n<p>\u00c0 ce stade, les bo\u00eetes sont lav\u00e9es et s\u00e9ch\u00e9es avant d&#8217;\u00eatre mises en carton et en bo\u00eete. Le processus se termine par le stockage du produit en vue de son exp\u00e9dition ult\u00e9rieure.<\/p>\n<h3>Ingr\u00e9dients<\/h3>\n<p>Sardines, huile d&#8217;olive et sel.<\/p>\n<h3>Informations nutritionnelles pour 100 g<\/h3>\n<p>Valeur \u00e9nerg\u00e9tique : 279 kcal Lipides 12 g, dont graisses satur\u00e9es 2,28 g, Glucides 0 g, Prot\u00e9ines 23 g, Sel 0,68 g<\/p>\n<p>Isla Cristina, situ\u00e9e \u00e0 Huelva, en Espagne, sur la Costa de la Luz, est r\u00e9put\u00e9e pour sa tradition s\u00e9culaire de mise en conserve et de salaison de poissons de grande qualit\u00e9, en particulier le thon, le maquereau et la fr\u00e9gate. Cette ville c\u00f4ti\u00e8re poss\u00e8de un riche patrimoine maritime, les industries de la p\u00eache et de la conserve remontant au XVIIIe si\u00e8cle, sous l&#8217;influence des colons catalans et levantins qui exploitaient la p\u00eache abondante \u00e0 la sardine et au thon. L&#8217;industrie a connu une croissance significative au XIXe si\u00e8cle, lorsque Ayamonte et Isla Cristina sont devenues des centres cl\u00e9s pour la transformation du poisson, tirant parti de techniques traditionnelles telles que la salaison et la mise en conserve, qui remontent \u00e0 l&#8217;\u00e9poque ph\u00e9nicienne et romaine.  <\/p>\n<p>Uni\u00f3n Salazonera Isle\u00f1a (USISA) : Entreprise andalouse de premier plan fond\u00e9e en 1973, USISA transforme plus de 12 000 tonnes de poisson par an dans son usine d&#8217;Isla Cristina, en se concentrant sur le poisson en conserve et sal\u00e9 sous des marques telles que Tejero, USISA et El Decano. Ses produits, tels que le maquereau, la fr\u00e9gate et la mojama (thon s\u00e9ch\u00e9 \u00e0 l&#8217;air), sont prot\u00e9g\u00e9s par des indications g\u00e9ographiques prot\u00e9g\u00e9es (IGP) pour leur qualit\u00e9, en privil\u00e9giant le traitement manuel, les ingr\u00e9dients naturels tels que le sel de mer et l&#8217;huile d&#8217;olive, et les pratiques durables. USISA \u00e9vite l&#8217;utilisation d&#8217;additifs chimiques, garantissant ainsi une fra\u00eecheur et une valeur nutritionnelle maximales.  <\/p>\n<p>Andalubox s&#8217;engage pour les conserves d&#8217;Isla Cristina.<\/p>","protected":false},"excerpt":{"rendered":"<p>Usisa Isla Cristina Sardines \u00e0 l&#8217;huile d&#8217;olive 125g<\/p>\n","protected":false},"featured_media":9989,"comment_status":"closed","ping_status":"closed","template":"","meta":{"site-sidebar-layout":"default","site-content-layout":"default","ast-site-content-layout":"default","site-content-style":"default","site-sidebar-style":"default","ast-global-header-display":"","ast-banner-title-visibility":"","ast-main-header-display":"","ast-hfb-above-header-display":"","ast-hfb-below-header-display":"","ast-hfb-mobile-header-display":"","site-post-title":"","ast-breadcrumbs-content":"","ast-featured-img":"","footer-sml-layout":"","ast-disable-related-posts":"","theme-transparent-header-meta":"default","adv-header-id-meta":"","stick-header-meta":"","header-above-stick-meta":"","header-main-stick-meta":"","header-below-stick-meta":"","astra-migrate-meta-layouts":"default","ast-page-background-enabled":"default","ast-page-background-meta":{"desktop":{"background-color":"var(--ast-global-color-4)","background-image":"","background-repeat":"repeat","background-position":"center center","background-size":"auto","background-attachment":"scroll","background-type":"","background-media":"","overlay-type":"","overlay-color":"","overlay-opacity":"","overlay-gradient":""},"tablet":{"background-color":"","background-image":"","background-repeat":"repeat","background-position":"center center","background-size":"auto","background-attachment":"scroll","background-type":"","background-media":"","overlay-type":"","overlay-color":"","overlay-opacity":"","overlay-gradient":""},"mobile":{"background-color":"","background-image":"","background-repeat":"repeat","background-position":"center center","background-size":"auto","background-attachment":"scroll","background-type":"","background-media":"","overlay-type":"","overlay-color":"","overlay-opacity":"","overlay-gradient":""}},"ast-content-background-meta":{"desktop":{"background-color":"var(--ast-global-color-5)","background-image":"","background-repeat":"repeat","background-position":"center center","background-size":"auto","background-attachment":"scroll","background-type":"","background-media":"","overlay-type":"","overlay-color":"","overlay-opacity":"","overlay-gradient":""},"tablet":{"background-color":"var(--ast-global-color-5)","background-image":"","background-repeat":"repeat","background-position":"center center","background-size":"auto","background-attachment":"scroll","background-type":"","background-media":"","overlay-type":"","overlay-color":"","overlay-opacity":"","overlay-gradient":""},"mobile":{"background-color":"var(--ast-global-color-5)","background-image":"","background-repeat":"repeat","background-position":"center center","background-size":"auto","background-attachment":"scroll","background-type":"","background-media":"","overlay-type":"","overlay-color":"","overlay-opacity":"","overlay-gradient":""}}},"product_brand":[],"product_cat":[275],"product_tag":[1023,1022],"class_list":{"0":"post-9992","1":"product","2":"type-product","3":"status-publish","4":"has-post-thumbnail","6":"product_cat-sardines-fr","7":"product_tag-ile-de-cristina","8":"product_tag-sardinillas-fr","9":"desktop-align-left","10":"tablet-align-left","11":"mobile-align-left","13":"first","14":"instock","15":"taxable","16":"shipping-taxable","17":"purchasable","18":"product-type-simple"},"_links":{"self":[{"href":"https:\/\/andalubox.com\/fr\/wp-json\/wp\/v2\/product\/9992","targetHints":{"allow":["GET"]}}],"collection":[{"href":"https:\/\/andalubox.com\/fr\/wp-json\/wp\/v2\/product"}],"about":[{"href":"https:\/\/andalubox.com\/fr\/wp-json\/wp\/v2\/types\/product"}],"replies":[{"embeddable":true,"href":"https:\/\/andalubox.com\/fr\/wp-json\/wp\/v2\/comments?post=9992"}],"wp:featuredmedia":[{"embeddable":true,"href":"https:\/\/andalubox.com\/fr\/wp-json\/wp\/v2\/media\/9989"}],"wp:attachment":[{"href":"https:\/\/andalubox.com\/fr\/wp-json\/wp\/v2\/media?parent=9992"}],"wp:term":[{"taxonomy":"product_brand","embeddable":true,"href":"https:\/\/andalubox.com\/fr\/wp-json\/wp\/v2\/product_brand?post=9992"},{"taxonomy":"product_cat","embeddable":true,"href":"https:\/\/andalubox.com\/fr\/wp-json\/wp\/v2\/product_cat?post=9992"},{"taxonomy":"product_tag","embeddable":true,"href":"https:\/\/andalubox.com\/fr\/wp-json\/wp\/v2\/product_tag?post=9992"}],"curies":[{"name":"wp","href":"https:\/\/api.w.org\/{rel}","templated":true}]}}