{"id":9911,"date":"2023-03-09T17:31:10","date_gmt":"2023-03-09T16:31:10","guid":{"rendered":"https:\/\/andalubox.com\/producto-andaluz\/coupe-fraise-50-cl\/"},"modified":"2025-04-22T15:22:50","modified_gmt":"2025-04-22T13:22:50","slug":"coupe-fraise","status":"publish","type":"product","link":"https:\/\/andalubox.com\/fr\/producto-andaluz\/coupe-fraise\/","title":{"rendered":"Coupe-fraise, 50 cl"},"content":{"rendered":"<p>Strawberry Clipper, la boisson non alcoolis\u00e9e la plus c\u00e9l\u00e8bre des \u00eeles Canaries.  <\/p>\n<h3>Ingr\u00e9dients<\/h3>\n<p>Eau gazeuse, sucre, acidifiant : E-330, ar\u00f4mes, stabilisants : E-445, E-414, conservateur : E-211, colorants : E-163, E-120.<\/p>\n<h3>Informations nutritionnelles<\/h3>\n<p>(valeurs moyennes pour 100 ml) Valeur \u00e9nerg\u00e9tique 209 kJ \/ 50 kcal,Lipides 0 g dont satur\u00e9s 0 g, Glucides 12,4 g dont sucres 12 g, Prot\u00e9ines 0 g, Sel 0,03 g<\/p>\n<p><img fetchpriority=\"high\" decoding=\"async\" class=\"alignnone size-medium wp-image-9903\" src=\"https:\/\/andalubox.com\/wp-content\/uploads\/2023\/03\/clipper-fresa-374x500.jpg\" alt=\"Coupe-fraise\" width=\"374\" height=\"500\" srcset=\"https:\/\/andalubox.com\/wp-content\/uploads\/2023\/03\/clipper-fresa-374x500.jpg 374w, https:\/\/andalubox.com\/wp-content\/uploads\/2023\/03\/clipper-fresa-766x1024.jpg 766w, https:\/\/andalubox.com\/wp-content\/uploads\/2023\/03\/clipper-fresa-768x1026.jpg 768w, https:\/\/andalubox.com\/wp-content\/uploads\/2023\/03\/clipper-fresa-600x802.jpg 600w, https:\/\/andalubox.com\/wp-content\/uploads\/2023\/03\/clipper-fresa.jpg 898w\" sizes=\"(max-width: 374px) 100vw, 374px\" \/><\/p>","protected":false},"excerpt":{"rendered":"<p>Boisson rafra\u00eechissante a\u00e9r\u00e9e et aromatis\u00e9e Go\u00fbt de fraise<\/p>\n","protected":false},"featured_media":9909,"comment_status":"closed","ping_status":"closed","template":"","meta":{"site-sidebar-layout":"default","site-content-layout":"default","ast-site-content-layout":"default","site-content-style":"default","site-sidebar-style":"default","ast-global-header-display":"","ast-banner-title-visibility":"","ast-main-header-display":"","ast-hfb-above-header-display":"","ast-hfb-below-header-display":"","ast-hfb-mobile-header-display":"","site-post-title":"","ast-breadcrumbs-content":"","ast-featured-img":"","footer-sml-layout":"","ast-disable-related-posts":"","theme-transparent-header-meta":"default","adv-header-id-meta":"","stick-header-meta":"","header-above-stick-meta":"","header-main-stick-meta":"","header-below-stick-meta":"","astra-migrate-meta-layouts":"default","ast-page-background-enabled":"default","ast-page-background-meta":{"desktop":{"background-color":"var(--ast-global-color-4)","background-image":"","background-repeat":"repeat","background-position":"center center","background-size":"auto","background-attachment":"scroll","background-type":"","background-media":"","overlay-type":"","overlay-color":"","overlay-opacity":"","overlay-gradient":""},"tablet":{"background-color":"","background-image":"","background-repeat":"repeat","background-position":"center center","background-size":"auto","background-attachment":"scroll","background-type":"","background-media":"","overlay-type":"","overlay-color":"","overlay-opacity":"","overlay-gradient":""},"mobile":{"background-color":"","background-image":"","background-repeat":"repeat","background-position":"center center","background-size":"auto","background-attachment":"scroll","background-type":"","background-media":"","overlay-type":"","overlay-color":"","overlay-opacity":"","overlay-gradient":""}},"ast-content-background-meta":{"desktop":{"background-color":"var(--ast-global-color-5)","background-image":"","background-repeat":"repeat","background-position":"center center","background-size":"auto","background-attachment":"scroll","background-type":"","background-media":"","overlay-type":"","overlay-color":"","overlay-opacity":"","overlay-gradient":""},"tablet":{"background-color":"var(--ast-global-color-5)","background-image":"","background-repeat":"repeat","background-position":"center center","background-size":"auto","background-attachment":"scroll","background-type":"","background-media":"","overlay-type":"","overlay-color":"","overlay-opacity":"","overlay-gradient":""},"mobile":{"background-color":"var(--ast-global-color-5)","background-image":"","background-repeat":"repeat","background-position":"center center","background-size":"auto","background-attachment":"scroll","background-type":"","background-media":"","overlay-type":"","overlay-color":"","overlay-opacity":"","overlay-gradient":""}}},"product_brand":[1473],"product_cat":[422],"product_tag":[],"class_list":{"0":"post-9911","1":"product","2":"type-product","3":"status-publish","4":"has-post-thumbnail","6":"product_brand-aperitivos-canarios","7":"product_cat-boissons-non-alcoolisees-fr","8":"desktop-align-left","9":"tablet-align-left","10":"mobile-align-left","12":"first","13":"outofstock","14":"taxable","15":"shipping-taxable","16":"purchasable","17":"product-type-simple"},"_links":{"self":[{"href":"https:\/\/andalubox.com\/fr\/wp-json\/wp\/v2\/product\/9911","targetHints":{"allow":["GET"]}}],"collection":[{"href":"https:\/\/andalubox.com\/fr\/wp-json\/wp\/v2\/product"}],"about":[{"href":"https:\/\/andalubox.com\/fr\/wp-json\/wp\/v2\/types\/product"}],"replies":[{"embeddable":true,"href":"https:\/\/andalubox.com\/fr\/wp-json\/wp\/v2\/comments?post=9911"}],"wp:featuredmedia":[{"embeddable":true,"href":"https:\/\/andalubox.com\/fr\/wp-json\/wp\/v2\/media\/9909"}],"wp:attachment":[{"href":"https:\/\/andalubox.com\/fr\/wp-json\/wp\/v2\/media?parent=9911"}],"wp:term":[{"taxonomy":"product_brand","embeddable":true,"href":"https:\/\/andalubox.com\/fr\/wp-json\/wp\/v2\/product_brand?post=9911"},{"taxonomy":"product_cat","embeddable":true,"href":"https:\/\/andalubox.com\/fr\/wp-json\/wp\/v2\/product_cat?post=9911"},{"taxonomy":"product_tag","embeddable":true,"href":"https:\/\/andalubox.com\/fr\/wp-json\/wp\/v2\/product_tag?post=9911"}],"curies":[{"name":"wp","href":"https:\/\/api.w.org\/{rel}","templated":true}]}}