{"id":9646,"date":"2023-02-20T12:26:55","date_gmt":"2023-02-20T11:26:55","guid":{"rendered":"https:\/\/andalubox.com\/producto-andaluz\/canaries-chips-de-pommes-de-terre-munchitos-saveur-originale-70g\/"},"modified":"2025-06-12T23:37:58","modified_gmt":"2025-06-12T21:37:58","slug":"munchitos-pommes-de-terre-saveur-originale","status":"publish","type":"product","link":"https:\/\/andalubox.com\/fr\/producto-andaluz\/canaries-chips-de-pommes-de-terre-munchitos-saveur-originale-70g\/","title":{"rendered":"Munchitos Canary Islands potato chips Original flavour, 70g"},"content":{"rendered":"<h2>Munchitos go\u00fbt original<\/h2>\n<p>Savourez le go\u00fbt authentique des \u00eeles Canaries avec les pommes de terre Munchitos de Matutano \u00e0 la saveur originale. Cet ap\u00e9ritif embl\u00e9matique, exclusif aux \u00eeles Canaries, vous transportera au paradis \u00e0 chaque bouch\u00e9e.<\/p>\n<p>Les Munchitos sont fabriqu\u00e9s avec des ingr\u00e9dients de haute qualit\u00e9 et sans conservateurs ni colorants artificiels. Ils conviennent \u00e9galement aux c\u0153liaques, car ils sont sans gluten. Cette d\u00e9licieuse recette combine des flocons de pommes de terre croustillants, de la farine de riz, de l&#8217;amidon de pomme de terre, de la farine de ma\u00efs, du sel et de la levure, le tout frit dans de l&#8217;huile v\u00e9g\u00e9tale pour une saveur parfaite.<\/p>\n<p>Ce produit canari vous offre la taille id\u00e9ale \u00e0 partager \u00e0 tout moment, qu&#8217;il s&#8217;agisse d&#8217;un apr\u00e8s-midi cin\u00e9ma ou en compl\u00e9ment de vos repas. Le sac de 70 grammes est parfait pour \u00eatre emport\u00e9 partout avec vous. Ne manquez pas de go\u00fbter aux \u00eeles Canaries !<\/p>\n<h2>Principaux ingr\u00e9dients des Munchitos go\u00fbt original<\/h2>\n<p>Flocons de pommes de terre, huile de ma\u00efs, farines de riz et de ma\u00efs, amidon de pommes de terre, sel, levure.<\/p>\n<p><img fetchpriority=\"high\" decoding=\"async\" class=\"alignnone size-medium wp-image-9636\" src=\"https:\/\/andalubox.com\/wp-content\/uploads\/2023\/02\/munchitos-canarias-500x460.jpg\" alt=\"Munchitos Canarias\" width=\"500\" height=\"460\" srcset=\"https:\/\/andalubox.com\/wp-content\/uploads\/2023\/02\/munchitos-canarias-500x460.jpg 500w, https:\/\/andalubox.com\/wp-content\/uploads\/2023\/02\/munchitos-canarias-1024x941.jpg 1024w, https:\/\/andalubox.com\/wp-content\/uploads\/2023\/02\/munchitos-canarias-768x706.jpg 768w, https:\/\/andalubox.com\/wp-content\/uploads\/2023\/02\/munchitos-canarias-600x552.jpg 600w, https:\/\/andalubox.com\/wp-content\/uploads\/2023\/02\/munchitos-canarias.jpg 1200w\" sizes=\"(max-width: 500px) 100vw, 500px\" \/><\/p>\n<p>\u00c9galement disponible en <a href=\"https:\/\/andalubox.com\/producto-andaluz\/munchitos-patatas-sabor-ajillo\/\">saveur d&#8217;ail<\/a><\/p>","protected":false},"excerpt":{"rendered":"<p>Les Munchitos sont les chips originales des \u00eeles Canaries, fabriqu\u00e9es sans colorants ni conservateurs artificiels. Sachet de 70gr id\u00e9al pour tout encas.<\/p>\n","protected":false},"featured_media":9642,"comment_status":"closed","ping_status":"closed","template":"","meta":{"site-sidebar-layout":"default","site-content-layout":"default","ast-site-content-layout":"default","site-content-style":"default","site-sidebar-style":"default","ast-global-header-display":"","ast-banner-title-visibility":"","ast-main-header-display":"","ast-hfb-above-header-display":"","ast-hfb-below-header-display":"","ast-hfb-mobile-header-display":"","site-post-title":"","ast-breadcrumbs-content":"","ast-featured-img":"","footer-sml-layout":"","ast-disable-related-posts":"","theme-transparent-header-meta":"default","adv-header-id-meta":"","stick-header-meta":"","header-above-stick-meta":"","header-main-stick-meta":"","header-below-stick-meta":"","astra-migrate-meta-layouts":"default","ast-page-background-enabled":"default","ast-page-background-meta":{"desktop":{"background-color":"var(--ast-global-color-4)","background-image":"","background-repeat":"repeat","background-position":"center center","background-size":"auto","background-attachment":"scroll","background-type":"","background-media":"","overlay-type":"","overlay-color":"","overlay-opacity":"","overlay-gradient":""},"tablet":{"background-color":"","background-image":"","background-repeat":"repeat","background-position":"center center","background-size":"auto","background-attachment":"scroll","background-type":"","background-media":"","overlay-type":"","overlay-color":"","overlay-opacity":"","overlay-gradient":""},"mobile":{"background-color":"","background-image":"","background-repeat":"repeat","background-position":"center center","background-size":"auto","background-attachment":"scroll","background-type":"","background-media":"","overlay-type":"","overlay-color":"","overlay-opacity":"","overlay-gradient":""}},"ast-content-background-meta":{"desktop":{"background-color":"var(--ast-global-color-5)","background-image":"","background-repeat":"repeat","background-position":"center center","background-size":"auto","background-attachment":"scroll","background-type":"","background-media":"","overlay-type":"","overlay-color":"","overlay-opacity":"","overlay-gradient":""},"tablet":{"background-color":"var(--ast-global-color-5)","background-image":"","background-repeat":"repeat","background-position":"center center","background-size":"auto","background-attachment":"scroll","background-type":"","background-media":"","overlay-type":"","overlay-color":"","overlay-opacity":"","overlay-gradient":""},"mobile":{"background-color":"var(--ast-global-color-5)","background-image":"","background-repeat":"repeat","background-position":"center center","background-size":"auto","background-attachment":"scroll","background-type":"","background-media":"","overlay-type":"","overlay-color":"","overlay-opacity":"","overlay-gradient":""}}},"product_brand":[1473],"product_cat":[],"product_tag":[],"class_list":{"0":"post-9646","1":"product","2":"type-product","3":"status-publish","4":"has-post-thumbnail","6":"product_brand-aperitivos-canarios","7":"desktop-align-left","8":"tablet-align-left","9":"mobile-align-left","11":"first","12":"outofstock","13":"sale","14":"taxable","15":"shipping-taxable","16":"purchasable","17":"product-type-simple"},"_links":{"self":[{"href":"https:\/\/andalubox.com\/fr\/wp-json\/wp\/v2\/product\/9646","targetHints":{"allow":["GET"]}}],"collection":[{"href":"https:\/\/andalubox.com\/fr\/wp-json\/wp\/v2\/product"}],"about":[{"href":"https:\/\/andalubox.com\/fr\/wp-json\/wp\/v2\/types\/product"}],"replies":[{"embeddable":true,"href":"https:\/\/andalubox.com\/fr\/wp-json\/wp\/v2\/comments?post=9646"}],"wp:featuredmedia":[{"embeddable":true,"href":"https:\/\/andalubox.com\/fr\/wp-json\/wp\/v2\/media\/9642"}],"wp:attachment":[{"href":"https:\/\/andalubox.com\/fr\/wp-json\/wp\/v2\/media?parent=9646"}],"wp:term":[{"taxonomy":"product_brand","embeddable":true,"href":"https:\/\/andalubox.com\/fr\/wp-json\/wp\/v2\/product_brand?post=9646"},{"taxonomy":"product_cat","embeddable":true,"href":"https:\/\/andalubox.com\/fr\/wp-json\/wp\/v2\/product_cat?post=9646"},{"taxonomy":"product_tag","embeddable":true,"href":"https:\/\/andalubox.com\/fr\/wp-json\/wp\/v2\/product_tag?post=9646"}],"curies":[{"name":"wp","href":"https:\/\/api.w.org\/{rel}","templated":true}]}}