{"id":9611,"date":"2023-02-09T17:05:40","date_gmt":"2023-02-09T16:05:40","guid":{"rendered":"https:\/\/andalubox.com\/producto-andaluz\/frasquito-original-generoso-sevillano-50-cl\/"},"modified":"2025-06-27T10:28:58","modified_gmt":"2025-06-27T08:28:58","slug":"frasquito-original-generoso-sevillano","status":"publish","type":"product","link":"https:\/\/andalubox.com\/fr\/producto-andaluz\/frasquito-original-generoso-sevillano\/","title":{"rendered":"Frasquito Original Generoso de Lebrija, Sevilla 50cl"},"content":{"rendered":"<h2><span style=\"font-size: 12pt;\">&#8220;Le Frasquito est un vin sp\u00e9cial, dont il ne reste que tr\u00e8s peu d&#8217;exemplaires, \u00e9lev\u00e9<strong> sous un voile de fleur<\/strong> et mis en bouteille sur la vigne,<strong> sans \u00eatre filtr\u00e9<\/strong>. Il est prot\u00e9g\u00e9 par l&#8217;appellation d&#8217;origine contr\u00f4l\u00e9e <strong>Lebrija<\/strong> et vieilli selon le syst\u00e8me typique de Jerez des criaderas dans des soleras de plus de 50 ans. L&#8217;influence de l&#8217;Atlantique, sa <strong>salinit\u00e9<\/strong> due aux vents qui soufflent dans le vignoble et ses caract\u00e9ristiques particuli\u00e8res en font <strong>un vin unique<\/strong>&#8220;. <\/span><\/h2>\n<h2><span style=\"font-size: 12pt;\">Note de d\u00e9gustation<\/span><\/h2>\n<p><span style=\"font-size: 12pt;\">Phase visuelle : couleur vieil or avec des reflets dor\u00e9s. D\u00e9chirure dense.<\/span><br><span style=\"font-size: 12pt;\">Phase olfactive : puissante, avec des ar\u00f4mes de levures, d&#8217;\u00e9pines et de sel.<\/span><br><span style=\"font-size: 12pt;\">Phase de d\u00e9gustation : exquis et complexe avec de l\u00e9g\u00e8res touches am\u00e8res et salines.<\/span><\/p>\n<h2><span style=\"font-size: 12pt;\">Dipl\u00f4me : <\/span><span style=\"font-size: 12pt;\">5\u00ba<\/span><\/h2>\n<h2><span style=\"font-size: 12pt;\">Vari\u00e9t\u00e9 : 1<\/span><span style=\"font-size: 12pt;\">00% Palomino.<\/span><\/h2>\n<h2><span style=\"font-size: 12pt;\">Cat\u00e9gorie : <\/span><span style=\"font-size: 12pt;\">Generoso Flor de Lebrija.<\/span><\/h2>","protected":false},"excerpt":{"rendered":"<p>Frasquito Original, au nom tr\u00e8s Lebrijan, est un vin dont il reste peu d&#8217;exemplaires, ses soleras proviennent de la famille Caro Salguero et ont \u00e9t\u00e9 acquis par notre cave en 2000. Avec Frasquito, nous avons essay\u00e9 de faire en sorte que l&#8217;exp\u00e9rience de sa d\u00e9gustation soit la m\u00eame que celle de prendre le verre directement dans un de ses vieux f\u00fbts et de le boire tel qu&#8217;il est, sans aucun traitement pour diminuer ses grandes qualit\u00e9s, un vin \u00e0 ne pas manquer.<\/p>\n","protected":false},"featured_media":9608,"template":"","meta":{"site-sidebar-layout":"default","site-content-layout":"default","ast-site-content-layout":"default","site-content-style":"default","site-sidebar-style":"default","ast-global-header-display":"","ast-banner-title-visibility":"","ast-main-header-display":"","ast-hfb-above-header-display":"","ast-hfb-below-header-display":"","ast-hfb-mobile-header-display":"","site-post-title":"","ast-breadcrumbs-content":"","ast-featured-img":"","footer-sml-layout":"","ast-disable-related-posts":"","theme-transparent-header-meta":"default","adv-header-id-meta":"","stick-header-meta":"","header-above-stick-meta":"","header-main-stick-meta":"","header-below-stick-meta":"","astra-migrate-meta-layouts":"default","ast-page-background-enabled":"default","ast-page-background-meta":{"desktop":{"background-color":"var(--ast-global-color-4)","background-image":"","background-repeat":"repeat","background-position":"center center","background-size":"auto","background-attachment":"scroll","background-type":"","background-media":"","overlay-type":"","overlay-color":"","overlay-opacity":"","overlay-gradient":""},"tablet":{"background-color":"","background-image":"","background-repeat":"repeat","background-position":"center center","background-size":"auto","background-attachment":"scroll","background-type":"","background-media":"","overlay-type":"","overlay-color":"","overlay-opacity":"","overlay-gradient":""},"mobile":{"background-color":"","background-image":"","background-repeat":"repeat","background-position":"center center","background-size":"auto","background-attachment":"scroll","background-type":"","background-media":"","overlay-type":"","overlay-color":"","overlay-opacity":"","overlay-gradient":""}},"ast-content-background-meta":{"desktop":{"background-color":"var(--ast-global-color-5)","background-image":"","background-repeat":"repeat","background-position":"center center","background-size":"auto","background-attachment":"scroll","background-type":"","background-media":"","overlay-type":"","overlay-color":"","overlay-opacity":"","overlay-gradient":""},"tablet":{"background-color":"var(--ast-global-color-5)","background-image":"","background-repeat":"repeat","background-position":"center center","background-size":"auto","background-attachment":"scroll","background-type":"","background-media":"","overlay-type":"","overlay-color":"","overlay-opacity":"","overlay-gradient":""},"mobile":{"background-color":"var(--ast-global-color-5)","background-image":"","background-repeat":"repeat","background-position":"center center","background-size":"auto","background-attachment":"scroll","background-type":"","background-media":"","overlay-type":"","overlay-color":"","overlay-opacity":"","overlay-gradient":""}}},"product_brand":[1471],"product_cat":[292],"product_tag":[108],"class_list":{"0":"post-9611","1":"product","2":"type-product","3":"status-publish","4":"has-post-thumbnail","6":"product_brand-bodegas-gonzalez-palacios","7":"product_cat-vin-blanc","8":"product_tag-seville","9":"desktop-align-left","10":"tablet-align-left","11":"mobile-align-left","13":"first","14":"instock","15":"taxable","16":"shipping-taxable","17":"purchasable","18":"product-type-simple"},"_links":{"self":[{"href":"https:\/\/andalubox.com\/fr\/wp-json\/wp\/v2\/product\/9611","targetHints":{"allow":["GET"]}}],"collection":[{"href":"https:\/\/andalubox.com\/fr\/wp-json\/wp\/v2\/product"}],"about":[{"href":"https:\/\/andalubox.com\/fr\/wp-json\/wp\/v2\/types\/product"}],"wp:featuredmedia":[{"embeddable":true,"href":"https:\/\/andalubox.com\/fr\/wp-json\/wp\/v2\/media\/9608"}],"wp:attachment":[{"href":"https:\/\/andalubox.com\/fr\/wp-json\/wp\/v2\/media?parent=9611"}],"wp:term":[{"taxonomy":"product_brand","embeddable":true,"href":"https:\/\/andalubox.com\/fr\/wp-json\/wp\/v2\/product_brand?post=9611"},{"taxonomy":"product_cat","embeddable":true,"href":"https:\/\/andalubox.com\/fr\/wp-json\/wp\/v2\/product_cat?post=9611"},{"taxonomy":"product_tag","embeddable":true,"href":"https:\/\/andalubox.com\/fr\/wp-json\/wp\/v2\/product_tag?post=9611"}],"curies":[{"name":"wp","href":"https:\/\/api.w.org\/{rel}","templated":true}]}}