{"id":9569,"date":"2023-02-09T16:13:55","date_gmt":"2023-02-09T15:13:55","guid":{"rendered":"https:\/\/andalubox.com\/producto-andaluz\/overo-tinto-crianza-sevilla-75-cl\/"},"modified":"2025-06-22T12:54:49","modified_gmt":"2025-06-22T10:54:49","slug":"overo-tinto-crianza-sevilla","status":"publish","type":"product","link":"https:\/\/andalubox.com\/fr\/producto-andaluz\/overo-tinto-crianza-sevilla\/","title":{"rendered":"Overo Seville Crianza Red Wine 75cl"},"content":{"rendered":"<h2>Note de d\u00e9gustation<\/h2>\n<p><b>Phase visuelle :<\/b> couleur rubis brillante avec un bord fonc\u00e9 et des tons cerise, bonne densit\u00e9.<br><b>Nez :<\/b> ar\u00f4mes doux de fruits rouges ou sauvages, m\u00fbre et framboise, vanille et poivre en arri\u00e8re-plan, vin tr\u00e8s aromatique, doux et \u00e9quilibr\u00e9 avec des notes de fruits m\u00fbrs.<br><b>Phase de d\u00e9gustation :<\/b> entr\u00e9e fra\u00eeche et agile. Tannins doux et ronds. Des ar\u00f4mes de caf\u00e9 et de chocolat noir torr\u00e9fi\u00e9 apparaissent. Finale l\u00e9g\u00e8rement am\u00e8re et saline avec une grande persistance.<\/p>\n<h2>Remise des dipl\u00f4mes<\/h2>\n<p>14\u00ba<\/p>\n<h2>Vari\u00e9t\u00e9<\/h2>\n<p>50% Tempranillo, 50% Syrah<\/p>\n<h2>Cat\u00e9gorie<\/h2>\n<p>Vin rouge Crianza<\/p>","protected":false},"excerpt":{"rendered":"<p>Overo, son nom vient du nom du domaine o\u00f9 se trouvent nos vignobles, sa situation g\u00e9ographique le place dans une enclave unique, sur une colline en face des marais du Guadalquivir et sans accidents g\u00e9ographiques avec la mer, fait que les vents de l&#8217;Atlantique impr\u00e8gnent de son iode tous nos vignobles qui plus tard se transmettront \u00e0 nos vins, leur apportant cette salinit\u00e9 qui les rend si sp\u00e9ciaux et uniques.<\/p>\n","protected":false},"featured_media":12383,"comment_status":"closed","ping_status":"closed","template":"","meta":{"site-sidebar-layout":"default","site-content-layout":"default","ast-site-content-layout":"default","site-content-style":"default","site-sidebar-style":"default","ast-global-header-display":"","ast-banner-title-visibility":"","ast-main-header-display":"","ast-hfb-above-header-display":"","ast-hfb-below-header-display":"","ast-hfb-mobile-header-display":"","site-post-title":"","ast-breadcrumbs-content":"","ast-featured-img":"","footer-sml-layout":"","ast-disable-related-posts":"","theme-transparent-header-meta":"default","adv-header-id-meta":"","stick-header-meta":"","header-above-stick-meta":"","header-main-stick-meta":"","header-below-stick-meta":"","astra-migrate-meta-layouts":"default","ast-page-background-enabled":"default","ast-page-background-meta":{"desktop":{"background-color":"var(--ast-global-color-4)","background-image":"","background-repeat":"repeat","background-position":"center center","background-size":"auto","background-attachment":"scroll","background-type":"","background-media":"","overlay-type":"","overlay-color":"","overlay-opacity":"","overlay-gradient":""},"tablet":{"background-color":"","background-image":"","background-repeat":"repeat","background-position":"center center","background-size":"auto","background-attachment":"scroll","background-type":"","background-media":"","overlay-type":"","overlay-color":"","overlay-opacity":"","overlay-gradient":""},"mobile":{"background-color":"","background-image":"","background-repeat":"repeat","background-position":"center center","background-size":"auto","background-attachment":"scroll","background-type":"","background-media":"","overlay-type":"","overlay-color":"","overlay-opacity":"","overlay-gradient":""}},"ast-content-background-meta":{"desktop":{"background-color":"var(--ast-global-color-5)","background-image":"","background-repeat":"repeat","background-position":"center center","background-size":"auto","background-attachment":"scroll","background-type":"","background-media":"","overlay-type":"","overlay-color":"","overlay-opacity":"","overlay-gradient":""},"tablet":{"background-color":"var(--ast-global-color-5)","background-image":"","background-repeat":"repeat","background-position":"center center","background-size":"auto","background-attachment":"scroll","background-type":"","background-media":"","overlay-type":"","overlay-color":"","overlay-opacity":"","overlay-gradient":""},"mobile":{"background-color":"var(--ast-global-color-5)","background-image":"","background-repeat":"repeat","background-position":"center center","background-size":"auto","background-attachment":"scroll","background-type":"","background-media":"","overlay-type":"","overlay-color":"","overlay-opacity":"","overlay-gradient":""}}},"product_brand":[1470],"product_cat":[294],"product_tag":[],"class_list":{"0":"post-9569","1":"product","2":"type-product","3":"status-publish","4":"has-post-thumbnail","6":"product_brand-bodega-overo","7":"product_cat-vin-rouge","8":"desktop-align-left","9":"tablet-align-left","10":"mobile-align-left","12":"first","13":"instock","14":"taxable","15":"shipping-taxable","16":"purchasable","17":"product-type-simple"},"_links":{"self":[{"href":"https:\/\/andalubox.com\/fr\/wp-json\/wp\/v2\/product\/9569","targetHints":{"allow":["GET"]}}],"collection":[{"href":"https:\/\/andalubox.com\/fr\/wp-json\/wp\/v2\/product"}],"about":[{"href":"https:\/\/andalubox.com\/fr\/wp-json\/wp\/v2\/types\/product"}],"replies":[{"embeddable":true,"href":"https:\/\/andalubox.com\/fr\/wp-json\/wp\/v2\/comments?post=9569"}],"wp:featuredmedia":[{"embeddable":true,"href":"https:\/\/andalubox.com\/fr\/wp-json\/wp\/v2\/media\/12383"}],"wp:attachment":[{"href":"https:\/\/andalubox.com\/fr\/wp-json\/wp\/v2\/media?parent=9569"}],"wp:term":[{"taxonomy":"product_brand","embeddable":true,"href":"https:\/\/andalubox.com\/fr\/wp-json\/wp\/v2\/product_brand?post=9569"},{"taxonomy":"product_cat","embeddable":true,"href":"https:\/\/andalubox.com\/fr\/wp-json\/wp\/v2\/product_cat?post=9569"},{"taxonomy":"product_tag","embeddable":true,"href":"https:\/\/andalubox.com\/fr\/wp-json\/wp\/v2\/product_tag?post=9569"}],"curies":[{"name":"wp","href":"https:\/\/api.w.org\/{rel}","templated":true}]}}