{"id":9550,"date":"2023-02-08T16:44:11","date_gmt":"2023-02-08T15:44:11","guid":{"rendered":"https:\/\/andalubox.com\/producto-andaluz\/pate-de-goyave-el-quijote-400g\/"},"modified":"2025-06-13T23:16:10","modified_gmt":"2025-06-13T21:16:10","slug":"el-quijote-pasta-de-guayaba","status":"publish","type":"product","link":"https:\/\/andalubox.com\/fr\/producto-andaluz\/pate-de-goyave-el-quijote-400g\/","title":{"rendered":"P\u00e2te de goyave El Quijote, 400g"},"content":{"rendered":"<p>Sans gluten &#8211; Convient \u00e0 un r\u00e9gime sans gluten, sans lactose, sans OGM<br>, c\u0153liaque &#8211; Peut \u00eatre consomm\u00e9 sans risque par une personne atteinte de la maladie c\u0153liaque<br>, v\u00e9g\u00e9talien &#8211; Ne contient pas de produits laitiers ni d&#8217;ingr\u00e9dients d&#8217;origine animale, V\u00e9g\u00e9tarien &#8211; Indique un produit<br>qui ne contient pas de viande ou d&#8217;autres produits d&#8217;origine animale mais, selon les r\u00e9glementations locales,<br>peut \u00e9galement contenir du lait, des \u0153ufs, des produits de la ruche (et dans certains march\u00e9s \u00e9galement du poisson) et leurs sous-produits, pas de<br>b\u0153uf ou de sous-produits de b\u0153uf, pas de porc.<\/p>","protected":false},"excerpt":{"rendered":"<p>Produit \u00e0 base de goyave. Avec le go\u00fbt caract\u00e9ristique de ce fruit exotique.<\/p>\n","protected":false},"featured_media":9554,"comment_status":"closed","ping_status":"closed","template":"","meta":{"site-sidebar-layout":"default","site-content-layout":"default","ast-site-content-layout":"default","site-content-style":"default","site-sidebar-style":"default","ast-global-header-display":"","ast-banner-title-visibility":"","ast-main-header-display":"","ast-hfb-above-header-display":"","ast-hfb-below-header-display":"","ast-hfb-mobile-header-display":"","site-post-title":"","ast-breadcrumbs-content":"","ast-featured-img":"","footer-sml-layout":"","ast-disable-related-posts":"","theme-transparent-header-meta":"default","adv-header-id-meta":"","stick-header-meta":"","header-above-stick-meta":"","header-main-stick-meta":"","header-below-stick-meta":"","astra-migrate-meta-layouts":"default","ast-page-background-enabled":"default","ast-page-background-meta":{"desktop":{"background-color":"var(--ast-global-color-4)","background-image":"","background-repeat":"repeat","background-position":"center center","background-size":"auto","background-attachment":"scroll","background-type":"","background-media":"","overlay-type":"","overlay-color":"","overlay-opacity":"","overlay-gradient":""},"tablet":{"background-color":"","background-image":"","background-repeat":"repeat","background-position":"center center","background-size":"auto","background-attachment":"scroll","background-type":"","background-media":"","overlay-type":"","overlay-color":"","overlay-opacity":"","overlay-gradient":""},"mobile":{"background-color":"","background-image":"","background-repeat":"repeat","background-position":"center center","background-size":"auto","background-attachment":"scroll","background-type":"","background-media":"","overlay-type":"","overlay-color":"","overlay-opacity":"","overlay-gradient":""}},"ast-content-background-meta":{"desktop":{"background-color":"var(--ast-global-color-5)","background-image":"","background-repeat":"repeat","background-position":"center center","background-size":"auto","background-attachment":"scroll","background-type":"","background-media":"","overlay-type":"","overlay-color":"","overlay-opacity":"","overlay-gradient":""},"tablet":{"background-color":"var(--ast-global-color-5)","background-image":"","background-repeat":"repeat","background-position":"center center","background-size":"auto","background-attachment":"scroll","background-type":"","background-media":"","overlay-type":"","overlay-color":"","overlay-opacity":"","overlay-gradient":""},"mobile":{"background-color":"var(--ast-global-color-5)","background-image":"","background-repeat":"repeat","background-position":"center center","background-size":"auto","background-attachment":"scroll","background-type":"","background-media":"","overlay-type":"","overlay-color":"","overlay-opacity":"","overlay-gradient":""}}},"product_brand":[1187],"product_cat":[1517,15],"product_tag":[104],"class_list":{"0":"post-9550","1":"product","2":"type-product","3":"status-publish","4":"has-post-thumbnail","6":"product_brand-el-quijote","7":"product_cat-reposteria-y-dulces-tradicionales","8":"product_cat-sin-categorizar","9":"product_tag-cordoue","10":"desktop-align-left","11":"tablet-align-left","12":"mobile-align-left","14":"first","15":"instock","16":"taxable","17":"shipping-taxable","18":"purchasable","19":"product-type-simple"},"_links":{"self":[{"href":"https:\/\/andalubox.com\/fr\/wp-json\/wp\/v2\/product\/9550","targetHints":{"allow":["GET"]}}],"collection":[{"href":"https:\/\/andalubox.com\/fr\/wp-json\/wp\/v2\/product"}],"about":[{"href":"https:\/\/andalubox.com\/fr\/wp-json\/wp\/v2\/types\/product"}],"replies":[{"embeddable":true,"href":"https:\/\/andalubox.com\/fr\/wp-json\/wp\/v2\/comments?post=9550"}],"wp:featuredmedia":[{"embeddable":true,"href":"https:\/\/andalubox.com\/fr\/wp-json\/wp\/v2\/media\/9554"}],"wp:attachment":[{"href":"https:\/\/andalubox.com\/fr\/wp-json\/wp\/v2\/media?parent=9550"}],"wp:term":[{"taxonomy":"product_brand","embeddable":true,"href":"https:\/\/andalubox.com\/fr\/wp-json\/wp\/v2\/product_brand?post=9550"},{"taxonomy":"product_cat","embeddable":true,"href":"https:\/\/andalubox.com\/fr\/wp-json\/wp\/v2\/product_cat?post=9550"},{"taxonomy":"product_tag","embeddable":true,"href":"https:\/\/andalubox.com\/fr\/wp-json\/wp\/v2\/product_tag?post=9550"}],"curies":[{"name":"wp","href":"https:\/\/api.w.org\/{rel}","templated":true}]}}