{"id":9183,"date":"2023-03-18T21:04:39","date_gmt":"2023-03-18T20:04:39","guid":{"rendered":"https:\/\/andalubox.com\/producto-andaluz\/mantecado-de-viena-de-alcala-de-guadira-9-pcs\/"},"modified":"2023-11-14T11:22:26","modified_gmt":"2023-11-14T10:22:26","slug":"mantecados-viena-hermanas-portillo","status":"publish","type":"product","link":"https:\/\/andalubox.com\/fr\/producto-andaluz\/mantecados-viena-hermanas-portillo\/","title":{"rendered":"Mantecado de Viena Hermanas Portillo de Alcal\u00e1 de Guada\u00edra, 9 unit\u00e9s"},"content":{"rendered":"Andalubox vous recommande cette harmonie d&#8217;amandes et de noisettes grill\u00e9es au four et patiemment m\u00e9lang\u00e9es \u00e0 la farine et au beurre par des mains expertes, le tout napp\u00e9 de sucre glace.\n\nTradition boulang\u00e8re et p\u00e2tissi\u00e8re \u00e0 Alcal\u00e1 de Guada\u00edra (S\u00e9ville).\n\nAndalubox s&#8217;engage en faveur des mantecados andalous.","protected":false},"excerpt":{"rendered":"<div class=\"x11i5rnm xat24cr x1mh8g0r x1vvkbs xdj266r x126k92a\">\n<div dir=\"auto\">Ces <strong>mantecados de Viena<\/strong> sont fabriqu\u00e9s \u00e0 la main par la confiserie <strong>Hermanas Portillo<\/strong>. Avec plus de 50 ans de tradition, le<span style=\"font-size: 16px\"> savoir-faire et les recettes traditionnelles transmises de p\u00e8re en fille<\/span> sont \u00e9vidents dans la<span style=\"font-size: 16px\"> pr\u00e9paration de la confiserie traditionnelle d&#8217;Alcal\u00e1 de Guada\u00edra, \u00e0 S\u00e9ville, qui a sa propre identit\u00e9<\/span>.<\/div>\n<div dir=\"auto\">Profitez de la qualit\u00e9 et pariez ce No\u00ebl sur les produits typiques fabriqu\u00e9s \u00e0 la main en Andalousie.<\/div>\n<\/div>\n","protected":false},"featured_media":9210,"comment_status":"closed","ping_status":"closed","template":"","meta":{"site-sidebar-layout":"default","site-content-layout":"default","ast-site-content-layout":"default","site-content-style":"default","site-sidebar-style":"default","ast-global-header-display":"","ast-banner-title-visibility":"","ast-main-header-display":"","ast-hfb-above-header-display":"","ast-hfb-below-header-display":"","ast-hfb-mobile-header-display":"","site-post-title":"","ast-breadcrumbs-content":"","ast-featured-img":"","footer-sml-layout":"","ast-disable-related-posts":"","theme-transparent-header-meta":"default","adv-header-id-meta":"","stick-header-meta":"","header-above-stick-meta":"","header-main-stick-meta":"","header-below-stick-meta":"","astra-migrate-meta-layouts":"default","ast-page-background-enabled":"default","ast-page-background-meta":{"desktop":{"background-color":"var(--ast-global-color-4)","background-image":"","background-repeat":"repeat","background-position":"center center","background-size":"auto","background-attachment":"scroll","background-type":"","background-media":"","overlay-type":"","overlay-color":"","overlay-opacity":"","overlay-gradient":""},"tablet":{"background-color":"","background-image":"","background-repeat":"repeat","background-position":"center center","background-size":"auto","background-attachment":"scroll","background-type":"","background-media":"","overlay-type":"","overlay-color":"","overlay-opacity":"","overlay-gradient":""},"mobile":{"background-color":"","background-image":"","background-repeat":"repeat","background-position":"center center","background-size":"auto","background-attachment":"scroll","background-type":"","background-media":"","overlay-type":"","overlay-color":"","overlay-opacity":"","overlay-gradient":""}},"ast-content-background-meta":{"desktop":{"background-color":"var(--ast-global-color-5)","background-image":"","background-repeat":"repeat","background-position":"center center","background-size":"auto","background-attachment":"scroll","background-type":"","background-media":"","overlay-type":"","overlay-color":"","overlay-opacity":"","overlay-gradient":""},"tablet":{"background-color":"var(--ast-global-color-5)","background-image":"","background-repeat":"repeat","background-position":"center center","background-size":"auto","background-attachment":"scroll","background-type":"","background-media":"","overlay-type":"","overlay-color":"","overlay-opacity":"","overlay-gradient":""},"mobile":{"background-color":"var(--ast-global-color-5)","background-image":"","background-repeat":"repeat","background-position":"center center","background-size":"auto","background-attachment":"scroll","background-type":"","background-media":"","overlay-type":"","overlay-color":"","overlay-opacity":"","overlay-gradient":""}}},"product_brand":[1445],"product_cat":[],"product_tag":[],"class_list":{"0":"post-9183","1":"product","2":"type-product","3":"status-publish","4":"has-post-thumbnail","6":"product_brand-hermanas-portillo","7":"desktop-align-left","8":"tablet-align-left","9":"mobile-align-left","11":"first","12":"instock","13":"taxable","14":"shipping-taxable","15":"purchasable","16":"product-type-simple"},"_links":{"self":[{"href":"https:\/\/andalubox.com\/fr\/wp-json\/wp\/v2\/product\/9183","targetHints":{"allow":["GET"]}}],"collection":[{"href":"https:\/\/andalubox.com\/fr\/wp-json\/wp\/v2\/product"}],"about":[{"href":"https:\/\/andalubox.com\/fr\/wp-json\/wp\/v2\/types\/product"}],"replies":[{"embeddable":true,"href":"https:\/\/andalubox.com\/fr\/wp-json\/wp\/v2\/comments?post=9183"}],"wp:featuredmedia":[{"embeddable":true,"href":"https:\/\/andalubox.com\/fr\/wp-json\/wp\/v2\/media\/9210"}],"wp:attachment":[{"href":"https:\/\/andalubox.com\/fr\/wp-json\/wp\/v2\/media?parent=9183"}],"wp:term":[{"taxonomy":"product_brand","embeddable":true,"href":"https:\/\/andalubox.com\/fr\/wp-json\/wp\/v2\/product_brand?post=9183"},{"taxonomy":"product_cat","embeddable":true,"href":"https:\/\/andalubox.com\/fr\/wp-json\/wp\/v2\/product_cat?post=9183"},{"taxonomy":"product_tag","embeddable":true,"href":"https:\/\/andalubox.com\/fr\/wp-json\/wp\/v2\/product_tag?post=9183"}],"curies":[{"name":"wp","href":"https:\/\/api.w.org\/{rel}","templated":true}]}}