{"id":8824,"date":"2023-03-18T15:58:25","date_gmt":"2023-03-18T14:58:25","guid":{"rendered":"https:\/\/andalubox.com\/producto-andaluz\/maltesers-teasers-tartinable-200gr\/"},"modified":"2025-06-20T09:39:07","modified_gmt":"2025-06-20T07:39:07","slug":"maltesers-teasers-spreadable-200g","status":"publish","type":"product","link":"https:\/\/andalubox.com\/fr\/producto-andaluz\/maltesers-teasers-untable-200gr-2\/","title":{"rendered":"Cr\u00e8me \u00e0 tartiner Maltesers Teasers, 200g"},"content":{"rendered":"<h2>Ingr\u00e9dients<\/h2>\n<p>Sucre, huiles v\u00e9g\u00e9tales (colza, palme), morceaux croquants de nids d&#8217;abeilles (9%) (sirop de glucose, extrait de malt d&#8217;orge, poudre de lait \u00e9cr\u00e9m\u00e9, graisse de palme, farine de bl\u00e9, sucre, agents levants (E341, E500, E501), gluten de bl\u00e9, babeurre en poudre (lait), sel), poudre de lait \u00e9cr\u00e9m\u00e9, poudre de cacao (cacao), Agents de levage (E341, E500, E501), gluten de bl\u00e9, babeurre en poudre (lait), sel), lait \u00e9cr\u00e9m\u00e9 en poudre, poudre de cacao non grasse (5,4%), lactose, babeurre sucr\u00e9 en poudre (lait), \u00e9mulsifiant : L\u00e9cithines, ar\u00f4me naturel de vanille.<\/p>","protected":false},"excerpt":{"rendered":"<p><span>Cr\u00e8me \u00e0 tartiner Maltesers avec morceaux croquants<\/span><\/p>\n<p><span>Onctueuse et cr\u00e9meuse avec un go\u00fbt d\u00e9licieux, vous pouvez la tartiner sur des biscuits, des brownies, des toasts, des sandwichs, des g\u00e2teaux, des muffins&#8230; ou la chauffer au micro-ondes pour en faire une sauce chocolat\u00e9e chaude pour la cr\u00e8me glac\u00e9e, les fruits frais, les g\u00e2teaux, les tartes, les puddings&#8230; .<\/span><\/p>\n","protected":false},"featured_media":8780,"comment_status":"closed","ping_status":"closed","template":"","meta":{"site-sidebar-layout":"default","site-content-layout":"default","ast-site-content-layout":"default","site-content-style":"default","site-sidebar-style":"default","ast-global-header-display":"","ast-banner-title-visibility":"","ast-main-header-display":"","ast-hfb-above-header-display":"","ast-hfb-below-header-display":"","ast-hfb-mobile-header-display":"","site-post-title":"","ast-breadcrumbs-content":"","ast-featured-img":"","footer-sml-layout":"","ast-disable-related-posts":"","theme-transparent-header-meta":"default","adv-header-id-meta":"","stick-header-meta":"","header-above-stick-meta":"","header-main-stick-meta":"","header-below-stick-meta":"","astra-migrate-meta-layouts":"default","ast-page-background-enabled":"default","ast-page-background-meta":{"desktop":{"background-color":"var(--ast-global-color-4)","background-image":"","background-repeat":"repeat","background-position":"center center","background-size":"auto","background-attachment":"scroll","background-type":"","background-media":"","overlay-type":"","overlay-color":"","overlay-opacity":"","overlay-gradient":""},"tablet":{"background-color":"","background-image":"","background-repeat":"repeat","background-position":"center center","background-size":"auto","background-attachment":"scroll","background-type":"","background-media":"","overlay-type":"","overlay-color":"","overlay-opacity":"","overlay-gradient":""},"mobile":{"background-color":"","background-image":"","background-repeat":"repeat","background-position":"center center","background-size":"auto","background-attachment":"scroll","background-type":"","background-media":"","overlay-type":"","overlay-color":"","overlay-opacity":"","overlay-gradient":""}},"ast-content-background-meta":{"desktop":{"background-color":"var(--ast-global-color-5)","background-image":"","background-repeat":"repeat","background-position":"center center","background-size":"auto","background-attachment":"scroll","background-type":"","background-media":"","overlay-type":"","overlay-color":"","overlay-opacity":"","overlay-gradient":""},"tablet":{"background-color":"var(--ast-global-color-5)","background-image":"","background-repeat":"repeat","background-position":"center center","background-size":"auto","background-attachment":"scroll","background-type":"","background-media":"","overlay-type":"","overlay-color":"","overlay-opacity":"","overlay-gradient":""},"mobile":{"background-color":"var(--ast-global-color-5)","background-image":"","background-repeat":"repeat","background-position":"center center","background-size":"auto","background-attachment":"scroll","background-type":"","background-media":"","overlay-type":"","overlay-color":"","overlay-opacity":"","overlay-gradient":""}}},"product_brand":[1444],"product_cat":[371],"product_tag":[372],"class_list":{"0":"post-8824","1":"product","2":"type-product","3":"status-publish","4":"has-post-thumbnail","6":"product_brand-mars","7":"product_cat-chocolat","8":"product_tag-international-fr","9":"desktop-align-left","10":"tablet-align-left","11":"mobile-align-left","13":"first","14":"outofstock","15":"taxable","16":"shipping-taxable","17":"purchasable","18":"product-type-simple"},"_links":{"self":[{"href":"https:\/\/andalubox.com\/fr\/wp-json\/wp\/v2\/product\/8824","targetHints":{"allow":["GET"]}}],"collection":[{"href":"https:\/\/andalubox.com\/fr\/wp-json\/wp\/v2\/product"}],"about":[{"href":"https:\/\/andalubox.com\/fr\/wp-json\/wp\/v2\/types\/product"}],"replies":[{"embeddable":true,"href":"https:\/\/andalubox.com\/fr\/wp-json\/wp\/v2\/comments?post=8824"}],"wp:featuredmedia":[{"embeddable":true,"href":"https:\/\/andalubox.com\/fr\/wp-json\/wp\/v2\/media\/8780"}],"wp:attachment":[{"href":"https:\/\/andalubox.com\/fr\/wp-json\/wp\/v2\/media?parent=8824"}],"wp:term":[{"taxonomy":"product_brand","embeddable":true,"href":"https:\/\/andalubox.com\/fr\/wp-json\/wp\/v2\/product_brand?post=8824"},{"taxonomy":"product_cat","embeddable":true,"href":"https:\/\/andalubox.com\/fr\/wp-json\/wp\/v2\/product_cat?post=8824"},{"taxonomy":"product_tag","embeddable":true,"href":"https:\/\/andalubox.com\/fr\/wp-json\/wp\/v2\/product_tag?post=8824"}],"curies":[{"name":"wp","href":"https:\/\/api.w.org\/{rel}","templated":true}]}}