{"id":8803,"date":"2022-11-10T15:57:44","date_gmt":"2022-11-10T14:57:44","guid":{"rendered":"https:\/\/andalubox.com\/producto-andaluz\/barre-de-chocolat-mms-fourree-de-dragees-croustillantes-aux-cereales-165g\/"},"modified":"2025-06-20T09:38:47","modified_gmt":"2025-06-20T07:38:47","slug":"mms-chocolat-chocolat-chocolat-fourre-cereales-crunchy-graham-crunchy-cake-165gr","status":"publish","type":"product","link":"https:\/\/andalubox.com\/fr\/producto-andaluz\/mms-chocolat-chocolat-chocolat-fourre-cereales-crunchy-graham-crunchy-cake-165gr\/","title":{"rendered":"M&amp;M&#8217;s Crispy (barre chocolat\u00e9e fourr\u00e9e de c\u00e9r\u00e9ales croquantes), 150g"},"content":{"rendered":"<h2>Ingr\u00e9dients<\/h2>\n<p>Sucre, beurre de cacao, poudre de lait \u00e9cr\u00e9m\u00e9, p\u00e2te de cacao, mati\u00e8re grasse (du lait), lactose, perm\u00e9at de lactos\u00e9rum (du lait), farine de riz, poudre de lait entier, farine de bl\u00e9 entier, \u00e9mulsifiant (l\u00e9cithine de soja, E471), farine de bl\u00e9 malt\u00e9, amidon, lactos\u00e9rum en poudre (de lait), graisse de palme, beurre de karit\u00e9, sirop de glucose, sel, huile de colza, stabilisateur (gomme arabique), colorant*, dextrine, agent d&#8217;enrobage (cire de carnauba), extrait de vanille, graisse de palmiste, ar\u00f4me. (Peut contenir des cacahu\u00e8tes, des noisettes, des amandes). * E100, E133, E160a, E162, E170, E172. Cacao 25% minimum<\/p>","protected":false},"excerpt":{"rendered":"<p>Chocolat au lait croustillant fourr\u00e9 aux dagrees de c\u00e9r\u00e9ales Tablette croustillante 150 g<\/p>\n<p>Chocolat au lait avec des M&amp;M&#8217;s minis (11%) (chocolat au lait dans une coque de sucre color\u00e9) et riz croustillant (4%).<\/p>\n","protected":false},"featured_media":8728,"comment_status":"closed","ping_status":"closed","template":"","meta":{"site-sidebar-layout":"default","site-content-layout":"default","ast-site-content-layout":"default","site-content-style":"default","site-sidebar-style":"default","ast-global-header-display":"","ast-banner-title-visibility":"","ast-main-header-display":"","ast-hfb-above-header-display":"","ast-hfb-below-header-display":"","ast-hfb-mobile-header-display":"","site-post-title":"","ast-breadcrumbs-content":"","ast-featured-img":"","footer-sml-layout":"","ast-disable-related-posts":"","theme-transparent-header-meta":"default","adv-header-id-meta":"","stick-header-meta":"","header-above-stick-meta":"","header-main-stick-meta":"","header-below-stick-meta":"","astra-migrate-meta-layouts":"default","ast-page-background-enabled":"default","ast-page-background-meta":{"desktop":{"background-color":"var(--ast-global-color-4)","background-image":"","background-repeat":"repeat","background-position":"center center","background-size":"auto","background-attachment":"scroll","background-type":"","background-media":"","overlay-type":"","overlay-color":"","overlay-opacity":"","overlay-gradient":""},"tablet":{"background-color":"","background-image":"","background-repeat":"repeat","background-position":"center center","background-size":"auto","background-attachment":"scroll","background-type":"","background-media":"","overlay-type":"","overlay-color":"","overlay-opacity":"","overlay-gradient":""},"mobile":{"background-color":"","background-image":"","background-repeat":"repeat","background-position":"center center","background-size":"auto","background-attachment":"scroll","background-type":"","background-media":"","overlay-type":"","overlay-color":"","overlay-opacity":"","overlay-gradient":""}},"ast-content-background-meta":{"desktop":{"background-color":"var(--ast-global-color-5)","background-image":"","background-repeat":"repeat","background-position":"center center","background-size":"auto","background-attachment":"scroll","background-type":"","background-media":"","overlay-type":"","overlay-color":"","overlay-opacity":"","overlay-gradient":""},"tablet":{"background-color":"var(--ast-global-color-5)","background-image":"","background-repeat":"repeat","background-position":"center center","background-size":"auto","background-attachment":"scroll","background-type":"","background-media":"","overlay-type":"","overlay-color":"","overlay-opacity":"","overlay-gradient":""},"mobile":{"background-color":"var(--ast-global-color-5)","background-image":"","background-repeat":"repeat","background-position":"center center","background-size":"auto","background-attachment":"scroll","background-type":"","background-media":"","overlay-type":"","overlay-color":"","overlay-opacity":"","overlay-gradient":""}}},"product_brand":[1444],"product_cat":[371],"product_tag":[],"class_list":{"0":"post-8803","1":"product","2":"type-product","3":"status-publish","4":"has-post-thumbnail","6":"product_brand-mars","7":"product_cat-chocolat","8":"desktop-align-left","9":"tablet-align-left","10":"mobile-align-left","12":"first","13":"outofstock","14":"taxable","15":"shipping-taxable","16":"purchasable","17":"product-type-simple"},"_links":{"self":[{"href":"https:\/\/andalubox.com\/fr\/wp-json\/wp\/v2\/product\/8803","targetHints":{"allow":["GET"]}}],"collection":[{"href":"https:\/\/andalubox.com\/fr\/wp-json\/wp\/v2\/product"}],"about":[{"href":"https:\/\/andalubox.com\/fr\/wp-json\/wp\/v2\/types\/product"}],"replies":[{"embeddable":true,"href":"https:\/\/andalubox.com\/fr\/wp-json\/wp\/v2\/comments?post=8803"}],"wp:featuredmedia":[{"embeddable":true,"href":"https:\/\/andalubox.com\/fr\/wp-json\/wp\/v2\/media\/8728"}],"wp:attachment":[{"href":"https:\/\/andalubox.com\/fr\/wp-json\/wp\/v2\/media?parent=8803"}],"wp:term":[{"taxonomy":"product_brand","embeddable":true,"href":"https:\/\/andalubox.com\/fr\/wp-json\/wp\/v2\/product_brand?post=8803"},{"taxonomy":"product_cat","embeddable":true,"href":"https:\/\/andalubox.com\/fr\/wp-json\/wp\/v2\/product_cat?post=8803"},{"taxonomy":"product_tag","embeddable":true,"href":"https:\/\/andalubox.com\/fr\/wp-json\/wp\/v2\/product_tag?post=8803"}],"curies":[{"name":"wp","href":"https:\/\/api.w.org\/{rel}","templated":true}]}}