{"id":8788,"date":"2023-03-18T15:57:26","date_gmt":"2023-03-18T14:57:26","guid":{"rendered":"https:\/\/andalubox.com\/producto-andaluz\/nestle-cini-minis-churros-360gr\/"},"modified":"2026-01-28T09:58:54","modified_gmt":"2026-01-28T08:58:54","slug":"nestle-cini-minis-churros-360g","status":"publish","type":"product","link":"https:\/\/andalubox.com\/fr\/producto-andaluz\/nestle-cini-minis-churros-360g\/","title":{"rendered":"Nestl\u00e9 Cini Minis Churros Cannelle 360g"},"content":{"rendered":"<p>Nestl\u00e9 Cini Minis Churros Canela 360g est une c\u00e9r\u00e9ale de petit-d\u00e9jeuner inspir\u00e9e des churros espagnols. Elles contiennent des morceaux de c\u00e9r\u00e9ales croquants, aromatis\u00e9s \u00e0 la cannelle, en forme de mini churros, dont l&#8217;ingr\u00e9dient principal est le grain entier et qui sont enrichis en vitamines et min\u00e9raux tels que le calcium, le fer et les vitamines B (B1, B2, B3, B6, B9). Les c\u00e9r\u00e9ales ne contiennent ni colorants ni ar\u00f4mes artificiels, ont un go\u00fbt sucr\u00e9 de cannelle et sont con\u00e7ues pour \u00eatre d\u00e9gust\u00e9es avec du lait, comme en-cas ou dans des recettes telles que les mini-cr\u00eapes ou la cr\u00e8me glac\u00e9e au yaourt. Elles sont disponibles dans une bo\u00eete de 360 g et sont vendues dans des magasins tels que Woolworths en Australie pour environ 5,70 $, bien que les prix puissent varier.   <\/p>\n<h2>Ingr\u00e9dients<\/h2>\n<p>Farine de bl\u00e9 complet 42,6%, farine de riz 32,6%, sucre, huile de palme, agent gonflant (carbonate de calcium), sel, cannelle 0,4%, antioxydant (tocoph\u00e9rols), ar\u00f4mes naturels, colorant (carot\u00e8ne), fer, vitamines B3, B9, B6, B1, B2. Contient SITARI. Contient \u00e9ventuellement du lait<\/p>\n<h2>Allerg\u00e8nes<\/h2>\n<p>Gluten et produits laitiers<\/p>\n<h2>Conditions de stockage ou d&#8217;utilisation<\/h2>\n<p>Conserver dans un endroit frais et sec.<\/p>","protected":false},"excerpt":{"rendered":"<p>Nestl\u00e9 Cini Minis Churros Canela 360 gr import\u00e9. Livraison dans toute l&#8217;Espagne et l&#8217;Europe. <\/p>\n","protected":false},"featured_media":8658,"template":"","meta":{"site-sidebar-layout":"default","site-content-layout":"default","ast-site-content-layout":"default","site-content-style":"default","site-sidebar-style":"default","ast-global-header-display":"","ast-banner-title-visibility":"","ast-main-header-display":"","ast-hfb-above-header-display":"","ast-hfb-below-header-display":"","ast-hfb-mobile-header-display":"","site-post-title":"","ast-breadcrumbs-content":"","ast-featured-img":"","footer-sml-layout":"","ast-disable-related-posts":"","theme-transparent-header-meta":"default","adv-header-id-meta":"","stick-header-meta":"","header-above-stick-meta":"","header-main-stick-meta":"","header-below-stick-meta":"","astra-migrate-meta-layouts":"default","ast-page-background-enabled":"default","ast-page-background-meta":{"desktop":{"background-color":"var(--ast-global-color-4)","background-image":"","background-repeat":"repeat","background-position":"center center","background-size":"auto","background-attachment":"scroll","background-type":"","background-media":"","overlay-type":"","overlay-color":"","overlay-opacity":"","overlay-gradient":""},"tablet":{"background-color":"","background-image":"","background-repeat":"repeat","background-position":"center center","background-size":"auto","background-attachment":"scroll","background-type":"","background-media":"","overlay-type":"","overlay-color":"","overlay-opacity":"","overlay-gradient":""},"mobile":{"background-color":"","background-image":"","background-repeat":"repeat","background-position":"center center","background-size":"auto","background-attachment":"scroll","background-type":"","background-media":"","overlay-type":"","overlay-color":"","overlay-opacity":"","overlay-gradient":""}},"ast-content-background-meta":{"desktop":{"background-color":"var(--ast-global-color-5)","background-image":"","background-repeat":"repeat","background-position":"center center","background-size":"auto","background-attachment":"scroll","background-type":"","background-media":"","overlay-type":"","overlay-color":"","overlay-opacity":"","overlay-gradient":""},"tablet":{"background-color":"var(--ast-global-color-5)","background-image":"","background-repeat":"repeat","background-position":"center center","background-size":"auto","background-attachment":"scroll","background-type":"","background-media":"","overlay-type":"","overlay-color":"","overlay-opacity":"","overlay-gradient":""},"mobile":{"background-color":"var(--ast-global-color-5)","background-image":"","background-repeat":"repeat","background-position":"center center","background-size":"auto","background-attachment":"scroll","background-type":"","background-media":"","overlay-type":"","overlay-color":"","overlay-opacity":"","overlay-gradient":""}}},"product_brand":[],"product_cat":[374],"product_tag":[372],"class_list":{"0":"post-8788","1":"product","2":"type-product","3":"status-publish","4":"has-post-thumbnail","6":"product_cat-cereales-fr","7":"product_tag-international-fr","8":"desktop-align-left","9":"tablet-align-left","10":"mobile-align-left","12":"first","13":"outofstock","14":"taxable","15":"shipping-taxable","16":"purchasable","17":"product-type-simple"},"_links":{"self":[{"href":"https:\/\/andalubox.com\/fr\/wp-json\/wp\/v2\/product\/8788","targetHints":{"allow":["GET"]}}],"collection":[{"href":"https:\/\/andalubox.com\/fr\/wp-json\/wp\/v2\/product"}],"about":[{"href":"https:\/\/andalubox.com\/fr\/wp-json\/wp\/v2\/types\/product"}],"wp:featuredmedia":[{"embeddable":true,"href":"https:\/\/andalubox.com\/fr\/wp-json\/wp\/v2\/media\/8658"}],"wp:attachment":[{"href":"https:\/\/andalubox.com\/fr\/wp-json\/wp\/v2\/media?parent=8788"}],"wp:term":[{"taxonomy":"product_brand","embeddable":true,"href":"https:\/\/andalubox.com\/fr\/wp-json\/wp\/v2\/product_brand?post=8788"},{"taxonomy":"product_cat","embeddable":true,"href":"https:\/\/andalubox.com\/fr\/wp-json\/wp\/v2\/product_cat?post=8788"},{"taxonomy":"product_tag","embeddable":true,"href":"https:\/\/andalubox.com\/fr\/wp-json\/wp\/v2\/product_tag?post=8788"}],"curies":[{"name":"wp","href":"https:\/\/api.w.org\/{rel}","templated":true}]}}