{"id":8787,"date":"2022-11-10T15:57:29","date_gmt":"2022-11-10T14:57:29","guid":{"rendered":"https:\/\/andalubox.com\/producto-andaluz\/nesquik-cereales-banana-crush-350gr\/"},"modified":"2025-06-20T08:29:18","modified_gmt":"2025-06-20T06:29:18","slug":"nesquik-cereales-banane-crush-350g","status":"publish","type":"product","link":"https:\/\/andalubox.com\/fr\/producto-andaluz\/nesquik-cereales-banane-crush-350gr\/","title":{"rendered":"Nestl\u00e9 Nesquik C\u00e9r\u00e9ales Banana Crush, 350g"},"content":{"rendered":"<h2>Ingr\u00e9dients<\/h2>\n<p>28.3% BLE ENTIER, SUCRE, farine de riz, huile de tournesol, BLE, farine de ma\u00efs, 2.8% cacao maigre, agent gonflant (carbonate de calcium), \u00e9mulsifiant (l\u00e9cithines), sel, ar\u00f4mes naturels, antioxydants (extraits riches en tocoph\u00e9rols), fer, niacine, acide pantoth\u00e9nique, vitamine D, vitamine B6, thiamine (Vit. B1), Riboflavine (Vit. B2), acide folique.  <\/p>\n<h2>Allerg\u00e8nes<\/h2>\n<p>Noix, lait<\/p>\n<h2>Valeur nutritionnelle pour 100g<\/h2>\n<p>\u00c9nergie 431 kcal, graisses totales 14,6 g dont graisses satur\u00e9es 1,6 g, glucides 65,5 g dont sucres 24,6 g, prot\u00e9ines 6,8 g, sel 440 mg.<\/p>","protected":false},"excerpt":{"rendered":"<p>Les coussins de grains entiers croquants ont une saveur intense de cacao. Une garniture fruit\u00e9e au go\u00fbt sucr\u00e9 de banane offre une exp\u00e9rience gustative savoureuse lorsqu&#8217;elle est associ\u00e9e \u00e0 du lait ou du yaourt.<\/p>\n","protected":false},"featured_media":8668,"comment_status":"closed","ping_status":"closed","template":"","meta":{"site-sidebar-layout":"default","site-content-layout":"default","ast-site-content-layout":"default","site-content-style":"default","site-sidebar-style":"default","ast-global-header-display":"","ast-banner-title-visibility":"","ast-main-header-display":"","ast-hfb-above-header-display":"","ast-hfb-below-header-display":"","ast-hfb-mobile-header-display":"","site-post-title":"","ast-breadcrumbs-content":"","ast-featured-img":"","footer-sml-layout":"","ast-disable-related-posts":"","theme-transparent-header-meta":"default","adv-header-id-meta":"","stick-header-meta":"","header-above-stick-meta":"","header-main-stick-meta":"","header-below-stick-meta":"","astra-migrate-meta-layouts":"default","ast-page-background-enabled":"default","ast-page-background-meta":{"desktop":{"background-color":"var(--ast-global-color-4)","background-image":"","background-repeat":"repeat","background-position":"center center","background-size":"auto","background-attachment":"scroll","background-type":"","background-media":"","overlay-type":"","overlay-color":"","overlay-opacity":"","overlay-gradient":""},"tablet":{"background-color":"","background-image":"","background-repeat":"repeat","background-position":"center center","background-size":"auto","background-attachment":"scroll","background-type":"","background-media":"","overlay-type":"","overlay-color":"","overlay-opacity":"","overlay-gradient":""},"mobile":{"background-color":"","background-image":"","background-repeat":"repeat","background-position":"center center","background-size":"auto","background-attachment":"scroll","background-type":"","background-media":"","overlay-type":"","overlay-color":"","overlay-opacity":"","overlay-gradient":""}},"ast-content-background-meta":{"desktop":{"background-color":"var(--ast-global-color-5)","background-image":"","background-repeat":"repeat","background-position":"center center","background-size":"auto","background-attachment":"scroll","background-type":"","background-media":"","overlay-type":"","overlay-color":"","overlay-opacity":"","overlay-gradient":""},"tablet":{"background-color":"var(--ast-global-color-5)","background-image":"","background-repeat":"repeat","background-position":"center center","background-size":"auto","background-attachment":"scroll","background-type":"","background-media":"","overlay-type":"","overlay-color":"","overlay-opacity":"","overlay-gradient":""},"mobile":{"background-color":"var(--ast-global-color-5)","background-image":"","background-repeat":"repeat","background-position":"center center","background-size":"auto","background-attachment":"scroll","background-type":"","background-media":"","overlay-type":"","overlay-color":"","overlay-opacity":"","overlay-gradient":""}}},"product_brand":[1443],"product_cat":[374],"product_tag":[372],"class_list":{"0":"post-8787","1":"product","2":"type-product","3":"status-publish","4":"has-post-thumbnail","6":"product_brand-nestle","7":"product_cat-cereales-fr","8":"product_tag-international-fr","9":"desktop-align-left","10":"tablet-align-left","11":"mobile-align-left","13":"first","14":"outofstock","15":"taxable","16":"shipping-taxable","17":"purchasable","18":"product-type-simple"},"_links":{"self":[{"href":"https:\/\/andalubox.com\/fr\/wp-json\/wp\/v2\/product\/8787","targetHints":{"allow":["GET"]}}],"collection":[{"href":"https:\/\/andalubox.com\/fr\/wp-json\/wp\/v2\/product"}],"about":[{"href":"https:\/\/andalubox.com\/fr\/wp-json\/wp\/v2\/types\/product"}],"replies":[{"embeddable":true,"href":"https:\/\/andalubox.com\/fr\/wp-json\/wp\/v2\/comments?post=8787"}],"wp:featuredmedia":[{"embeddable":true,"href":"https:\/\/andalubox.com\/fr\/wp-json\/wp\/v2\/media\/8668"}],"wp:attachment":[{"href":"https:\/\/andalubox.com\/fr\/wp-json\/wp\/v2\/media?parent=8787"}],"wp:term":[{"taxonomy":"product_brand","embeddable":true,"href":"https:\/\/andalubox.com\/fr\/wp-json\/wp\/v2\/product_brand?post=8787"},{"taxonomy":"product_cat","embeddable":true,"href":"https:\/\/andalubox.com\/fr\/wp-json\/wp\/v2\/product_cat?post=8787"},{"taxonomy":"product_tag","embeddable":true,"href":"https:\/\/andalubox.com\/fr\/wp-json\/wp\/v2\/product_tag?post=8787"}],"curies":[{"name":"wp","href":"https:\/\/api.w.org\/{rel}","templated":true}]}}