{"id":8748,"date":"2022-11-10T15:57:40","date_gmt":"2022-11-10T14:57:40","guid":{"rendered":"https:\/\/andalubox.com\/producto-andaluz\/barre-de-chocolat-blanc-ferrero-rocher-90gr\/"},"modified":"2025-12-11T22:08:08","modified_gmt":"2025-12-11T21:08:08","slug":"ferrero-rocher-bar-chocolat-blanc-90-gr","status":"publish","type":"product","link":"https:\/\/andalubox.com\/fr\/producto-andaluz\/ferrero-rocher-chocolat-blanc-tablette-90gr\/","title":{"rendered":"Ferrero Rocher Barre de chocolat blanc aux noisettes, 90g"},"content":{"rendered":"<h2>Ingr\u00e9dients<\/h2>\n<p>Sucre, lait \u00e9cr\u00e9m\u00e9 en poudre, beurre de cacao, noisettes 13,5%, graisse de palme, lait entier en poudre, lactos\u00e9rum en poudre, beurre concentr\u00e9, \u00e9mulsifiants : l\u00e9cithines (soja), ar\u00f4mes. Sur le total : cacao : 20%. Peut contenir : amandes, noix, noix de cajou, noix de p\u00e9can, noix du Br\u00e9sil, pistaches et noix de macadamia.<\/p>\n<h2>Informations nutritionnelles<\/h2>\n<p>Lipides (g) 42,7 g dont satur\u00e9s (g) 21,8 g<\/p>\n<p>Glucides (g) 43,9 g dont Sucres (g) 43,9 g<\/p>\n<p>Prot\u00e9ines (g) 9,7 g<\/p>\n<p>Sel (g) 0,323 g<\/p>","protected":false},"excerpt":{"rendered":"<p>Ferrero Rocher pr\u00e9sente sa barre de chocolat blanc fourr\u00e9e \u00e0 la cr\u00e8me de noisettes et recouverte de morceaux de noisettes. Le chocolat blanc de Ferrero Rocher est doux et d\u00e9licieux, avec un soup\u00e7on de noisette croquante. Parfait pour \u00eatre d\u00e9gust\u00e9 en tant qu&#8217;en-cas ou en tant que dessert apr\u00e8s un repas.<\/p>\n","protected":false},"featured_media":12371,"comment_status":"closed","ping_status":"closed","template":"","meta":{"site-sidebar-layout":"default","site-content-layout":"default","ast-site-content-layout":"default","site-content-style":"default","site-sidebar-style":"default","ast-global-header-display":"","ast-banner-title-visibility":"","ast-main-header-display":"","ast-hfb-above-header-display":"","ast-hfb-below-header-display":"","ast-hfb-mobile-header-display":"","site-post-title":"","ast-breadcrumbs-content":"","ast-featured-img":"","footer-sml-layout":"","ast-disable-related-posts":"","theme-transparent-header-meta":"default","adv-header-id-meta":"","stick-header-meta":"","header-above-stick-meta":"","header-main-stick-meta":"","header-below-stick-meta":"","astra-migrate-meta-layouts":"default","ast-page-background-enabled":"default","ast-page-background-meta":{"desktop":{"background-color":"var(--ast-global-color-4)","background-image":"","background-repeat":"repeat","background-position":"center center","background-size":"auto","background-attachment":"scroll","background-type":"","background-media":"","overlay-type":"","overlay-color":"","overlay-opacity":"","overlay-gradient":""},"tablet":{"background-color":"","background-image":"","background-repeat":"repeat","background-position":"center center","background-size":"auto","background-attachment":"scroll","background-type":"","background-media":"","overlay-type":"","overlay-color":"","overlay-opacity":"","overlay-gradient":""},"mobile":{"background-color":"","background-image":"","background-repeat":"repeat","background-position":"center center","background-size":"auto","background-attachment":"scroll","background-type":"","background-media":"","overlay-type":"","overlay-color":"","overlay-opacity":"","overlay-gradient":""}},"ast-content-background-meta":{"desktop":{"background-color":"var(--ast-global-color-5)","background-image":"","background-repeat":"repeat","background-position":"center center","background-size":"auto","background-attachment":"scroll","background-type":"","background-media":"","overlay-type":"","overlay-color":"","overlay-opacity":"","overlay-gradient":""},"tablet":{"background-color":"var(--ast-global-color-5)","background-image":"","background-repeat":"repeat","background-position":"center center","background-size":"auto","background-attachment":"scroll","background-type":"","background-media":"","overlay-type":"","overlay-color":"","overlay-opacity":"","overlay-gradient":""},"mobile":{"background-color":"var(--ast-global-color-5)","background-image":"","background-repeat":"repeat","background-position":"center center","background-size":"auto","background-attachment":"scroll","background-type":"","background-media":"","overlay-type":"","overlay-color":"","overlay-opacity":"","overlay-gradient":""}}},"product_brand":[1381],"product_cat":[371],"product_tag":[],"class_list":{"0":"post-8748","1":"product","2":"type-product","3":"status-publish","4":"has-post-thumbnail","6":"product_brand-ferrero","7":"product_cat-chocolat","8":"desktop-align-left","9":"tablet-align-left","10":"mobile-align-left","12":"first","13":"instock","14":"taxable","15":"shipping-taxable","16":"purchasable","17":"product-type-simple"},"_links":{"self":[{"href":"https:\/\/andalubox.com\/fr\/wp-json\/wp\/v2\/product\/8748","targetHints":{"allow":["GET"]}}],"collection":[{"href":"https:\/\/andalubox.com\/fr\/wp-json\/wp\/v2\/product"}],"about":[{"href":"https:\/\/andalubox.com\/fr\/wp-json\/wp\/v2\/types\/product"}],"replies":[{"embeddable":true,"href":"https:\/\/andalubox.com\/fr\/wp-json\/wp\/v2\/comments?post=8748"}],"wp:featuredmedia":[{"embeddable":true,"href":"https:\/\/andalubox.com\/fr\/wp-json\/wp\/v2\/media\/12371"}],"wp:attachment":[{"href":"https:\/\/andalubox.com\/fr\/wp-json\/wp\/v2\/media?parent=8748"}],"wp:term":[{"taxonomy":"product_brand","embeddable":true,"href":"https:\/\/andalubox.com\/fr\/wp-json\/wp\/v2\/product_brand?post=8748"},{"taxonomy":"product_cat","embeddable":true,"href":"https:\/\/andalubox.com\/fr\/wp-json\/wp\/v2\/product_cat?post=8748"},{"taxonomy":"product_tag","embeddable":true,"href":"https:\/\/andalubox.com\/fr\/wp-json\/wp\/v2\/product_tag?post=8748"}],"curies":[{"name":"wp","href":"https:\/\/api.w.org\/{rel}","templated":true}]}}