{"id":8745,"date":"2022-11-10T15:57:39","date_gmt":"2022-11-10T14:57:39","guid":{"rendered":"https:\/\/andalubox.com\/producto-andaluz\/barre-de-chocolat-noir-ferrero-rocher-55-90gr\/"},"modified":"2025-06-20T08:29:38","modified_gmt":"2025-06-20T06:29:38","slug":"ferrero-rocher-noir-chocolat-tablette-55-90gr","status":"publish","type":"product","link":"https:\/\/andalubox.com\/fr\/producto-andaluz\/ferrero-rocher-noir-chocolat-tablette-55-90gr\/","title":{"rendered":"Ferrero Rocher Barre de chocolat noir (55%) avec noisettes, 90g"},"content":{"rendered":"<p>Cr\u00e9\u00e9 pour ceux qui aiment le chocolat noir d\u00e9licat pour profiter d&#8217;une combinaison irr\u00e9sistible de textures et de saveurs. De d\u00e9licieux morceaux de noisettes croquants dans un fourrage onctueux et cr\u00e9meux envelopp\u00e9 de chocolat noir fin \u00e0 55% de cacao.<\/p>\n<p>Ouvrez la nouvelle tablette de chocolat noir aux noisettes de Ferrero Rocher pour d\u00e9couvrir sa forme distinctive et commencer votre voyage de plaisir.<\/p>\n<h2>Ingr\u00e9dients<\/h2>\n<p>Sucre, p\u00e2te de cacao, noisettes 12%, beurre de palme, beurre de cacao, cacao d\u00e9graiss\u00e9, lactos\u00e9rum en poudre, BEURRE concentr\u00e9, \u00e9mulsifiants : l\u00e9cithines (SOY), vanilline.<\/p>\n<p>Peut contenir de l&#8217;amande, des noix, des noix de cajou, des noix de p\u00e9can, des noix du Br\u00e9sil, des pistaches et des noix de macadamia.<\/p>","protected":false},"excerpt":{"rendered":"<p>Barre de chocolat noir \u00e0 55% avec des noisettes<\/p>\n","protected":false},"featured_media":8708,"comment_status":"closed","ping_status":"closed","template":"","meta":{"site-sidebar-layout":"default","site-content-layout":"default","ast-site-content-layout":"default","site-content-style":"default","site-sidebar-style":"default","ast-global-header-display":"","ast-banner-title-visibility":"","ast-main-header-display":"","ast-hfb-above-header-display":"","ast-hfb-below-header-display":"","ast-hfb-mobile-header-display":"","site-post-title":"","ast-breadcrumbs-content":"","ast-featured-img":"","footer-sml-layout":"","ast-disable-related-posts":"","theme-transparent-header-meta":"default","adv-header-id-meta":"","stick-header-meta":"","header-above-stick-meta":"","header-main-stick-meta":"","header-below-stick-meta":"","astra-migrate-meta-layouts":"default","ast-page-background-enabled":"default","ast-page-background-meta":{"desktop":{"background-color":"var(--ast-global-color-4)","background-image":"","background-repeat":"repeat","background-position":"center center","background-size":"auto","background-attachment":"scroll","background-type":"","background-media":"","overlay-type":"","overlay-color":"","overlay-opacity":"","overlay-gradient":""},"tablet":{"background-color":"","background-image":"","background-repeat":"repeat","background-position":"center center","background-size":"auto","background-attachment":"scroll","background-type":"","background-media":"","overlay-type":"","overlay-color":"","overlay-opacity":"","overlay-gradient":""},"mobile":{"background-color":"","background-image":"","background-repeat":"repeat","background-position":"center center","background-size":"auto","background-attachment":"scroll","background-type":"","background-media":"","overlay-type":"","overlay-color":"","overlay-opacity":"","overlay-gradient":""}},"ast-content-background-meta":{"desktop":{"background-color":"var(--ast-global-color-5)","background-image":"","background-repeat":"repeat","background-position":"center center","background-size":"auto","background-attachment":"scroll","background-type":"","background-media":"","overlay-type":"","overlay-color":"","overlay-opacity":"","overlay-gradient":""},"tablet":{"background-color":"var(--ast-global-color-5)","background-image":"","background-repeat":"repeat","background-position":"center center","background-size":"auto","background-attachment":"scroll","background-type":"","background-media":"","overlay-type":"","overlay-color":"","overlay-opacity":"","overlay-gradient":""},"mobile":{"background-color":"var(--ast-global-color-5)","background-image":"","background-repeat":"repeat","background-position":"center center","background-size":"auto","background-attachment":"scroll","background-type":"","background-media":"","overlay-type":"","overlay-color":"","overlay-opacity":"","overlay-gradient":""}}},"product_brand":[1381],"product_cat":[371],"product_tag":[],"class_list":{"0":"post-8745","1":"product","2":"type-product","3":"status-publish","4":"has-post-thumbnail","6":"product_brand-ferrero","7":"product_cat-chocolat","8":"desktop-align-left","9":"tablet-align-left","10":"mobile-align-left","12":"first","13":"instock","14":"taxable","15":"shipping-taxable","16":"purchasable","17":"product-type-simple"},"_links":{"self":[{"href":"https:\/\/andalubox.com\/fr\/wp-json\/wp\/v2\/product\/8745","targetHints":{"allow":["GET"]}}],"collection":[{"href":"https:\/\/andalubox.com\/fr\/wp-json\/wp\/v2\/product"}],"about":[{"href":"https:\/\/andalubox.com\/fr\/wp-json\/wp\/v2\/types\/product"}],"replies":[{"embeddable":true,"href":"https:\/\/andalubox.com\/fr\/wp-json\/wp\/v2\/comments?post=8745"}],"wp:featuredmedia":[{"embeddable":true,"href":"https:\/\/andalubox.com\/fr\/wp-json\/wp\/v2\/media\/8708"}],"wp:attachment":[{"href":"https:\/\/andalubox.com\/fr\/wp-json\/wp\/v2\/media?parent=8745"}],"wp:term":[{"taxonomy":"product_brand","embeddable":true,"href":"https:\/\/andalubox.com\/fr\/wp-json\/wp\/v2\/product_brand?post=8745"},{"taxonomy":"product_cat","embeddable":true,"href":"https:\/\/andalubox.com\/fr\/wp-json\/wp\/v2\/product_cat?post=8745"},{"taxonomy":"product_tag","embeddable":true,"href":"https:\/\/andalubox.com\/fr\/wp-json\/wp\/v2\/product_tag?post=8745"}],"curies":[{"name":"wp","href":"https:\/\/api.w.org\/{rel}","templated":true}]}}