{"id":8739,"date":"2022-11-10T15:57:37","date_gmt":"2022-11-10T14:57:37","guid":{"rendered":"https:\/\/andalubox.com\/producto-andaluz\/kit-kat-pop-corn-chunky-168gr\/"},"modified":"2025-06-20T09:38:28","modified_gmt":"2025-06-20T07:38:28","slug":"kit-kat-pop-corn-chunky-168gr","status":"publish","type":"product","link":"https:\/\/andalubox.com\/fr\/producto-andaluz\/kit-kat-pop-corn-chunky-168gr-2\/","title":{"rendered":"Kit Kat Pop Corn (saveur ma\u00efs souffl\u00e9), 168g"},"content":{"rendered":"<h2>Ingr\u00e9dients<\/h2>\n<p>Sucre, poudre de lait \u00e9cr\u00e9m\u00e9, graisses v\u00e9g\u00e9tales (palme, karit\u00e9), farine de bl\u00e9, p\u00e2te de cacao, beurre de cacao, lactose et prot\u00e9ines de lactos\u00e9rum (du lait), graisse de beurre (du lait), ma\u00efs sal\u00e9 et grill\u00e9 (morceaux de grains de ma\u00efs, huile de tournesol, sel, antioxydant (extrait de romarin), poudre de cacao \u00e0 teneur r\u00e9duite en mati\u00e8res grasses, \u00e9mulsifiant (l\u00e9cithines), beurre (du lait), \u00e9mulsifiant (l\u00e9cithines), poudre de cacao \u00e0 teneur r\u00e9duite en mati\u00e8res grasses, \u00e9mulsifiant (l\u00e9cithines), beurre (du lait), Huile de tournesol, sel, antioxydant (extrait de romarin)), poudre de cacao \u00e0 teneur r\u00e9duite en mati\u00e8res grasses, \u00e9mulsifiant (l\u00e9cithines), beurre (de lait), sel, ar\u00f4mes naturels, agent levant (bicarbonate de sodium), colorant (extrait de paprika).<\/p>\n<h2>Informations nutritionnelles pour 100g<\/h2>\n<p>Energie 2200kj 527kcal <br>Lipides 29.5g dont satur\u00e9s 16.2g <br>Glucides 55.5g dont Sucres 45.8g <br>Fibres 2.1g <br>Prot\u00e9ines 8.4g <br>Sel 0.41g<\/p>","protected":false},"excerpt":{"rendered":"<p>Barre de chocolat Kit Kat en forme de gaufrette croustillante, fourr\u00e9e au caramel sal\u00e9 et au go\u00fbt de pop-corn, avec du ma\u00efs sal\u00e9 et grill\u00e9, recouverte de chocolat au lait.<\/p>\n","protected":false},"featured_media":8698,"comment_status":"closed","ping_status":"closed","template":"","meta":{"site-sidebar-layout":"default","site-content-layout":"default","ast-site-content-layout":"default","site-content-style":"default","site-sidebar-style":"default","ast-global-header-display":"","ast-banner-title-visibility":"","ast-main-header-display":"","ast-hfb-above-header-display":"","ast-hfb-below-header-display":"","ast-hfb-mobile-header-display":"","site-post-title":"","ast-breadcrumbs-content":"","ast-featured-img":"","footer-sml-layout":"","ast-disable-related-posts":"","theme-transparent-header-meta":"default","adv-header-id-meta":"","stick-header-meta":"","header-above-stick-meta":"","header-main-stick-meta":"","header-below-stick-meta":"","astra-migrate-meta-layouts":"default","ast-page-background-enabled":"default","ast-page-background-meta":{"desktop":{"background-color":"var(--ast-global-color-4)","background-image":"","background-repeat":"repeat","background-position":"center center","background-size":"auto","background-attachment":"scroll","background-type":"","background-media":"","overlay-type":"","overlay-color":"","overlay-opacity":"","overlay-gradient":""},"tablet":{"background-color":"","background-image":"","background-repeat":"repeat","background-position":"center center","background-size":"auto","background-attachment":"scroll","background-type":"","background-media":"","overlay-type":"","overlay-color":"","overlay-opacity":"","overlay-gradient":""},"mobile":{"background-color":"","background-image":"","background-repeat":"repeat","background-position":"center center","background-size":"auto","background-attachment":"scroll","background-type":"","background-media":"","overlay-type":"","overlay-color":"","overlay-opacity":"","overlay-gradient":""}},"ast-content-background-meta":{"desktop":{"background-color":"var(--ast-global-color-5)","background-image":"","background-repeat":"repeat","background-position":"center center","background-size":"auto","background-attachment":"scroll","background-type":"","background-media":"","overlay-type":"","overlay-color":"","overlay-opacity":"","overlay-gradient":""},"tablet":{"background-color":"var(--ast-global-color-5)","background-image":"","background-repeat":"repeat","background-position":"center center","background-size":"auto","background-attachment":"scroll","background-type":"","background-media":"","overlay-type":"","overlay-color":"","overlay-opacity":"","overlay-gradient":""},"mobile":{"background-color":"var(--ast-global-color-5)","background-image":"","background-repeat":"repeat","background-position":"center center","background-size":"auto","background-attachment":"scroll","background-type":"","background-media":"","overlay-type":"","overlay-color":"","overlay-opacity":"","overlay-gradient":""}}},"product_brand":[1443],"product_cat":[371],"product_tag":[372],"class_list":{"0":"post-8739","1":"product","2":"type-product","3":"status-publish","4":"has-post-thumbnail","6":"product_brand-nestle","7":"product_cat-chocolat","8":"product_tag-international-fr","9":"desktop-align-left","10":"tablet-align-left","11":"mobile-align-left","13":"first","14":"outofstock","15":"taxable","16":"shipping-taxable","17":"purchasable","18":"product-type-simple"},"_links":{"self":[{"href":"https:\/\/andalubox.com\/fr\/wp-json\/wp\/v2\/product\/8739","targetHints":{"allow":["GET"]}}],"collection":[{"href":"https:\/\/andalubox.com\/fr\/wp-json\/wp\/v2\/product"}],"about":[{"href":"https:\/\/andalubox.com\/fr\/wp-json\/wp\/v2\/types\/product"}],"replies":[{"embeddable":true,"href":"https:\/\/andalubox.com\/fr\/wp-json\/wp\/v2\/comments?post=8739"}],"wp:featuredmedia":[{"embeddable":true,"href":"https:\/\/andalubox.com\/fr\/wp-json\/wp\/v2\/media\/8698"}],"wp:attachment":[{"href":"https:\/\/andalubox.com\/fr\/wp-json\/wp\/v2\/media?parent=8739"}],"wp:term":[{"taxonomy":"product_brand","embeddable":true,"href":"https:\/\/andalubox.com\/fr\/wp-json\/wp\/v2\/product_brand?post=8739"},{"taxonomy":"product_cat","embeddable":true,"href":"https:\/\/andalubox.com\/fr\/wp-json\/wp\/v2\/product_cat?post=8739"},{"taxonomy":"product_tag","embeddable":true,"href":"https:\/\/andalubox.com\/fr\/wp-json\/wp\/v2\/product_tag?post=8739"}],"curies":[{"name":"wp","href":"https:\/\/api.w.org\/{rel}","templated":true}]}}