{"id":8291,"date":"2023-03-18T13:07:46","date_gmt":"2023-03-18T12:07:46","guid":{"rendered":"https:\/\/andalubox.com\/producto-andaluz\/dieu-baco-sherry-amontillado\/"},"modified":"2025-04-10T13:56:17","modified_gmt":"2025-04-10T11:56:17","slug":"dios-baco-jerez-amontillado","status":"publish","type":"product","link":"https:\/\/andalubox.com\/fr\/producto-andaluz\/dios-baco-jerez-amontillado\/","title":{"rendered":"Dios Baco Sherry Amontillado 75 cl"},"content":{"rendered":"<h2>\u00c9laboration<\/h2>\n<p>Ce vin est unique et se situe \u00e0 mi-chemin entre le vieillissement biologique des finos et des manzanillas, mais apr\u00e8s 9 ans, on coupe la fleur pour l&#8217;introduire dans le vieillissement oxydatif pendant 10 ans suppl\u00e9mentaires dans le syst\u00e8me traditionnel des soleras et des criaderas.<\/p>\n<h2>Note de d\u00e9gustation<\/h2>\n<p>C&#8217;est un vin tr\u00e8s complexe, tant par son vieillissement que par l&#8217;\u00e9volution sensorielle qu&#8217;il procure tant au nez qu&#8217;en bouche.<\/p>\n<h2>Remise des dipl\u00f4mes<\/h2>\n<p>18\u00ba<\/p>\n<h2>Vari\u00e9t\u00e9<\/h2>\n<p>Palomino<\/p>\n<h2>Cat\u00e9gorie<\/h2>\n<p>Generoso-Amontillado<\/p>","protected":false},"excerpt":{"rendered":"<p>Vin Generoso-amontillado \u00e9labor\u00e9 avec du palomino de l&#8217;A.O. Jerez-Xeres-Sherry par Bodegas Dios Baco.<\/p>\n<p>Couleur vieil or, sec, puissant et tr\u00e8s \u00e9l\u00e9gant.<\/p>\n","protected":false},"featured_media":7220,"comment_status":"closed","ping_status":"closed","template":"","meta":{"site-sidebar-layout":"default","site-content-layout":"default","ast-site-content-layout":"default","site-content-style":"default","site-sidebar-style":"default","ast-global-header-display":"","ast-banner-title-visibility":"","ast-main-header-display":"","ast-hfb-above-header-display":"","ast-hfb-below-header-display":"","ast-hfb-mobile-header-display":"","site-post-title":"","ast-breadcrumbs-content":"","ast-featured-img":"","footer-sml-layout":"","ast-disable-related-posts":"","theme-transparent-header-meta":"default","adv-header-id-meta":"","stick-header-meta":"","header-above-stick-meta":"","header-main-stick-meta":"","header-below-stick-meta":"","astra-migrate-meta-layouts":"default","ast-page-background-enabled":"default","ast-page-background-meta":{"desktop":{"background-color":"var(--ast-global-color-4)","background-image":"","background-repeat":"repeat","background-position":"center center","background-size":"auto","background-attachment":"scroll","background-type":"","background-media":"","overlay-type":"","overlay-color":"","overlay-opacity":"","overlay-gradient":""},"tablet":{"background-color":"","background-image":"","background-repeat":"repeat","background-position":"center center","background-size":"auto","background-attachment":"scroll","background-type":"","background-media":"","overlay-type":"","overlay-color":"","overlay-opacity":"","overlay-gradient":""},"mobile":{"background-color":"","background-image":"","background-repeat":"repeat","background-position":"center center","background-size":"auto","background-attachment":"scroll","background-type":"","background-media":"","overlay-type":"","overlay-color":"","overlay-opacity":"","overlay-gradient":""}},"ast-content-background-meta":{"desktop":{"background-color":"var(--ast-global-color-5)","background-image":"","background-repeat":"repeat","background-position":"center center","background-size":"auto","background-attachment":"scroll","background-type":"","background-media":"","overlay-type":"","overlay-color":"","overlay-opacity":"","overlay-gradient":""},"tablet":{"background-color":"var(--ast-global-color-5)","background-image":"","background-repeat":"repeat","background-position":"center center","background-size":"auto","background-attachment":"scroll","background-type":"","background-media":"","overlay-type":"","overlay-color":"","overlay-opacity":"","overlay-gradient":""},"mobile":{"background-color":"var(--ast-global-color-5)","background-image":"","background-repeat":"repeat","background-position":"center center","background-size":"auto","background-attachment":"scroll","background-type":"","background-media":"","overlay-type":"","overlay-color":"","overlay-opacity":"","overlay-gradient":""}}},"product_brand":[1442],"product_cat":[15],"product_tag":[132],"class_list":{"0":"post-8291","1":"product","2":"type-product","3":"status-publish","4":"has-post-thumbnail","6":"product_brand-dios-baco","7":"product_cat-sin-categorizar","8":"product_tag-cadix","9":"desktop-align-left","10":"tablet-align-left","11":"mobile-align-left","13":"first","14":"outofstock","15":"taxable","16":"shipping-taxable","17":"purchasable","18":"product-type-simple"},"_links":{"self":[{"href":"https:\/\/andalubox.com\/fr\/wp-json\/wp\/v2\/product\/8291","targetHints":{"allow":["GET"]}}],"collection":[{"href":"https:\/\/andalubox.com\/fr\/wp-json\/wp\/v2\/product"}],"about":[{"href":"https:\/\/andalubox.com\/fr\/wp-json\/wp\/v2\/types\/product"}],"replies":[{"embeddable":true,"href":"https:\/\/andalubox.com\/fr\/wp-json\/wp\/v2\/comments?post=8291"}],"wp:featuredmedia":[{"embeddable":true,"href":"https:\/\/andalubox.com\/fr\/wp-json\/wp\/v2\/media\/7220"}],"wp:attachment":[{"href":"https:\/\/andalubox.com\/fr\/wp-json\/wp\/v2\/media?parent=8291"}],"wp:term":[{"taxonomy":"product_brand","embeddable":true,"href":"https:\/\/andalubox.com\/fr\/wp-json\/wp\/v2\/product_brand?post=8291"},{"taxonomy":"product_cat","embeddable":true,"href":"https:\/\/andalubox.com\/fr\/wp-json\/wp\/v2\/product_cat?post=8291"},{"taxonomy":"product_tag","embeddable":true,"href":"https:\/\/andalubox.com\/fr\/wp-json\/wp\/v2\/product_tag?post=8291"}],"curies":[{"name":"wp","href":"https:\/\/api.w.org\/{rel}","templated":true}]}}