{"id":8263,"date":"2023-03-18T13:07:21","date_gmt":"2023-03-18T12:07:21","guid":{"rendered":"https:\/\/andalubox.com\/producto-andaluz\/obando-rustic-peaks-avec-extra-olive-oil-gourmet-selection-140g\/"},"modified":"2025-06-12T23:16:57","modified_gmt":"2025-06-12T21:16:57","slug":"obando-rustic-peppers-with-olive-oil-extra-selection-gourmet-140g","status":"publish","type":"product","link":"https:\/\/andalubox.com\/fr\/producto-andaluz\/obando-rustic-peppers-with-olive-oil-extra-selection-gourmet-140g\/","title":{"rendered":"Obando Picos Utreranos Rusticos Selecci\u00f3n Gourmet EVOO, 140g"},"content":{"rendered":"<p>Vous avez d\u00e9sormais la possibilit\u00e9 de prendre soin de vous sans renoncer au go\u00fbt des meilleurs pics. Nous lan\u00e7ons notre nouveau poivron gourmet biologique complet, au go\u00fbt et \u00e0 la texture uniques, avec les propri\u00e9t\u00e9s d&#8217;un produit totalement complet. Ces nouveaux sommets sont pr\u00e9sent\u00e9s dans le secteur pour couvrir un besoin fondamental, qui est d&#8217;avoir un aliment 100% complet que nous avons \u00e9galement couronn\u00e9 du certificat de produit biologique, en maintenant l&#8217;essence de la boulangerie Obando.<\/p>\n<p>En outre, ce nouveau produit conservera le format doypack utilis\u00e9 pour les pics gourmands, de sorte qu&#8217;ils garderont leur saveur et leur texture et pourront \u00eatre conserv\u00e9s frais beaucoup plus longtemps gr\u00e2ce \u00e0 leur fermeture herm\u00e9tique.<\/p>","protected":false},"excerpt":{"rendered":"<p>100% complet, 100% gourmet. La meilleure saveur avec les propri\u00e9t\u00e9s d&#8217;une \u00e9pice enti\u00e8rement compl\u00e8te et biologique.<\/p>\n","protected":false},"featured_media":7193,"comment_status":"closed","ping_status":"closed","template":"","meta":{"site-sidebar-layout":"default","site-content-layout":"default","ast-site-content-layout":"default","site-content-style":"default","site-sidebar-style":"default","ast-global-header-display":"","ast-banner-title-visibility":"","ast-main-header-display":"","ast-hfb-above-header-display":"","ast-hfb-below-header-display":"","ast-hfb-mobile-header-display":"","site-post-title":"","ast-breadcrumbs-content":"","ast-featured-img":"","footer-sml-layout":"","ast-disable-related-posts":"","theme-transparent-header-meta":"default","adv-header-id-meta":"","stick-header-meta":"","header-above-stick-meta":"","header-main-stick-meta":"","header-below-stick-meta":"","astra-migrate-meta-layouts":"default","ast-page-background-enabled":"default","ast-page-background-meta":{"desktop":{"background-color":"var(--ast-global-color-4)","background-image":"","background-repeat":"repeat","background-position":"center center","background-size":"auto","background-attachment":"scroll","background-type":"","background-media":"","overlay-type":"","overlay-color":"","overlay-opacity":"","overlay-gradient":""},"tablet":{"background-color":"","background-image":"","background-repeat":"repeat","background-position":"center center","background-size":"auto","background-attachment":"scroll","background-type":"","background-media":"","overlay-type":"","overlay-color":"","overlay-opacity":"","overlay-gradient":""},"mobile":{"background-color":"","background-image":"","background-repeat":"repeat","background-position":"center center","background-size":"auto","background-attachment":"scroll","background-type":"","background-media":"","overlay-type":"","overlay-color":"","overlay-opacity":"","overlay-gradient":""}},"ast-content-background-meta":{"desktop":{"background-color":"var(--ast-global-color-5)","background-image":"","background-repeat":"repeat","background-position":"center center","background-size":"auto","background-attachment":"scroll","background-type":"","background-media":"","overlay-type":"","overlay-color":"","overlay-opacity":"","overlay-gradient":""},"tablet":{"background-color":"var(--ast-global-color-5)","background-image":"","background-repeat":"repeat","background-position":"center center","background-size":"auto","background-attachment":"scroll","background-type":"","background-media":"","overlay-type":"","overlay-color":"","overlay-opacity":"","overlay-gradient":""},"mobile":{"background-color":"var(--ast-global-color-5)","background-image":"","background-repeat":"repeat","background-position":"center center","background-size":"auto","background-attachment":"scroll","background-type":"","background-media":"","overlay-type":"","overlay-color":"","overlay-opacity":"","overlay-gradient":""}}},"product_brand":[1437],"product_cat":[1686],"product_tag":[],"class_list":{"0":"post-8263","1":"product","2":"type-product","3":"status-publish","4":"has-post-thumbnail","6":"product_brand-obando","7":"product_cat-picos-reganas-y-panaderia-salada-fr","8":"desktop-align-left","9":"tablet-align-left","10":"mobile-align-left","12":"first","13":"instock","14":"taxable","15":"shipping-taxable","16":"purchasable","17":"product-type-simple"},"_links":{"self":[{"href":"https:\/\/andalubox.com\/fr\/wp-json\/wp\/v2\/product\/8263","targetHints":{"allow":["GET"]}}],"collection":[{"href":"https:\/\/andalubox.com\/fr\/wp-json\/wp\/v2\/product"}],"about":[{"href":"https:\/\/andalubox.com\/fr\/wp-json\/wp\/v2\/types\/product"}],"replies":[{"embeddable":true,"href":"https:\/\/andalubox.com\/fr\/wp-json\/wp\/v2\/comments?post=8263"}],"wp:featuredmedia":[{"embeddable":true,"href":"https:\/\/andalubox.com\/fr\/wp-json\/wp\/v2\/media\/7193"}],"wp:attachment":[{"href":"https:\/\/andalubox.com\/fr\/wp-json\/wp\/v2\/media?parent=8263"}],"wp:term":[{"taxonomy":"product_brand","embeddable":true,"href":"https:\/\/andalubox.com\/fr\/wp-json\/wp\/v2\/product_brand?post=8263"},{"taxonomy":"product_cat","embeddable":true,"href":"https:\/\/andalubox.com\/fr\/wp-json\/wp\/v2\/product_cat?post=8263"},{"taxonomy":"product_tag","embeddable":true,"href":"https:\/\/andalubox.com\/fr\/wp-json\/wp\/v2\/product_tag?post=8263"}],"curies":[{"name":"wp","href":"https:\/\/api.w.org\/{rel}","templated":true}]}}