{"id":8197,"date":"2023-03-19T13:06:59","date_gmt":"2023-03-19T12:06:59","guid":{"rendered":"https:\/\/andalubox.com\/producto-andaluz\/miel-el-guijo-pestinos\/"},"modified":"2026-01-28T09:42:38","modified_gmt":"2026-01-28T08:42:38","slug":"le-guijo-pestinos-miel","status":"publish","type":"product","link":"https:\/\/andalubox.com\/fr\/producto-andaluz\/le-guijo-pestinos-miel\/","title":{"rendered":"El Guijo Honey Pesti\u00f1os 250g"},"content":{"rendered":"<p>El Guijo Honey Pesti\u00f1os 250g<\/p>\n<p>Les Pesti\u00f1os de Miel El Guijo 250 g sont des friandises andalouses traditionnelles, typiques de No\u00ebl et de P\u00e2ques. Ces p\u00e2tisseries frites sont aromatis\u00e9es \u00e0 l&#8217;anis, \u00e0 la cannelle et au s\u00e9same, et enrob\u00e9es de miel, ce qui leur conf\u00e8re une saveur sucr\u00e9e et aromatique caract\u00e9ristique. Fabriqu\u00e9es par Dulces El Guijo, elles sont \u00e9labor\u00e9es \u00e0 partir d&#8217;ingr\u00e9dients naturels de haute qualit\u00e9. Informations cl\u00e9s : Ingr\u00e9dients : Farine de bl\u00e9 (contient du gluten), miel (8-13%), vin (contient des sulfites), saindoux ib\u00e9rique (avec antioxydant E-320), huile de tournesol ou de soja, sirop de glucose et de fructose, gel\u00e9e de pomme (sucre, sirop de glucose, eau, g\u00e9lifiants E-401 et E-440, correcteur de pH E-330, conservateur E-202, ar\u00f4mes), s\u00e9same grill\u00e9, sucre, sel, anis, cannelle, clous de girofle et divers additifs (par ex, E-410, E-407, E-466 pour la texture et la conservation). Peut contenir des traces d&#8217;\u0153uf.    <\/p>\n<p>Allerg\u00e8nes : Contient du gluten et des sulfites ; peut contenir des traces d&#8217;\u0153uf.  <\/p>\n<p>Stockage : Conserver dans un endroit frais et sec.<\/p>\n<p>Contexte culturel : les pesti\u00f1os sont une friandise andalouse traditionnelle dont les origines sont li\u00e9es aux influences culinaires chr\u00e9tiennes, juives et musulmanes, \u00e0 l&#8217;instar de la frictilia romaine et de la shebbakiyya marocaine. Ils sont souvent associ\u00e9s \u00e0 des festivals et sont fabriqu\u00e9s \u00e0 la main, ce qui t\u00e9moigne d&#8217;un riche h\u00e9ritage culturel. <\/p>","protected":false},"excerpt":{"rendered":"<p>El Guijo Pesti\u00f1os de Miel 250g, exp\u00e9ditions vers TOUTE L&#8217;EUROPE.<\/p>\n","protected":false},"featured_media":7091,"comment_status":"closed","ping_status":"closed","template":"","meta":{"site-sidebar-layout":"default","site-content-layout":"default","ast-site-content-layout":"default","site-content-style":"default","site-sidebar-style":"default","ast-global-header-display":"","ast-banner-title-visibility":"","ast-main-header-display":"","ast-hfb-above-header-display":"","ast-hfb-below-header-display":"","ast-hfb-mobile-header-display":"","site-post-title":"","ast-breadcrumbs-content":"","ast-featured-img":"","footer-sml-layout":"","ast-disable-related-posts":"","theme-transparent-header-meta":"default","adv-header-id-meta":"","stick-header-meta":"","header-above-stick-meta":"","header-main-stick-meta":"","header-below-stick-meta":"","astra-migrate-meta-layouts":"default","ast-page-background-enabled":"default","ast-page-background-meta":{"desktop":{"background-color":"var(--ast-global-color-4)","background-image":"","background-repeat":"repeat","background-position":"center center","background-size":"auto","background-attachment":"scroll","background-type":"","background-media":"","overlay-type":"","overlay-color":"","overlay-opacity":"","overlay-gradient":""},"tablet":{"background-color":"","background-image":"","background-repeat":"repeat","background-position":"center center","background-size":"auto","background-attachment":"scroll","background-type":"","background-media":"","overlay-type":"","overlay-color":"","overlay-opacity":"","overlay-gradient":""},"mobile":{"background-color":"","background-image":"","background-repeat":"repeat","background-position":"center center","background-size":"auto","background-attachment":"scroll","background-type":"","background-media":"","overlay-type":"","overlay-color":"","overlay-opacity":"","overlay-gradient":""}},"ast-content-background-meta":{"desktop":{"background-color":"var(--ast-global-color-5)","background-image":"","background-repeat":"repeat","background-position":"center center","background-size":"auto","background-attachment":"scroll","background-type":"","background-media":"","overlay-type":"","overlay-color":"","overlay-opacity":"","overlay-gradient":""},"tablet":{"background-color":"var(--ast-global-color-5)","background-image":"","background-repeat":"repeat","background-position":"center center","background-size":"auto","background-attachment":"scroll","background-type":"","background-media":"","overlay-type":"","overlay-color":"","overlay-opacity":"","overlay-gradient":""},"mobile":{"background-color":"var(--ast-global-color-5)","background-image":"","background-repeat":"repeat","background-position":"center center","background-size":"auto","background-attachment":"scroll","background-type":"","background-media":"","overlay-type":"","overlay-color":"","overlay-opacity":"","overlay-gradient":""}}},"product_brand":[1438],"product_cat":[1640],"product_tag":[104],"class_list":{"0":"post-8197","1":"product","2":"type-product","3":"status-publish","4":"has-post-thumbnail","6":"product_brand-el-guijo","7":"product_cat-reposteria-y-dulces-tradicionales-fr","8":"product_tag-cordoue","9":"desktop-align-left","10":"tablet-align-left","11":"mobile-align-left","13":"first","14":"instock","15":"taxable","16":"shipping-taxable","17":"purchasable","18":"product-type-simple"},"_links":{"self":[{"href":"https:\/\/andalubox.com\/fr\/wp-json\/wp\/v2\/product\/8197","targetHints":{"allow":["GET"]}}],"collection":[{"href":"https:\/\/andalubox.com\/fr\/wp-json\/wp\/v2\/product"}],"about":[{"href":"https:\/\/andalubox.com\/fr\/wp-json\/wp\/v2\/types\/product"}],"replies":[{"embeddable":true,"href":"https:\/\/andalubox.com\/fr\/wp-json\/wp\/v2\/comments?post=8197"}],"wp:featuredmedia":[{"embeddable":true,"href":"https:\/\/andalubox.com\/fr\/wp-json\/wp\/v2\/media\/7091"}],"wp:attachment":[{"href":"https:\/\/andalubox.com\/fr\/wp-json\/wp\/v2\/media?parent=8197"}],"wp:term":[{"taxonomy":"product_brand","embeddable":true,"href":"https:\/\/andalubox.com\/fr\/wp-json\/wp\/v2\/product_brand?post=8197"},{"taxonomy":"product_cat","embeddable":true,"href":"https:\/\/andalubox.com\/fr\/wp-json\/wp\/v2\/product_cat?post=8197"},{"taxonomy":"product_tag","embeddable":true,"href":"https:\/\/andalubox.com\/fr\/wp-json\/wp\/v2\/product_tag?post=8197"}],"curies":[{"name":"wp","href":"https:\/\/api.w.org\/{rel}","templated":true}]}}