{"id":8165,"date":"2022-10-26T13:06:35","date_gmt":"2022-10-26T11:06:35","guid":{"rendered":"https:\/\/andalubox.com\/producto-andaluz\/el-guijo-barquitos-de-crema-215gr\/"},"modified":"2025-06-13T23:14:30","modified_gmt":"2025-06-13T21:14:30","slug":"el-guijo-barquitos-de-crema-215gr","status":"publish","type":"product","link":"https:\/\/andalubox.com\/fr\/producto-andaluz\/el-guijo-barquitos-de-crema-215gr\/","title":{"rendered":"El Guijo Barquitos de Crema de San Jos\u00e9 de la Rinconada, 215g"},"content":{"rendered":"<p><strong>INGR\u00c9DIENTS<\/strong>: Farine de bl\u00e9 (contient du gluten), fondant (saccharose, sirop de glucose et eau), margarine (graisses v\u00e9g\u00e9tales (palme), huiles v\u00e9g\u00e9tales (tournesol), eau, sel, correcteur de pH (E-330), conservateur (E-200), \u00e9mulsifiants (E-471, E-475, E-322), antioxydants (E-304i, E-306), colorant (E-160a) et ar\u00f4mes).Cr\u00e8me \u00e0 la vanille (sucre, eau, sirop de glucose, amidons modifi\u00e9s, amidon de ma\u00efs, conservateurs (E-202, E-281), stabilisateur (E-466), acidifiant (E-330), ar\u00f4me de vanille, colorants (E-160a, E-160c, E-100))Sucre, huile de tournesol, \u0153ufs frais, eau, gluten de bl\u00e9, \u00e9dulcorant : Sirop de sorbitol, agent de levage (E-450i, E-500ii), conservateur (propyl\u00e8ne glycol, E-281, eau), dextrose monohydrat\u00e9 et sel.<\/p>\n<p>&nbsp;<\/p>","protected":false},"excerpt":{"rendered":"<p>Un bonbon fabriqu\u00e9 par El Guijo avec un m\u00e9lange de p\u00e2te feuillet\u00e9e, de g\u00e9noise, de cr\u00e8me et de caramel. Produit andalou<\/p>\n","protected":false},"featured_media":12449,"comment_status":"closed","ping_status":"closed","template":"","meta":{"site-sidebar-layout":"default","site-content-layout":"default","ast-site-content-layout":"default","site-content-style":"default","site-sidebar-style":"default","ast-global-header-display":"","ast-banner-title-visibility":"","ast-main-header-display":"","ast-hfb-above-header-display":"","ast-hfb-below-header-display":"","ast-hfb-mobile-header-display":"","site-post-title":"","ast-breadcrumbs-content":"","ast-featured-img":"","footer-sml-layout":"","ast-disable-related-posts":"","theme-transparent-header-meta":"default","adv-header-id-meta":"","stick-header-meta":"","header-above-stick-meta":"","header-main-stick-meta":"","header-below-stick-meta":"","astra-migrate-meta-layouts":"default","ast-page-background-enabled":"default","ast-page-background-meta":{"desktop":{"background-color":"var(--ast-global-color-4)","background-image":"","background-repeat":"repeat","background-position":"center center","background-size":"auto","background-attachment":"scroll","background-type":"","background-media":"","overlay-type":"","overlay-color":"","overlay-opacity":"","overlay-gradient":""},"tablet":{"background-color":"","background-image":"","background-repeat":"repeat","background-position":"center center","background-size":"auto","background-attachment":"scroll","background-type":"","background-media":"","overlay-type":"","overlay-color":"","overlay-opacity":"","overlay-gradient":""},"mobile":{"background-color":"","background-image":"","background-repeat":"repeat","background-position":"center center","background-size":"auto","background-attachment":"scroll","background-type":"","background-media":"","overlay-type":"","overlay-color":"","overlay-opacity":"","overlay-gradient":""}},"ast-content-background-meta":{"desktop":{"background-color":"var(--ast-global-color-5)","background-image":"","background-repeat":"repeat","background-position":"center center","background-size":"auto","background-attachment":"scroll","background-type":"","background-media":"","overlay-type":"","overlay-color":"","overlay-opacity":"","overlay-gradient":""},"tablet":{"background-color":"var(--ast-global-color-5)","background-image":"","background-repeat":"repeat","background-position":"center center","background-size":"auto","background-attachment":"scroll","background-type":"","background-media":"","overlay-type":"","overlay-color":"","overlay-opacity":"","overlay-gradient":""},"mobile":{"background-color":"var(--ast-global-color-5)","background-image":"","background-repeat":"repeat","background-position":"center center","background-size":"auto","background-attachment":"scroll","background-type":"","background-media":"","overlay-type":"","overlay-color":"","overlay-opacity":"","overlay-gradient":""}}},"product_brand":[],"product_cat":[1640],"product_tag":[],"class_list":{"0":"post-8165","1":"product","2":"type-product","3":"status-publish","4":"has-post-thumbnail","6":"product_cat-reposteria-y-dulces-tradicionales-fr","7":"desktop-align-left","8":"tablet-align-left","9":"mobile-align-left","11":"first","12":"outofstock","13":"taxable","14":"shipping-taxable","15":"purchasable","16":"product-type-simple"},"_links":{"self":[{"href":"https:\/\/andalubox.com\/fr\/wp-json\/wp\/v2\/product\/8165","targetHints":{"allow":["GET"]}}],"collection":[{"href":"https:\/\/andalubox.com\/fr\/wp-json\/wp\/v2\/product"}],"about":[{"href":"https:\/\/andalubox.com\/fr\/wp-json\/wp\/v2\/types\/product"}],"replies":[{"embeddable":true,"href":"https:\/\/andalubox.com\/fr\/wp-json\/wp\/v2\/comments?post=8165"}],"wp:featuredmedia":[{"embeddable":true,"href":"https:\/\/andalubox.com\/fr\/wp-json\/wp\/v2\/media\/12449"}],"wp:attachment":[{"href":"https:\/\/andalubox.com\/fr\/wp-json\/wp\/v2\/media?parent=8165"}],"wp:term":[{"taxonomy":"product_brand","embeddable":true,"href":"https:\/\/andalubox.com\/fr\/wp-json\/wp\/v2\/product_brand?post=8165"},{"taxonomy":"product_cat","embeddable":true,"href":"https:\/\/andalubox.com\/fr\/wp-json\/wp\/v2\/product_cat?post=8165"},{"taxonomy":"product_tag","embeddable":true,"href":"https:\/\/andalubox.com\/fr\/wp-json\/wp\/v2\/product_tag?post=8165"}],"curies":[{"name":"wp","href":"https:\/\/api.w.org\/{rel}","templated":true}]}}