{"id":8157,"date":"2022-10-26T13:06:45","date_gmt":"2022-10-26T11:06:45","guid":{"rendered":"https:\/\/andalubox.com\/producto-andaluz\/ines-rosales-cortadillo-de-cidra-sans-sucre\/"},"modified":"2025-06-13T21:41:33","modified_gmt":"2025-06-13T19:41:33","slug":"ines-rosales-cortadillo-de-cidra-no-sugar","status":"publish","type":"product","link":"https:\/\/andalubox.com\/fr\/producto-andaluz\/ines-rosales-cortadillo-de-cidra-no-sugar\/","title":{"rendered":"Cortadillos de Cabello de \u00c1ngel Sin Az\u00facar de Sevilla de In\u00e9s Rosales, 216g"},"content":{"rendered":"<p><br>farine de bl\u00e9, cheveux d&#8217;ange [22%, pulpe de potiron, sirop de maltitol, sirop de sorbitol, amidon modifi\u00e9, acidifiant (acide citrique), stabilisants (gomme de caroube, chlorure de calcium), conservateurs (sorbate de potassium, m\u00e9tabisulfite de sodium), ar\u00f4me citron et cannelle], graisse v\u00e9g\u00e9tale (huile de tournesol raffin\u00e9e, huile de colza enti\u00e8rement hydrog\u00e9n\u00e9e, antioxydant (extrait riche en tocoph\u00e9rols)], \u00e9dulcorant (maltitol), agent de charge (polydextrose), m\u00e9lange d&#8217;\u00e9pices, ar\u00f4me citron.<\/p>\n<p>Andalubox mise sur les produits In\u00e9s Rosales. Cuisine espagnole. <\/p>","protected":false},"excerpt":{"rendered":"<p>Un bonbon traditionnel de S\u00e9ville, caract\u00e9ris\u00e9 par son go\u00fbt de citron et de cheveux d&#8217;ange, sans sucres ajout\u00e9s, qui ravira toute la famille. Ines Rosales<\/p>\n","protected":false},"featured_media":12445,"comment_status":"closed","ping_status":"closed","template":"","meta":{"site-sidebar-layout":"default","site-content-layout":"default","ast-site-content-layout":"default","site-content-style":"default","site-sidebar-style":"default","ast-global-header-display":"","ast-banner-title-visibility":"","ast-main-header-display":"","ast-hfb-above-header-display":"","ast-hfb-below-header-display":"","ast-hfb-mobile-header-display":"","site-post-title":"","ast-breadcrumbs-content":"","ast-featured-img":"","footer-sml-layout":"","ast-disable-related-posts":"","theme-transparent-header-meta":"default","adv-header-id-meta":"","stick-header-meta":"","header-above-stick-meta":"","header-main-stick-meta":"","header-below-stick-meta":"","astra-migrate-meta-layouts":"default","ast-page-background-enabled":"default","ast-page-background-meta":{"desktop":{"background-color":"var(--ast-global-color-4)","background-image":"","background-repeat":"repeat","background-position":"center center","background-size":"auto","background-attachment":"scroll","background-type":"","background-media":"","overlay-type":"","overlay-color":"","overlay-opacity":"","overlay-gradient":""},"tablet":{"background-color":"","background-image":"","background-repeat":"repeat","background-position":"center center","background-size":"auto","background-attachment":"scroll","background-type":"","background-media":"","overlay-type":"","overlay-color":"","overlay-opacity":"","overlay-gradient":""},"mobile":{"background-color":"","background-image":"","background-repeat":"repeat","background-position":"center center","background-size":"auto","background-attachment":"scroll","background-type":"","background-media":"","overlay-type":"","overlay-color":"","overlay-opacity":"","overlay-gradient":""}},"ast-content-background-meta":{"desktop":{"background-color":"var(--ast-global-color-5)","background-image":"","background-repeat":"repeat","background-position":"center center","background-size":"auto","background-attachment":"scroll","background-type":"","background-media":"","overlay-type":"","overlay-color":"","overlay-opacity":"","overlay-gradient":""},"tablet":{"background-color":"var(--ast-global-color-5)","background-image":"","background-repeat":"repeat","background-position":"center center","background-size":"auto","background-attachment":"scroll","background-type":"","background-media":"","overlay-type":"","overlay-color":"","overlay-opacity":"","overlay-gradient":""},"mobile":{"background-color":"var(--ast-global-color-5)","background-image":"","background-repeat":"repeat","background-position":"center center","background-size":"auto","background-attachment":"scroll","background-type":"","background-media":"","overlay-type":"","overlay-color":"","overlay-opacity":"","overlay-gradient":""}}},"product_brand":[1218],"product_cat":[],"product_tag":[108],"class_list":{"0":"post-8157","1":"product","2":"type-product","3":"status-publish","4":"has-post-thumbnail","6":"product_brand-ines-rosales","7":"product_tag-seville","8":"desktop-align-left","9":"tablet-align-left","10":"mobile-align-left","12":"first","13":"instock","14":"taxable","15":"shipping-taxable","16":"purchasable","17":"product-type-simple"},"_links":{"self":[{"href":"https:\/\/andalubox.com\/fr\/wp-json\/wp\/v2\/product\/8157","targetHints":{"allow":["GET"]}}],"collection":[{"href":"https:\/\/andalubox.com\/fr\/wp-json\/wp\/v2\/product"}],"about":[{"href":"https:\/\/andalubox.com\/fr\/wp-json\/wp\/v2\/types\/product"}],"replies":[{"embeddable":true,"href":"https:\/\/andalubox.com\/fr\/wp-json\/wp\/v2\/comments?post=8157"}],"wp:featuredmedia":[{"embeddable":true,"href":"https:\/\/andalubox.com\/fr\/wp-json\/wp\/v2\/media\/12445"}],"wp:attachment":[{"href":"https:\/\/andalubox.com\/fr\/wp-json\/wp\/v2\/media?parent=8157"}],"wp:term":[{"taxonomy":"product_brand","embeddable":true,"href":"https:\/\/andalubox.com\/fr\/wp-json\/wp\/v2\/product_brand?post=8157"},{"taxonomy":"product_cat","embeddable":true,"href":"https:\/\/andalubox.com\/fr\/wp-json\/wp\/v2\/product_cat?post=8157"},{"taxonomy":"product_tag","embeddable":true,"href":"https:\/\/andalubox.com\/fr\/wp-json\/wp\/v2\/product_tag?post=8157"}],"curies":[{"name":"wp","href":"https:\/\/api.w.org\/{rel}","templated":true}]}}