{"id":8141,"date":"2022-10-26T13:06:34","date_gmt":"2022-10-26T11:06:34","guid":{"rendered":"https:\/\/andalubox.com\/producto-andaluz\/carmen-lupianez-tourteaux-sans-lactose-sans-oeuf-250g\/"},"modified":"2025-06-13T22:59:02","modified_gmt":"2025-06-13T20:59:02","slug":"carmen-lupianez-tortas-de-aceite-artesanales-250g","status":"publish","type":"product","link":"https:\/\/andalubox.com\/fr\/producto-andaluz\/carmen-lupianez-tortas-de-aceite-artesanales-250g\/","title":{"rendered":"Carmen Lupia\u00f1ez G\u00e2teaux de caroube \u00e0 l&#8217;huile d&#8217;olive extra vierge fourr\u00e9s au chocolat, 270g"},"content":{"rendered":"<p>Les g\u00e2teaux Carmen Lupia\u00f1ez sont des g\u00e2teaux \u00e0 l&#8217;huile d&#8217;olive, un produit au go\u00fbt traditionnel, obtenu \u00e0 partir de l&#8217;huile d&#8217;olive extra vierge fruit\u00e9e sp\u00e9ciale de la vari\u00e9t\u00e9 hojiblanca, combin\u00e9e \u00e0 un m\u00e9lange de farine de bl\u00e9, de sucre, d&#8217;amandes, d&#8217;anis vert (matalah\u00faga), de cannelle et de levure.<\/p>\n<p>Le soin apport\u00e9 \u00e0 la s\u00e9lection de chacun de ces ingr\u00e9dients de premi\u00e8re qualit\u00e9, 100% naturels, et leur production artisanale de g\u00e9n\u00e9ration en g\u00e9n\u00e9ration lui conf\u00e8rent la m\u00eame qualit\u00e9 et le m\u00eame savoir-faire qui ont fait de sa saveur une tradition.<\/p>\n<p>L&#8217;usine est situ\u00e9e au c\u0153ur de l&#8217;Axarqu\u00eda Malague\u00f1a, Algarrobo, mer et montagne, berceau d&#8217;une tradition familiale li\u00e9e aux tourteaux traditionnels.<\/p>\n<p>Les g\u00e2teaux de Carmen Lupia\u00f1ez sont sans LACTOSE et sans OEUF. C&#8217;est un produit VEGAN.<\/p>\n<p>Ingr\u00e9dients : Farine de BLE, sucre, huile d&#8217;olive extra vierge (24%), anis, cannelle, amandes et levure.<\/p>\n<p>Poids net : 250 grammes<\/p>\n<p>Allerg\u00e8nes : contient du gluten et des traces de fruits \u00e0 coque. Sans conservateur ni colorant.<\/p>","protected":false},"excerpt":{"rendered":"<p>Le g\u00e2teau \u00e0 l&#8217;huile CARMEN LUPIA\u00d1EZ est un produit au go\u00fbt traditionnel, obtenu gr\u00e2ce \u00e0 son huile d&#8217;olive extra vierge fruit\u00e9e sp\u00e9ciale de la vari\u00e9t\u00e9 hojiblanca, ainsi qu&#8217;\u00e0 un m\u00e9lange de farine de bl\u00e9, de sucre, d&#8217;amandes, d&#8217;anis vert (matalah\u00faga), de cannelle et de levure.<\/p>\n","protected":false},"featured_media":7079,"template":"","meta":{"site-sidebar-layout":"default","site-content-layout":"default","ast-site-content-layout":"default","site-content-style":"default","site-sidebar-style":"default","ast-global-header-display":"","ast-banner-title-visibility":"","ast-main-header-display":"","ast-hfb-above-header-display":"","ast-hfb-below-header-display":"","ast-hfb-mobile-header-display":"","site-post-title":"","ast-breadcrumbs-content":"","ast-featured-img":"","footer-sml-layout":"","ast-disable-related-posts":"","theme-transparent-header-meta":"default","adv-header-id-meta":"","stick-header-meta":"","header-above-stick-meta":"","header-main-stick-meta":"","header-below-stick-meta":"","astra-migrate-meta-layouts":"default","ast-page-background-enabled":"default","ast-page-background-meta":{"desktop":{"background-color":"var(--ast-global-color-4)","background-image":"","background-repeat":"repeat","background-position":"center center","background-size":"auto","background-attachment":"scroll","background-type":"","background-media":"","overlay-type":"","overlay-color":"","overlay-opacity":"","overlay-gradient":""},"tablet":{"background-color":"","background-image":"","background-repeat":"repeat","background-position":"center center","background-size":"auto","background-attachment":"scroll","background-type":"","background-media":"","overlay-type":"","overlay-color":"","overlay-opacity":"","overlay-gradient":""},"mobile":{"background-color":"","background-image":"","background-repeat":"repeat","background-position":"center center","background-size":"auto","background-attachment":"scroll","background-type":"","background-media":"","overlay-type":"","overlay-color":"","overlay-opacity":"","overlay-gradient":""}},"ast-content-background-meta":{"desktop":{"background-color":"var(--ast-global-color-5)","background-image":"","background-repeat":"repeat","background-position":"center center","background-size":"auto","background-attachment":"scroll","background-type":"","background-media":"","overlay-type":"","overlay-color":"","overlay-opacity":"","overlay-gradient":""},"tablet":{"background-color":"var(--ast-global-color-5)","background-image":"","background-repeat":"repeat","background-position":"center center","background-size":"auto","background-attachment":"scroll","background-type":"","background-media":"","overlay-type":"","overlay-color":"","overlay-opacity":"","overlay-gradient":""},"mobile":{"background-color":"var(--ast-global-color-5)","background-image":"","background-repeat":"repeat","background-position":"center center","background-size":"auto","background-attachment":"scroll","background-type":"","background-media":"","overlay-type":"","overlay-color":"","overlay-opacity":"","overlay-gradient":""}}},"product_brand":[1424],"product_cat":[1517,15],"product_tag":[155],"class_list":{"0":"post-8141","1":"product","2":"type-product","3":"status-publish","4":"has-post-thumbnail","6":"product_brand-carmen-lupianez","7":"product_cat-reposteria-y-dulces-tradicionales","8":"product_cat-sin-categorizar","9":"product_tag-malaga-fr","10":"desktop-align-left","11":"tablet-align-left","12":"mobile-align-left","14":"first","15":"instock","16":"taxable","17":"shipping-taxable","18":"purchasable","19":"product-type-simple"},"_links":{"self":[{"href":"https:\/\/andalubox.com\/fr\/wp-json\/wp\/v2\/product\/8141","targetHints":{"allow":["GET"]}}],"collection":[{"href":"https:\/\/andalubox.com\/fr\/wp-json\/wp\/v2\/product"}],"about":[{"href":"https:\/\/andalubox.com\/fr\/wp-json\/wp\/v2\/types\/product"}],"wp:featuredmedia":[{"embeddable":true,"href":"https:\/\/andalubox.com\/fr\/wp-json\/wp\/v2\/media\/7079"}],"wp:attachment":[{"href":"https:\/\/andalubox.com\/fr\/wp-json\/wp\/v2\/media?parent=8141"}],"wp:term":[{"taxonomy":"product_brand","embeddable":true,"href":"https:\/\/andalubox.com\/fr\/wp-json\/wp\/v2\/product_brand?post=8141"},{"taxonomy":"product_cat","embeddable":true,"href":"https:\/\/andalubox.com\/fr\/wp-json\/wp\/v2\/product_cat?post=8141"},{"taxonomy":"product_tag","embeddable":true,"href":"https:\/\/andalubox.com\/fr\/wp-json\/wp\/v2\/product_tag?post=8141"}],"curies":[{"name":"wp","href":"https:\/\/api.w.org\/{rel}","templated":true}]}}