{"id":8132,"date":"2022-10-26T13:06:35","date_gmt":"2022-10-26T11:06:35","guid":{"rendered":"https:\/\/andalubox.com\/producto-andaluz\/la-creme-farcie-aux-biscuits-frits-gujio-450gr\/"},"modified":"2025-06-13T23:14:33","modified_gmt":"2025-06-13T21:14:33","slug":"el-gujio-cookie-frit-farci-creme-450gr","status":"publish","type":"product","link":"https:\/\/andalubox.com\/fr\/producto-andaluz\/el-gujio-cookie-frit-farci-creme-450gr\/","title":{"rendered":"El Guijo San Jos\u00e9 de la Rinconada Biscuits frits fourr\u00e9s \u00e0 la cr\u00e8me, 300g"},"content":{"rendered":"<p><strong>INGREDIENTS<\/strong>: Cr\u00e8me \u00e0 la vanille (40 %) (Sirop de glucose, eau, sucre, stabilisateurs (E-1442, E-1200 et E-401), \u00e9paississant (E-466), conservateur (E202, E281), acidifiant E-(296.), colorant (E-101, E-160-a, E-171), ar\u00f4mes et sel. Biscuit (35,2 %) (farine de bl\u00e9, sucre, sirop (glucose-fructose), huile de tournesol riche en acide ol\u00e9ique et en huile de palme, sel, bicarbonate de sodium E-500ii et bicarbonate d&#8217;ammonium E-503ii, \u00e9mulsifiant (l\u00e9cithine de tournesol), ar\u00f4me et agents de traitement de la farine (E-223) (contient des sulfites)), huile de tournesol, sucre.<\/p>","protected":false},"excerpt":{"rendered":"<p>De d\u00e9licieux biscuits frits fourr\u00e9s de cr\u00e8me p\u00e2tissi\u00e8re \u00e0 la vanille. Elabor\u00e9 par El Guijo. Produit traditionnel andalou<\/p>\n","protected":false},"featured_media":7097,"comment_status":"closed","ping_status":"closed","template":"","meta":{"site-sidebar-layout":"default","site-content-layout":"default","ast-site-content-layout":"default","site-content-style":"default","site-sidebar-style":"default","ast-global-header-display":"","ast-banner-title-visibility":"","ast-main-header-display":"","ast-hfb-above-header-display":"","ast-hfb-below-header-display":"","ast-hfb-mobile-header-display":"","site-post-title":"","ast-breadcrumbs-content":"","ast-featured-img":"","footer-sml-layout":"","ast-disable-related-posts":"","theme-transparent-header-meta":"default","adv-header-id-meta":"","stick-header-meta":"","header-above-stick-meta":"","header-main-stick-meta":"","header-below-stick-meta":"","astra-migrate-meta-layouts":"default","ast-page-background-enabled":"default","ast-page-background-meta":{"desktop":{"background-color":"var(--ast-global-color-4)","background-image":"","background-repeat":"repeat","background-position":"center center","background-size":"auto","background-attachment":"scroll","background-type":"","background-media":"","overlay-type":"","overlay-color":"","overlay-opacity":"","overlay-gradient":""},"tablet":{"background-color":"","background-image":"","background-repeat":"repeat","background-position":"center center","background-size":"auto","background-attachment":"scroll","background-type":"","background-media":"","overlay-type":"","overlay-color":"","overlay-opacity":"","overlay-gradient":""},"mobile":{"background-color":"","background-image":"","background-repeat":"repeat","background-position":"center center","background-size":"auto","background-attachment":"scroll","background-type":"","background-media":"","overlay-type":"","overlay-color":"","overlay-opacity":"","overlay-gradient":""}},"ast-content-background-meta":{"desktop":{"background-color":"var(--ast-global-color-5)","background-image":"","background-repeat":"repeat","background-position":"center center","background-size":"auto","background-attachment":"scroll","background-type":"","background-media":"","overlay-type":"","overlay-color":"","overlay-opacity":"","overlay-gradient":""},"tablet":{"background-color":"var(--ast-global-color-5)","background-image":"","background-repeat":"repeat","background-position":"center center","background-size":"auto","background-attachment":"scroll","background-type":"","background-media":"","overlay-type":"","overlay-color":"","overlay-opacity":"","overlay-gradient":""},"mobile":{"background-color":"var(--ast-global-color-5)","background-image":"","background-repeat":"repeat","background-position":"center center","background-size":"auto","background-attachment":"scroll","background-type":"","background-media":"","overlay-type":"","overlay-color":"","overlay-opacity":"","overlay-gradient":""}}},"product_brand":[1438],"product_cat":[1640],"product_tag":[],"class_list":{"0":"post-8132","1":"product","2":"type-product","3":"status-publish","4":"has-post-thumbnail","6":"product_brand-el-guijo","7":"product_cat-reposteria-y-dulces-tradicionales-fr","8":"desktop-align-left","9":"tablet-align-left","10":"mobile-align-left","12":"first","13":"instock","14":"taxable","15":"shipping-taxable","16":"purchasable","17":"product-type-simple"},"_links":{"self":[{"href":"https:\/\/andalubox.com\/fr\/wp-json\/wp\/v2\/product\/8132","targetHints":{"allow":["GET"]}}],"collection":[{"href":"https:\/\/andalubox.com\/fr\/wp-json\/wp\/v2\/product"}],"about":[{"href":"https:\/\/andalubox.com\/fr\/wp-json\/wp\/v2\/types\/product"}],"replies":[{"embeddable":true,"href":"https:\/\/andalubox.com\/fr\/wp-json\/wp\/v2\/comments?post=8132"}],"wp:featuredmedia":[{"embeddable":true,"href":"https:\/\/andalubox.com\/fr\/wp-json\/wp\/v2\/media\/7097"}],"wp:attachment":[{"href":"https:\/\/andalubox.com\/fr\/wp-json\/wp\/v2\/media?parent=8132"}],"wp:term":[{"taxonomy":"product_brand","embeddable":true,"href":"https:\/\/andalubox.com\/fr\/wp-json\/wp\/v2\/product_brand?post=8132"},{"taxonomy":"product_cat","embeddable":true,"href":"https:\/\/andalubox.com\/fr\/wp-json\/wp\/v2\/product_cat?post=8132"},{"taxonomy":"product_tag","embeddable":true,"href":"https:\/\/andalubox.com\/fr\/wp-json\/wp\/v2\/product_tag?post=8132"}],"curies":[{"name":"wp","href":"https:\/\/api.w.org\/{rel}","templated":true}]}}