{"id":8128,"date":"2022-10-26T13:06:45","date_gmt":"2022-10-26T11:06:45","guid":{"rendered":"https:\/\/andalubox.com\/producto-andaluz\/ines-rosales-cortadillo-de-cidra\/"},"modified":"2025-11-29T11:32:10","modified_gmt":"2025-11-29T10:32:10","slug":"ines-rosales-cortadillo-de-cidra","status":"publish","type":"product","link":"https:\/\/andalubox.com\/fr\/producto-andaluz\/ines-rosales-cortadillo-de-cidra\/","title":{"rendered":"Cortadillos de Cabello de \u00c1ngel de Sevilla de In\u00e9s Rosales, 144gr"},"content":{"rendered":"<p>Compos\u00e9 de farine de bl\u00e9, garniture cheveux d&#8217;ange [30%, pulpe de potiron, sucre, sirop de glucose et de fructose, amidon modifi\u00e9, acidifiant (acide citrique), conservateurs (sorbate de potassium, m\u00e9tabisulfite de sodium), stabilisateur (chlorure de calcium), ar\u00f4me cannelle], huile de tournesol riche en acide ol\u00e9ique (16%), sucre, sucre anti-humidit\u00e9 (dextrose, sucre, anti-agglom\u00e9rant (carbonate de calcium), graisse v\u00e9g\u00e9tale enti\u00e8rement hydrog\u00e9n\u00e9e (palme 0,2%)), m\u00e9lange d&#8217;\u00e9pices, ar\u00f4me citron.<\/p>\n<p>Andalubox mise sur les produits In\u00e9s Rosales. Cuisine espagnole. <\/p>","protected":false},"excerpt":{"rendered":"<p>Un bonbon traditionnel de S\u00e9ville, caract\u00e9ris\u00e9 par son go\u00fbt de citron et de cheveux d&#8217;ange, qui ravira toute la famille. Fabriqu\u00e9 avec les meilleurs ingr\u00e9dients par In\u00e9s Rosales<\/p>\n","protected":false},"featured_media":14084,"comment_status":"closed","ping_status":"closed","template":"","meta":{"site-sidebar-layout":"default","site-content-layout":"default","ast-site-content-layout":"default","site-content-style":"default","site-sidebar-style":"default","ast-global-header-display":"","ast-banner-title-visibility":"","ast-main-header-display":"","ast-hfb-above-header-display":"","ast-hfb-below-header-display":"","ast-hfb-mobile-header-display":"","site-post-title":"","ast-breadcrumbs-content":"","ast-featured-img":"","footer-sml-layout":"","ast-disable-related-posts":"","theme-transparent-header-meta":"default","adv-header-id-meta":"","stick-header-meta":"","header-above-stick-meta":"","header-main-stick-meta":"","header-below-stick-meta":"","astra-migrate-meta-layouts":"default","ast-page-background-enabled":"default","ast-page-background-meta":{"desktop":{"background-color":"var(--ast-global-color-4)","background-image":"","background-repeat":"repeat","background-position":"center center","background-size":"auto","background-attachment":"scroll","background-type":"","background-media":"","overlay-type":"","overlay-color":"","overlay-opacity":"","overlay-gradient":""},"tablet":{"background-color":"","background-image":"","background-repeat":"repeat","background-position":"center center","background-size":"auto","background-attachment":"scroll","background-type":"","background-media":"","overlay-type":"","overlay-color":"","overlay-opacity":"","overlay-gradient":""},"mobile":{"background-color":"","background-image":"","background-repeat":"repeat","background-position":"center center","background-size":"auto","background-attachment":"scroll","background-type":"","background-media":"","overlay-type":"","overlay-color":"","overlay-opacity":"","overlay-gradient":""}},"ast-content-background-meta":{"desktop":{"background-color":"var(--ast-global-color-5)","background-image":"","background-repeat":"repeat","background-position":"center center","background-size":"auto","background-attachment":"scroll","background-type":"","background-media":"","overlay-type":"","overlay-color":"","overlay-opacity":"","overlay-gradient":""},"tablet":{"background-color":"var(--ast-global-color-5)","background-image":"","background-repeat":"repeat","background-position":"center center","background-size":"auto","background-attachment":"scroll","background-type":"","background-media":"","overlay-type":"","overlay-color":"","overlay-opacity":"","overlay-gradient":""},"mobile":{"background-color":"var(--ast-global-color-5)","background-image":"","background-repeat":"repeat","background-position":"center center","background-size":"auto","background-attachment":"scroll","background-type":"","background-media":"","overlay-type":"","overlay-color":"","overlay-opacity":"","overlay-gradient":""}}},"product_brand":[1218],"product_cat":[1640,15],"product_tag":[],"class_list":{"0":"post-8128","1":"product","2":"type-product","3":"status-publish","4":"has-post-thumbnail","6":"product_brand-ines-rosales","7":"product_cat-reposteria-y-dulces-tradicionales-fr","8":"product_cat-sin-categorizar","9":"desktop-align-left","10":"tablet-align-left","11":"mobile-align-left","13":"first","14":"instock","15":"taxable","16":"shipping-taxable","17":"purchasable","18":"product-type-simple"},"_links":{"self":[{"href":"https:\/\/andalubox.com\/fr\/wp-json\/wp\/v2\/product\/8128","targetHints":{"allow":["GET"]}}],"collection":[{"href":"https:\/\/andalubox.com\/fr\/wp-json\/wp\/v2\/product"}],"about":[{"href":"https:\/\/andalubox.com\/fr\/wp-json\/wp\/v2\/types\/product"}],"replies":[{"embeddable":true,"href":"https:\/\/andalubox.com\/fr\/wp-json\/wp\/v2\/comments?post=8128"}],"wp:featuredmedia":[{"embeddable":true,"href":"https:\/\/andalubox.com\/fr\/wp-json\/wp\/v2\/media\/14084"}],"wp:attachment":[{"href":"https:\/\/andalubox.com\/fr\/wp-json\/wp\/v2\/media?parent=8128"}],"wp:term":[{"taxonomy":"product_brand","embeddable":true,"href":"https:\/\/andalubox.com\/fr\/wp-json\/wp\/v2\/product_brand?post=8128"},{"taxonomy":"product_cat","embeddable":true,"href":"https:\/\/andalubox.com\/fr\/wp-json\/wp\/v2\/product_cat?post=8128"},{"taxonomy":"product_tag","embeddable":true,"href":"https:\/\/andalubox.com\/fr\/wp-json\/wp\/v2\/product_tag?post=8128"}],"curies":[{"name":"wp","href":"https:\/\/api.w.org\/{rel}","templated":true}]}}