{"id":8118,"date":"2022-10-26T13:06:33","date_gmt":"2022-10-26T11:06:33","guid":{"rendered":"https:\/\/andalubox.com\/producto-andaluz\/ines-rosales-sucre-pestinos-sans-miel-230gr\/"},"modified":"2026-01-28T10:54:09","modified_gmt":"2026-01-28T09:54:09","slug":"ines-rosales-pestinos-de-azucar-sin-miel-230gr","status":"publish","type":"product","link":"https:\/\/andalubox.com\/fr\/producto-andaluz\/ines-rosales-pestinos-de-azucar-sin-miel-230gr\/","title":{"rendered":"In\u00e9s Rosales Sugar Pesti\u00f1os de Az\u00facar Sin Miel 230g"},"content":{"rendered":"<p>In\u00e9s Rosales Sugar Pesti\u00f1os de Az\u00facar Sin Miel 230g<\/p>\n<p>Les <b>Pesti\u00f1os de Az\u00facar Sin Miel<\/b> de In\u00e9s Rosales 230g sont une variante de cette sucrerie andalouse traditionnelle, id\u00e9ale pour ceux qui pr\u00e9f\u00e8rent une saveur sans la douceur caract\u00e9ristique du miel.<\/p>\n<p><b>Caract\u00e9ristiques principales :<\/b><\/p>\n<ul>\n\t<li>\n<p><b>Produit :<\/b> Pesti\u00f1os frits de mani\u00e8re traditionnelle.<\/p>\n<\/li>\n\t<li>\n<p><b>Format :<\/b> paquet de 230g.<\/p>\n<\/li>\n\t<li>\n<p><b>Pr\u00e9paration :<\/b> Ils sont pr\u00e9par\u00e9s de mani\u00e8re traditionnelle, avec de la p\u00e2te frite et aromatis\u00e9e.<\/p>\n<\/li>\n\t<li>\n<p><b>Go\u00fbt :<\/b> L\u00e9g\u00e8rement saupoudr\u00e9 de sucre. Parfum\u00e9e \u00e0 l&#8217;anis et \u00e0 la cannelle. <\/p>\n<\/li>\n<\/ul>\n<p><b>Ingr\u00e9dients (sur la base des informations disponibles) :<\/b><\/p>\n<ul>\n\t<li>\n<p>Farine de bl\u00e9<\/p>\n<\/li>\n\t<li>\n<p>Sucre<\/p>\n<\/li>\n\t<li>\n<p>Huile de tournesol raffin\u00e9e \u00e0 haute teneur en acide ol\u00e9ique<\/p>\n<\/li>\n\t<li>\n<p>Lard ib\u00e9rique<\/p>\n<\/li>\n\t<li>\n<p>Vin (sulfites)<\/p>\n<\/li>\n\t<li>\n<p>Sel de mer<\/p>\n<\/li>\n\t<li>\n<p>Matalah\u00faga (graines d&#8217;anis)<\/p>\n<\/li>\n\t<li>\n<p>Ar\u00f4me naturel d&#8217;anis<\/p>\n<\/li>\n\t<li>\n<p>Ar\u00f4me de cannelle<\/p>\n<\/li>\n\t<li>\n<p>Stabilisateur (carboxym\u00e9thylcellulose)<\/p>\n<\/li>\n<\/ul>\n<p><b>Informations nutritionnelles (valeurs approximatives pour 100 g, celles-ci pouvant varier l\u00e9g\u00e8rement) :<\/b><\/p>\n<ul>\n\t<li>\n<p><b>Valeur \u00e9nerg\u00e9tique :<\/b> environ 524 kcal \/ 2185 kJ<\/p>\n<\/li>\n\t<li>\n<p><b>Mati\u00e8res grasses :<\/b> environ 33 g (dont 6,5 g de graisses satur\u00e9es)<\/p>\n<\/li>\n\t<li>\n<p><b>Glucides :<\/b> environ 53g (dont 24g de sucres)<\/p>\n<\/li>\n\t<li>\n<p><b>Fibres alimentaires :<\/b> environ 1,3 g<\/p>\n<\/li>\n\t<li>\n<p><b>Prot\u00e9ines :<\/b> environ 3,2 g<\/p>\n<\/li>\n\t<li>\n<p><b>Sel :<\/b> environ 0,37 g<\/p>\n<\/li>\n<\/ul>\n<p><b>Allerg\u00e8nes :<\/b><\/p>\n<ul>\n\t<li>\n<p>Contient du <b>gluten<\/b> et des <b>sulfites<\/b>.<\/p>\n<\/li>\n\t<li>\n<p>Peut contenir des traces de soja, de moutarde et d&#8217;\u0153uf.<\/p>\n<\/li>\n<\/ul>\n<p>C&#8217;est une douceur parfaite pour accompagner le caf\u00e9 ou le th\u00e9, ou \u00e0 d\u00e9guster comme dessert \u00e0 tout moment.<\/p>","protected":false},"excerpt":{"rendered":"<p>In\u00e9s Rosales Sugar Pesti\u00f1os de Az\u00facar Sin Miel 230g<\/p>\n","protected":false},"featured_media":7070,"comment_status":"closed","ping_status":"closed","template":"","meta":{"site-sidebar-layout":"default","site-content-layout":"default","ast-site-content-layout":"default","site-content-style":"default","site-sidebar-style":"default","ast-global-header-display":"","ast-banner-title-visibility":"","ast-main-header-display":"","ast-hfb-above-header-display":"","ast-hfb-below-header-display":"","ast-hfb-mobile-header-display":"","site-post-title":"","ast-breadcrumbs-content":"","ast-featured-img":"","footer-sml-layout":"","ast-disable-related-posts":"","theme-transparent-header-meta":"default","adv-header-id-meta":"","stick-header-meta":"","header-above-stick-meta":"","header-main-stick-meta":"","header-below-stick-meta":"","astra-migrate-meta-layouts":"default","ast-page-background-enabled":"default","ast-page-background-meta":{"desktop":{"background-color":"var(--ast-global-color-4)","background-image":"","background-repeat":"repeat","background-position":"center center","background-size":"auto","background-attachment":"scroll","background-type":"","background-media":"","overlay-type":"","overlay-color":"","overlay-opacity":"","overlay-gradient":""},"tablet":{"background-color":"","background-image":"","background-repeat":"repeat","background-position":"center center","background-size":"auto","background-attachment":"scroll","background-type":"","background-media":"","overlay-type":"","overlay-color":"","overlay-opacity":"","overlay-gradient":""},"mobile":{"background-color":"","background-image":"","background-repeat":"repeat","background-position":"center center","background-size":"auto","background-attachment":"scroll","background-type":"","background-media":"","overlay-type":"","overlay-color":"","overlay-opacity":"","overlay-gradient":""}},"ast-content-background-meta":{"desktop":{"background-color":"var(--ast-global-color-5)","background-image":"","background-repeat":"repeat","background-position":"center center","background-size":"auto","background-attachment":"scroll","background-type":"","background-media":"","overlay-type":"","overlay-color":"","overlay-opacity":"","overlay-gradient":""},"tablet":{"background-color":"var(--ast-global-color-5)","background-image":"","background-repeat":"repeat","background-position":"center center","background-size":"auto","background-attachment":"scroll","background-type":"","background-media":"","overlay-type":"","overlay-color":"","overlay-opacity":"","overlay-gradient":""},"mobile":{"background-color":"var(--ast-global-color-5)","background-image":"","background-repeat":"repeat","background-position":"center center","background-size":"auto","background-attachment":"scroll","background-type":"","background-media":"","overlay-type":"","overlay-color":"","overlay-opacity":"","overlay-gradient":""}}},"product_brand":[1218],"product_cat":[15],"product_tag":[108],"class_list":{"0":"post-8118","1":"product","2":"type-product","3":"status-publish","4":"has-post-thumbnail","6":"product_brand-ines-rosales","7":"product_cat-sin-categorizar","8":"product_tag-seville","9":"desktop-align-left","10":"tablet-align-left","11":"mobile-align-left","13":"first","14":"instock","15":"taxable","16":"shipping-taxable","17":"purchasable","18":"product-type-simple"},"_links":{"self":[{"href":"https:\/\/andalubox.com\/fr\/wp-json\/wp\/v2\/product\/8118","targetHints":{"allow":["GET"]}}],"collection":[{"href":"https:\/\/andalubox.com\/fr\/wp-json\/wp\/v2\/product"}],"about":[{"href":"https:\/\/andalubox.com\/fr\/wp-json\/wp\/v2\/types\/product"}],"replies":[{"embeddable":true,"href":"https:\/\/andalubox.com\/fr\/wp-json\/wp\/v2\/comments?post=8118"}],"wp:featuredmedia":[{"embeddable":true,"href":"https:\/\/andalubox.com\/fr\/wp-json\/wp\/v2\/media\/7070"}],"wp:attachment":[{"href":"https:\/\/andalubox.com\/fr\/wp-json\/wp\/v2\/media?parent=8118"}],"wp:term":[{"taxonomy":"product_brand","embeddable":true,"href":"https:\/\/andalubox.com\/fr\/wp-json\/wp\/v2\/product_brand?post=8118"},{"taxonomy":"product_cat","embeddable":true,"href":"https:\/\/andalubox.com\/fr\/wp-json\/wp\/v2\/product_cat?post=8118"},{"taxonomy":"product_tag","embeddable":true,"href":"https:\/\/andalubox.com\/fr\/wp-json\/wp\/v2\/product_tag?post=8118"}],"curies":[{"name":"wp","href":"https:\/\/api.w.org\/{rel}","templated":true}]}}