{"id":8114,"date":"2022-10-26T13:06:21","date_gmt":"2022-10-26T11:06:21","guid":{"rendered":"https:\/\/andalubox.com\/producto-andaluz\/alsur-coeurs-dartichauts-mini-250gr\/"},"modified":"2025-06-17T11:37:37","modified_gmt":"2025-06-17T09:37:37","slug":"alsur-artichauts-coeurs-mini-250gr","status":"publish","type":"product","link":"https:\/\/andalubox.com\/fr\/producto-andaluz\/alsur-artichauts-coeurs-mini-250gr\/","title":{"rendered":"Alsur Antequera Artichoke Hearts Mini Baby 20-25 fruits, 225g"},"content":{"rendered":"<div class=\"block_1\">\n<p class=\"marg_3\">Les c\u0153urs d&#8217;artichauts Alsur sont pr\u00e9par\u00e9s \u00e0 partir de t\u00eates d\u00e9pourvues de tiges et de bract\u00e9es ext\u00e9rieures coriaces, ils ne sont donc constitu\u00e9s que du r\u00e9ceptacle et des bract\u00e9es int\u00e9rieures tendres. Chez Alsur, nous maintenons leur aspect, et surtout les qualit\u00e9s organoleptiques du produit conserv\u00e9, qui sont extraordinairement proches de celles du produit frais.<\/p>\n<div class=\"info\">\n<h3 class=\"info-title\">Informations g\u00e9n\u00e9rales<\/h3>\n<ul class=\"info-list\">\n\t<li class=\"info-item\"><span class=\"info-key \">Nom de la denr\u00e9e :<\/span> Artichaut 20\/25 fruits<\/li>\n\t<li class=\"info-item\"><span class=\"info-key \">Pays d&#8217;origine :<\/span> P\u00e9rou<\/li>\n\t<li class=\"info-item\"><span class=\"info-key \">Nom de l&#8217;op\u00e9rateur :<\/span> Sola de Antequera, S.A.<\/li>\n\t<li class=\"info-item\"><span class=\"info-key \">Adresse de l&#8217;op\u00e9rateur :<\/span> Ctra. C\u00f3rdoba &#8211; M\u00e1laga km 520, 29200 Antequera (M\u00e1laga) <\/li>\n\t<li class=\"info-item\"><span class=\"info-key \">Lieu de provenance des denr\u00e9es alimentaires :<\/span> Peru_Peru_Peru_Peru_Peru<\/li>\n\t<li class=\"info-item\"><span class=\"info-key \">Quantit\u00e9 nette :<\/span> 225 g<\/li>\n\t<li class=\"info-item\"><span class=\"info-key \">Poids net \u00e9goutt\u00e9 :<\/span> 150 g<\/li>\n<\/ul>\n<\/div>\n<div class=\"info\">\n<h3 class=\"info-title\">Ingr\u00e9dients et allerg\u00e8nes<\/h3>\n<ul class=\"info-list\">\n\t<li class=\"info-item\">Artichaut, eau, sel et acidifiant : acide citrique<\/li>\n<\/ul>\n<\/div>\n<div class=\"info _nutrients\">\n<h4 class=\"info-title\">Nutriments<\/h4>\n<p>Energie : 178kj\/42kcal ; Graisses : 0.28g Graisses satur\u00e9es : 0.07g ; Glucides : 7.72g ; dont Sucres : 3.88g ; Prot\u00e9ines : 2.13g ; Fibres : 2.33g ; Sel : 0.73g<\/p>\n<\/div>\n<\/div>","protected":false},"excerpt":{"rendered":"<p>Pr\u00e9par\u00e9 \u00e0 partir de capitules d\u00e9pourvus de tiges et de bract\u00e9es ext\u00e9rieures coriaces, donc constitu\u00e9s uniquement du r\u00e9ceptacle.<\/p>\n","protected":false},"featured_media":31550,"template":"","meta":{"site-sidebar-layout":"default","site-content-layout":"default","ast-site-content-layout":"default","site-content-style":"default","site-sidebar-style":"default","ast-global-header-display":"","ast-banner-title-visibility":"","ast-main-header-display":"","ast-hfb-above-header-display":"","ast-hfb-below-header-display":"","ast-hfb-mobile-header-display":"","site-post-title":"","ast-breadcrumbs-content":"","ast-featured-img":"","footer-sml-layout":"","ast-disable-related-posts":"","theme-transparent-header-meta":"default","adv-header-id-meta":"","stick-header-meta":"","header-above-stick-meta":"","header-main-stick-meta":"","header-below-stick-meta":"","astra-migrate-meta-layouts":"default","ast-page-background-enabled":"default","ast-page-background-meta":{"desktop":{"background-color":"var(--ast-global-color-4)","background-image":"","background-repeat":"repeat","background-position":"center center","background-size":"auto","background-attachment":"scroll","background-type":"","background-media":"","overlay-type":"","overlay-color":"","overlay-opacity":"","overlay-gradient":""},"tablet":{"background-color":"","background-image":"","background-repeat":"repeat","background-position":"center center","background-size":"auto","background-attachment":"scroll","background-type":"","background-media":"","overlay-type":"","overlay-color":"","overlay-opacity":"","overlay-gradient":""},"mobile":{"background-color":"","background-image":"","background-repeat":"repeat","background-position":"center center","background-size":"auto","background-attachment":"scroll","background-type":"","background-media":"","overlay-type":"","overlay-color":"","overlay-opacity":"","overlay-gradient":""}},"ast-content-background-meta":{"desktop":{"background-color":"var(--ast-global-color-5)","background-image":"","background-repeat":"repeat","background-position":"center center","background-size":"auto","background-attachment":"scroll","background-type":"","background-media":"","overlay-type":"","overlay-color":"","overlay-opacity":"","overlay-gradient":""},"tablet":{"background-color":"var(--ast-global-color-5)","background-image":"","background-repeat":"repeat","background-position":"center center","background-size":"auto","background-attachment":"scroll","background-type":"","background-media":"","overlay-type":"","overlay-color":"","overlay-opacity":"","overlay-gradient":""},"mobile":{"background-color":"var(--ast-global-color-5)","background-image":"","background-repeat":"repeat","background-position":"center center","background-size":"auto","background-attachment":"scroll","background-type":"","background-media":"","overlay-type":"","overlay-color":"","overlay-opacity":"","overlay-gradient":""}}},"product_brand":[1132],"product_cat":[1606],"product_tag":[155],"class_list":{"0":"post-8114","1":"product","2":"type-product","3":"status-publish","4":"has-post-thumbnail","6":"product_brand-alsur","7":"product_cat-legumes-du-jardin","8":"product_tag-malaga-fr","9":"desktop-align-left","10":"tablet-align-left","11":"mobile-align-left","13":"first","14":"outofstock","15":"taxable","16":"shipping-taxable","17":"purchasable","18":"product-type-simple"},"_links":{"self":[{"href":"https:\/\/andalubox.com\/fr\/wp-json\/wp\/v2\/product\/8114","targetHints":{"allow":["GET"]}}],"collection":[{"href":"https:\/\/andalubox.com\/fr\/wp-json\/wp\/v2\/product"}],"about":[{"href":"https:\/\/andalubox.com\/fr\/wp-json\/wp\/v2\/types\/product"}],"wp:featuredmedia":[{"embeddable":true,"href":"https:\/\/andalubox.com\/fr\/wp-json\/wp\/v2\/media\/31550"}],"wp:attachment":[{"href":"https:\/\/andalubox.com\/fr\/wp-json\/wp\/v2\/media?parent=8114"}],"wp:term":[{"taxonomy":"product_brand","embeddable":true,"href":"https:\/\/andalubox.com\/fr\/wp-json\/wp\/v2\/product_brand?post=8114"},{"taxonomy":"product_cat","embeddable":true,"href":"https:\/\/andalubox.com\/fr\/wp-json\/wp\/v2\/product_cat?post=8114"},{"taxonomy":"product_tag","embeddable":true,"href":"https:\/\/andalubox.com\/fr\/wp-json\/wp\/v2\/product_tag?post=8114"}],"curies":[{"name":"wp","href":"https:\/\/api.w.org\/{rel}","templated":true}]}}