{"id":8104,"date":"2022-10-26T13:06:19","date_gmt":"2022-10-26T11:06:19","guid":{"rendered":"https:\/\/andalubox.com\/producto-andaluz\/pack-espagnol-3-mini-bar-epice\/"},"modified":"2026-01-29T16:30:18","modified_gmt":"2026-01-29T15:30:18","slug":"espanola-pack-3-mini-bar-picants","status":"publish","type":"product","link":"https:\/\/andalubox.com\/fr\/producto-andaluz\/espanola-pack-3-mini-bar-picants\/","title":{"rendered":"La Espa\u00f1ola Olives Valientes farcies au piment, paquet de 3x50g"},"content":{"rendered":"<p>Olives La Espa\u00f1ola Valientes farcies de morceaux de piment, paquet de 3x50g.<br>Les olives La Espa\u00f1ola Valientes sont des olives Manzanilla vertes farcies de morceaux de piment, con\u00e7ues pour ceux qui recherchent une saveur \u00e9pic\u00e9e et audacieuse. Ces olives, qui font partie de la gamme &#8220;Valientes&#8221;, ont re\u00e7u le label &#8220;Saveur de l&#8217;ann\u00e9e 2021&#8221; pour leur recette am\u00e9lior\u00e9e, qui allie la texture ferme des olives au piquant du piment. Elles sont id\u00e9ales \u00e0 l&#8217;ap\u00e9ritif, dans les salades, ou pour accompagner les cocktails et les plats qui n\u00e9cessitent un coup de pouce piquant.<br>Caract\u00e9ristiques:Ingr\u00e9dients : Olives vertes Manzanilla, sel, piment 6% (piments, stabilisateur : gomme xanthane), cayenne, exhausteurs de go\u00fbt (E-621, E-635), acidifiant (acide citrique), antioxydant (acide ascorbique), stabilisateur (chlorure de calcium), ar\u00f4mes. Produit pasteuris\u00e9, sans gluten.<br>Poids : Emballage de 3 bo\u00eetes de 50 g chacune (150 g au total, poids net \u00e9goutt\u00e9).<br>Conservation : Conserver \u00e0 temp\u00e9rature ambiante dans un r\u00e9cipient herm\u00e9tique. Apr\u00e8s ouverture, conservez au r\u00e9frig\u00e9rateur avec le plus de liquide possible et consommez dans les 7 jours.<br>Go\u00fbt et utilisation : Go\u00fbt \u00e9pic\u00e9 avec des morceaux de piment, parfait pour les ap\u00e9ritifs, les salades, ou pour ajouter une touche audacieuse \u00e0 vos plats. Servir de pr\u00e9f\u00e9rence froid pour une saveur plus intense.<br>Sans gluten : Convient aux r\u00e9gimes sans gluten.     <\/p>\n<p>Si vous aimez les saveurs plus audacieuses et que vous dites toujours oui au tr\u00e8s \u00e9pic\u00e9, pour vous, VALIENTES, des olives farcies de morceaux de piment. Cette famille de produits s&#8217;est vue d\u00e9cerner le label FLAVOUR OF THE YEAR 2021.<\/p>","protected":false},"excerpt":{"rendered":"<p>La Espa\u00f1ola Valientes Olives farcies aux piments, paquet de 3x50g pour l&#8217;exportation vers l&#8217;Europe.<\/p>\n","protected":false},"featured_media":6989,"comment_status":"closed","ping_status":"closed","template":"","meta":{"site-sidebar-layout":"default","site-content-layout":"default","ast-site-content-layout":"default","site-content-style":"default","site-sidebar-style":"default","ast-global-header-display":"","ast-banner-title-visibility":"","ast-main-header-display":"","ast-hfb-above-header-display":"","ast-hfb-below-header-display":"","ast-hfb-mobile-header-display":"","site-post-title":"","ast-breadcrumbs-content":"","ast-featured-img":"","footer-sml-layout":"","ast-disable-related-posts":"","theme-transparent-header-meta":"default","adv-header-id-meta":"","stick-header-meta":"","header-above-stick-meta":"","header-main-stick-meta":"","header-below-stick-meta":"","astra-migrate-meta-layouts":"default","ast-page-background-enabled":"default","ast-page-background-meta":{"desktop":{"background-color":"var(--ast-global-color-4)","background-image":"","background-repeat":"repeat","background-position":"center center","background-size":"auto","background-attachment":"scroll","background-type":"","background-media":"","overlay-type":"","overlay-color":"","overlay-opacity":"","overlay-gradient":""},"tablet":{"background-color":"","background-image":"","background-repeat":"repeat","background-position":"center center","background-size":"auto","background-attachment":"scroll","background-type":"","background-media":"","overlay-type":"","overlay-color":"","overlay-opacity":"","overlay-gradient":""},"mobile":{"background-color":"","background-image":"","background-repeat":"repeat","background-position":"center center","background-size":"auto","background-attachment":"scroll","background-type":"","background-media":"","overlay-type":"","overlay-color":"","overlay-opacity":"","overlay-gradient":""}},"ast-content-background-meta":{"desktop":{"background-color":"var(--ast-global-color-5)","background-image":"","background-repeat":"repeat","background-position":"center center","background-size":"auto","background-attachment":"scroll","background-type":"","background-media":"","overlay-type":"","overlay-color":"","overlay-opacity":"","overlay-gradient":""},"tablet":{"background-color":"var(--ast-global-color-5)","background-image":"","background-repeat":"repeat","background-position":"center center","background-size":"auto","background-attachment":"scroll","background-type":"","background-media":"","overlay-type":"","overlay-color":"","overlay-opacity":"","overlay-gradient":""},"mobile":{"background-color":"var(--ast-global-color-5)","background-image":"","background-repeat":"repeat","background-position":"center center","background-size":"auto","background-attachment":"scroll","background-type":"","background-media":"","overlay-type":"","overlay-color":"","overlay-opacity":"","overlay-gradient":""}}},"product_brand":[1119],"product_cat":[],"product_tag":[],"class_list":{"0":"post-8104","1":"product","2":"type-product","3":"status-publish","4":"has-post-thumbnail","6":"product_brand-la-espanola","7":"desktop-align-left","8":"tablet-align-left","9":"mobile-align-left","11":"first","12":"outofstock","13":"taxable","14":"shipping-taxable","15":"purchasable","16":"product-type-simple"},"_links":{"self":[{"href":"https:\/\/andalubox.com\/fr\/wp-json\/wp\/v2\/product\/8104","targetHints":{"allow":["GET"]}}],"collection":[{"href":"https:\/\/andalubox.com\/fr\/wp-json\/wp\/v2\/product"}],"about":[{"href":"https:\/\/andalubox.com\/fr\/wp-json\/wp\/v2\/types\/product"}],"replies":[{"embeddable":true,"href":"https:\/\/andalubox.com\/fr\/wp-json\/wp\/v2\/comments?post=8104"}],"wp:featuredmedia":[{"embeddable":true,"href":"https:\/\/andalubox.com\/fr\/wp-json\/wp\/v2\/media\/6989"}],"wp:attachment":[{"href":"https:\/\/andalubox.com\/fr\/wp-json\/wp\/v2\/media?parent=8104"}],"wp:term":[{"taxonomy":"product_brand","embeddable":true,"href":"https:\/\/andalubox.com\/fr\/wp-json\/wp\/v2\/product_brand?post=8104"},{"taxonomy":"product_cat","embeddable":true,"href":"https:\/\/andalubox.com\/fr\/wp-json\/wp\/v2\/product_cat?post=8104"},{"taxonomy":"product_tag","embeddable":true,"href":"https:\/\/andalubox.com\/fr\/wp-json\/wp\/v2\/product_tag?post=8104"}],"curies":[{"name":"wp","href":"https:\/\/api.w.org\/{rel}","templated":true}]}}