{"id":8086,"date":"2022-10-26T13:06:12","date_gmt":"2022-10-26T11:06:12","guid":{"rendered":"https:\/\/andalubox.com\/producto-andaluz\/tomate-frite-de-los-palacios-365gr\/"},"modified":"2026-01-29T16:33:53","modified_gmt":"2026-01-29T15:33:53","slug":"tomate-frite-des-palais-365gr","status":"publish","type":"product","link":"https:\/\/andalubox.com\/fr\/producto-andaluz\/tomate-frite-des-palais-365gr\/","title":{"rendered":"Tomate Frito de Los Palacios 365g"},"content":{"rendered":"<p>Tomate Frito de Los Palacios 365g<\/p>\n<p>Tierra Palaciega Tomate Frito est une sauce tomate frite artisanale de Los Palacios y Villafranca, S\u00e9ville, Espagne, r\u00e9put\u00e9e pour sa grande qualit\u00e9 et sa pr\u00e9paration traditionnelle. Elle est \u00e9labor\u00e9e \u00e0 partir de tomates m\u00fbries naturellement, cueillies \u00e0 la main dans les champs de l&#8217;entreprise, ce qui garantit une saveur optimale. La recette, bas\u00e9e sur une formule familiale traditionnelle, utilise des l\u00e9gumes frais locaux, de l&#8217;huile d&#8217;olive extra vierge (3,3-4 %), de l&#8217;oignon, du poivre, du sel et, dans certaines versions, un peu de sucre. La sauce est mijot\u00e9e pendant trois heures \u00e0 trois heures et demie, en r\u00e9duisant 1,35 kg de tomates fra\u00eeches pour obtenir un bocal de 365 grammes. Le r\u00e9sultat est un produit \u00e9pais et savoureux, exempt de conservateurs artificiels, de colorants, de gluten et de lactose, ce qui le rend adapt\u00e9 aux v\u00e9g\u00e9taliens.    <\/p>\n<p>Une version sans sucre est \u00e9galement disponible, avec 267 g de tomates pour 100 g de produit.<\/p>\n<p>La sauce a attir\u00e9 l&#8217;attention de chefs tels que Mart\u00edn Berasategui et David de Jorge, qui ont recommand\u00e9 de r\u00e9duire la teneur en huile pour obtenir une sauce plus saine. Elle est polyvalente pour des recettes telles que le risotto, la pizza ou les p\u00e2tes, et b\u00e9n\u00e9ficie de la marque Los Palacios Tomato Collective et de la certification Global Gap pour l&#8217;agriculture durable. <\/p>","protected":false},"excerpt":{"rendered":"<p>Tomato Frito de Los Palacios 365g, exp\u00e9ditions vers TOUTE L&#8217;EUROPE.<\/p>\n","protected":false},"featured_media":7028,"comment_status":"closed","ping_status":"closed","template":"","meta":{"site-sidebar-layout":"default","site-content-layout":"default","ast-site-content-layout":"default","site-content-style":"default","site-sidebar-style":"default","ast-global-header-display":"","ast-banner-title-visibility":"","ast-main-header-display":"","ast-hfb-above-header-display":"","ast-hfb-below-header-display":"","ast-hfb-mobile-header-display":"","site-post-title":"","ast-breadcrumbs-content":"","ast-featured-img":"","footer-sml-layout":"","ast-disable-related-posts":"","theme-transparent-header-meta":"default","adv-header-id-meta":"","stick-header-meta":"","header-above-stick-meta":"","header-main-stick-meta":"","header-below-stick-meta":"","astra-migrate-meta-layouts":"default","ast-page-background-enabled":"default","ast-page-background-meta":{"desktop":{"background-color":"var(--ast-global-color-4)","background-image":"","background-repeat":"repeat","background-position":"center center","background-size":"auto","background-attachment":"scroll","background-type":"","background-media":"","overlay-type":"","overlay-color":"","overlay-opacity":"","overlay-gradient":""},"tablet":{"background-color":"","background-image":"","background-repeat":"repeat","background-position":"center center","background-size":"auto","background-attachment":"scroll","background-type":"","background-media":"","overlay-type":"","overlay-color":"","overlay-opacity":"","overlay-gradient":""},"mobile":{"background-color":"","background-image":"","background-repeat":"repeat","background-position":"center center","background-size":"auto","background-attachment":"scroll","background-type":"","background-media":"","overlay-type":"","overlay-color":"","overlay-opacity":"","overlay-gradient":""}},"ast-content-background-meta":{"desktop":{"background-color":"var(--ast-global-color-5)","background-image":"","background-repeat":"repeat","background-position":"center center","background-size":"auto","background-attachment":"scroll","background-type":"","background-media":"","overlay-type":"","overlay-color":"","overlay-opacity":"","overlay-gradient":""},"tablet":{"background-color":"var(--ast-global-color-5)","background-image":"","background-repeat":"repeat","background-position":"center center","background-size":"auto","background-attachment":"scroll","background-type":"","background-media":"","overlay-type":"","overlay-color":"","overlay-opacity":"","overlay-gradient":""},"mobile":{"background-color":"var(--ast-global-color-5)","background-image":"","background-repeat":"repeat","background-position":"center center","background-size":"auto","background-attachment":"scroll","background-type":"","background-media":"","overlay-type":"","overlay-color":"","overlay-opacity":"","overlay-gradient":""}}},"product_brand":[1285],"product_cat":[15],"product_tag":[],"class_list":{"0":"post-8086","1":"product","2":"type-product","3":"status-publish","4":"has-post-thumbnail","6":"product_brand-los-palacios","7":"product_cat-sin-categorizar","8":"desktop-align-left","9":"tablet-align-left","10":"mobile-align-left","12":"first","13":"instock","14":"taxable","15":"shipping-taxable","16":"purchasable","17":"product-type-simple"},"_links":{"self":[{"href":"https:\/\/andalubox.com\/fr\/wp-json\/wp\/v2\/product\/8086","targetHints":{"allow":["GET"]}}],"collection":[{"href":"https:\/\/andalubox.com\/fr\/wp-json\/wp\/v2\/product"}],"about":[{"href":"https:\/\/andalubox.com\/fr\/wp-json\/wp\/v2\/types\/product"}],"replies":[{"embeddable":true,"href":"https:\/\/andalubox.com\/fr\/wp-json\/wp\/v2\/comments?post=8086"}],"wp:featuredmedia":[{"embeddable":true,"href":"https:\/\/andalubox.com\/fr\/wp-json\/wp\/v2\/media\/7028"}],"wp:attachment":[{"href":"https:\/\/andalubox.com\/fr\/wp-json\/wp\/v2\/media?parent=8086"}],"wp:term":[{"taxonomy":"product_brand","embeddable":true,"href":"https:\/\/andalubox.com\/fr\/wp-json\/wp\/v2\/product_brand?post=8086"},{"taxonomy":"product_cat","embeddable":true,"href":"https:\/\/andalubox.com\/fr\/wp-json\/wp\/v2\/product_cat?post=8086"},{"taxonomy":"product_tag","embeddable":true,"href":"https:\/\/andalubox.com\/fr\/wp-json\/wp\/v2\/product_tag?post=8086"}],"curies":[{"name":"wp","href":"https:\/\/api.w.org\/{rel}","templated":true}]}}