{"id":8084,"date":"2022-10-26T13:06:12","date_gmt":"2022-10-26T11:06:12","guid":{"rendered":"https:\/\/andalubox.com\/producto-andaluz\/tourteau-dhuile-biologique-ines-rosales-120gr\/"},"modified":"2025-06-13T21:40:41","modified_gmt":"2025-06-13T19:40:41","slug":"ines-rosales-cake-of-ecological-oil-120gr","status":"publish","type":"product","link":"https:\/\/andalubox.com\/fr\/producto-andaluz\/ines-rosales-cake-of-ecological-oil-120gr\/","title":{"rendered":"In\u00e9s Rosales G\u00e2teau \u00e0 l&#8217;huile biologique de S\u00e9ville, 120g"},"content":{"rendered":"<p>Anis et s\u00e9same ou, comme le diraient les grands-m\u00e8res, anis et s\u00e9same&#8230; Le temps s&#8217;arr\u00eate quand on en appr\u00e9cie la saveur.<\/p>\n<p>Les tourteaux in\u00e9s rosales sont un produit traditionnel de S\u00e9ville. Comme par le pass\u00e9, ils continuent d\u2019\u00eatre fabriqu\u00e9s \u00e0 la main, un par un, pour obtenir leur texture unique de p\u00e2te l\u00e9g\u00e8re, croustillante et feuillet\u00e9e.<br><br>Des moments infinis \u00e0 appr\u00e9cier et \u00e0 partager. Avec le caf\u00e9 du matin, comme go\u00fbter, comme dessert ou avec des fruits, des yaourts, du fromage, des p\u00e2t\u00e9s, des viandes fum\u00e9es&#8230; Des combinaisons de saveurs illimit\u00e9es.<\/p>","protected":false},"excerpt":{"rendered":"<p>La Torta de Aceite Original de In\u00e9s Rosales est fabriqu\u00e9e depuis 1910 avec la m\u00eame recette originale. La formule a \u00e9t\u00e9 sauv\u00e9e par In\u00e9s Rosales Cabello de l&#8217;h\u00e9ritage familial. Comme par le pass\u00e9, ils continuent d\u2019\u00eatre fabriqu\u00e9s \u00e0 la main, un par un, pour obtenir leur texture unique de p\u00e2te l\u00e9g\u00e8re, croustillante et feuillet\u00e9e.<\/p>\n","protected":false},"featured_media":12433,"comment_status":"closed","ping_status":"closed","template":"","meta":{"site-sidebar-layout":"default","site-content-layout":"default","ast-site-content-layout":"default","site-content-style":"default","site-sidebar-style":"default","ast-global-header-display":"","ast-banner-title-visibility":"","ast-main-header-display":"","ast-hfb-above-header-display":"","ast-hfb-below-header-display":"","ast-hfb-mobile-header-display":"","site-post-title":"","ast-breadcrumbs-content":"","ast-featured-img":"","footer-sml-layout":"","ast-disable-related-posts":"","theme-transparent-header-meta":"default","adv-header-id-meta":"","stick-header-meta":"","header-above-stick-meta":"","header-main-stick-meta":"","header-below-stick-meta":"","astra-migrate-meta-layouts":"default","ast-page-background-enabled":"default","ast-page-background-meta":{"desktop":{"background-color":"var(--ast-global-color-4)","background-image":"","background-repeat":"repeat","background-position":"center center","background-size":"auto","background-attachment":"scroll","background-type":"","background-media":"","overlay-type":"","overlay-color":"","overlay-opacity":"","overlay-gradient":""},"tablet":{"background-color":"","background-image":"","background-repeat":"repeat","background-position":"center center","background-size":"auto","background-attachment":"scroll","background-type":"","background-media":"","overlay-type":"","overlay-color":"","overlay-opacity":"","overlay-gradient":""},"mobile":{"background-color":"","background-image":"","background-repeat":"repeat","background-position":"center center","background-size":"auto","background-attachment":"scroll","background-type":"","background-media":"","overlay-type":"","overlay-color":"","overlay-opacity":"","overlay-gradient":""}},"ast-content-background-meta":{"desktop":{"background-color":"var(--ast-global-color-5)","background-image":"","background-repeat":"repeat","background-position":"center center","background-size":"auto","background-attachment":"scroll","background-type":"","background-media":"","overlay-type":"","overlay-color":"","overlay-opacity":"","overlay-gradient":""},"tablet":{"background-color":"var(--ast-global-color-5)","background-image":"","background-repeat":"repeat","background-position":"center center","background-size":"auto","background-attachment":"scroll","background-type":"","background-media":"","overlay-type":"","overlay-color":"","overlay-opacity":"","overlay-gradient":""},"mobile":{"background-color":"var(--ast-global-color-5)","background-image":"","background-repeat":"repeat","background-position":"center center","background-size":"auto","background-attachment":"scroll","background-type":"","background-media":"","overlay-type":"","overlay-color":"","overlay-opacity":"","overlay-gradient":""}}},"product_brand":[1218],"product_cat":[],"product_tag":[108],"class_list":{"0":"post-8084","1":"product","2":"type-product","3":"status-publish","4":"has-post-thumbnail","6":"product_brand-ines-rosales","7":"product_tag-seville","8":"desktop-align-left","9":"tablet-align-left","10":"mobile-align-left","12":"first","13":"outofstock","14":"taxable","15":"shipping-taxable","16":"purchasable","17":"product-type-simple"},"_links":{"self":[{"href":"https:\/\/andalubox.com\/fr\/wp-json\/wp\/v2\/product\/8084","targetHints":{"allow":["GET"]}}],"collection":[{"href":"https:\/\/andalubox.com\/fr\/wp-json\/wp\/v2\/product"}],"about":[{"href":"https:\/\/andalubox.com\/fr\/wp-json\/wp\/v2\/types\/product"}],"replies":[{"embeddable":true,"href":"https:\/\/andalubox.com\/fr\/wp-json\/wp\/v2\/comments?post=8084"}],"wp:featuredmedia":[{"embeddable":true,"href":"https:\/\/andalubox.com\/fr\/wp-json\/wp\/v2\/media\/12433"}],"wp:attachment":[{"href":"https:\/\/andalubox.com\/fr\/wp-json\/wp\/v2\/media?parent=8084"}],"wp:term":[{"taxonomy":"product_brand","embeddable":true,"href":"https:\/\/andalubox.com\/fr\/wp-json\/wp\/v2\/product_brand?post=8084"},{"taxonomy":"product_cat","embeddable":true,"href":"https:\/\/andalubox.com\/fr\/wp-json\/wp\/v2\/product_cat?post=8084"},{"taxonomy":"product_tag","embeddable":true,"href":"https:\/\/andalubox.com\/fr\/wp-json\/wp\/v2\/product_tag?post=8084"}],"curies":[{"name":"wp","href":"https:\/\/api.w.org\/{rel}","templated":true}]}}