{"id":8070,"date":"2022-10-26T13:06:22","date_gmt":"2022-10-26T11:06:22","guid":{"rendered":"https:\/\/andalubox.com\/producto-andaluz\/alsur-artichauts-avec-tige-720gr\/"},"modified":"2025-06-17T11:32:35","modified_gmt":"2025-06-17T09:32:35","slug":"alsur-artichauts-avec-tige-720gr","status":"publish","type":"product","link":"https:\/\/andalubox.com\/fr\/producto-andaluz\/alsur-artichauts-avec-tige-720gr\/","title":{"rendered":"Alsur Antequera Gros artichauts \u00e0 la romaine avec tige 5-7 fruits, 630g"},"content":{"rendered":"<div class=\"info\">\n<h3 class=\"info-title\">Informations g\u00e9n\u00e9rales<\/h3>\n<ul class=\"info-list\">\n\t<li class=\"info-item\"><span class=\"info-key \">Nom de la denr\u00e9e alimentaire :<\/span> artichaut \u00e0 tige<\/li>\n\t<li class=\"info-item\"><span class=\"info-key \">Pays d&#8217;origine :<\/span> P\u00e9rou<\/li>\n\t<li class=\"info-item\"><span class=\"info-key \">Nom de l&#8217;op\u00e9rateur :<\/span> Sola de Antequera, S.A.<\/li>\n\t<li class=\"info-item\"><span class=\"info-key \">Adresse de l&#8217;op\u00e9rateur :<\/span> Ctra. C\u00f3rdoba &#8211; M\u00e1laga km 520, 29200 Antequera (M\u00e1laga) <\/li>\n\t<li class=\"info-item\"><span class=\"info-key \">Lieu de provenance des denr\u00e9es alimentaires :<\/span> Peru_Peru_Peru_Peru_Peru<\/li>\n\t<li class=\"info-item\"><span class=\"info-key \">Quantit\u00e9 nette :<\/span> 630 g<\/li>\n\t<li class=\"info-item\"><span class=\"info-key \">Poids net \u00e9goutt\u00e9 :<\/span> 360 g<\/li>\n<\/ul>\n<\/div>\n<div class=\"info\">\n<h3 class=\"info-title\">Ingr\u00e9dients et allerg\u00e8nes<\/h3>\n<ul class=\"info-list\">\n\t<li class=\"info-item\">Artichauts, huile v\u00e9g\u00e9tale de tournesol, sel, m\u00e9lange d&#8217;\u00e9pices, acidifiant : acide citrique et conservateur : acide ac\u00e9tique. Contient des traces de <b>moutarde<\/b>. <\/li>\n<\/ul>\n<\/div>\n<div class=\"info _nutrients\">\n<h4 class=\"info-title\">Nutriments<\/h4>\n<p>Energie : 281kj\/67kcal ; Graisses : 4.14g ; Graisses satur\u00e9es : 0.5g ; Glucides : 6.38g ; dont Sucres : 3.14g ; Fibres : 2.69g ; Prot\u00e9ines : 1.13g ; Sel : 0.73g<\/p>\n<p>&nbsp;<\/p>\n<\/div>","protected":false},"excerpt":{"rendered":"<p>Informations g\u00e9n\u00e9rales Nom de la denr\u00e9e alimentaire : artichaut \u00e0 tige Pays d&#8217;origine : P\u00e9rou Nom de l&#8217;op\u00e9rateur : Sola de Antequera, S.A. Adresse de l&#8217;op\u00e9rateur : Ctra. C\u00f3rdoba &#8211; M\u00e1laga km 520, 29200 Antequera (M\u00e1laga) Lieu de provenance des denr\u00e9es alimentaires : Peru_Peru_Peru_Peru_Peru Quantit\u00e9 nette : 630 g Poids net \u00e9goutt\u00e9 : 360 g [&hellip;]<\/p>\n","protected":false},"featured_media":31546,"comment_status":"closed","ping_status":"closed","template":"","meta":{"site-sidebar-layout":"default","site-content-layout":"","ast-site-content-layout":"default","site-content-style":"default","site-sidebar-style":"default","ast-global-header-display":"","ast-banner-title-visibility":"","ast-main-header-display":"","ast-hfb-above-header-display":"","ast-hfb-below-header-display":"","ast-hfb-mobile-header-display":"","site-post-title":"","ast-breadcrumbs-content":"","ast-featured-img":"","footer-sml-layout":"","ast-disable-related-posts":"","theme-transparent-header-meta":"default","adv-header-id-meta":"","stick-header-meta":"","header-above-stick-meta":"","header-main-stick-meta":"","header-below-stick-meta":"","astra-migrate-meta-layouts":"default","ast-page-background-enabled":"default","ast-page-background-meta":{"desktop":{"background-color":"var(--ast-global-color-4)","background-image":"","background-repeat":"repeat","background-position":"center center","background-size":"auto","background-attachment":"scroll","background-type":"","background-media":"","overlay-type":"","overlay-color":"","overlay-opacity":"","overlay-gradient":""},"tablet":{"background-color":"","background-image":"","background-repeat":"repeat","background-position":"center center","background-size":"auto","background-attachment":"scroll","background-type":"","background-media":"","overlay-type":"","overlay-color":"","overlay-opacity":"","overlay-gradient":""},"mobile":{"background-color":"","background-image":"","background-repeat":"repeat","background-position":"center center","background-size":"auto","background-attachment":"scroll","background-type":"","background-media":"","overlay-type":"","overlay-color":"","overlay-opacity":"","overlay-gradient":""}},"ast-content-background-meta":{"desktop":{"background-color":"var(--ast-global-color-5)","background-image":"","background-repeat":"repeat","background-position":"center center","background-size":"auto","background-attachment":"scroll","background-type":"","background-media":"","overlay-type":"","overlay-color":"","overlay-opacity":"","overlay-gradient":""},"tablet":{"background-color":"var(--ast-global-color-5)","background-image":"","background-repeat":"repeat","background-position":"center center","background-size":"auto","background-attachment":"scroll","background-type":"","background-media":"","overlay-type":"","overlay-color":"","overlay-opacity":"","overlay-gradient":""},"mobile":{"background-color":"var(--ast-global-color-5)","background-image":"","background-repeat":"repeat","background-position":"center center","background-size":"auto","background-attachment":"scroll","background-type":"","background-media":"","overlay-type":"","overlay-color":"","overlay-opacity":"","overlay-gradient":""}}},"product_brand":[1132],"product_cat":[],"product_tag":[155],"class_list":{"0":"post-8070","1":"product","2":"type-product","3":"status-publish","4":"has-post-thumbnail","6":"product_brand-alsur","7":"product_tag-malaga-fr","8":"desktop-align-left","9":"tablet-align-left","10":"mobile-align-left","12":"first","13":"instock","14":"taxable","15":"shipping-taxable","16":"purchasable","17":"product-type-simple"},"_links":{"self":[{"href":"https:\/\/andalubox.com\/fr\/wp-json\/wp\/v2\/product\/8070","targetHints":{"allow":["GET"]}}],"collection":[{"href":"https:\/\/andalubox.com\/fr\/wp-json\/wp\/v2\/product"}],"about":[{"href":"https:\/\/andalubox.com\/fr\/wp-json\/wp\/v2\/types\/product"}],"replies":[{"embeddable":true,"href":"https:\/\/andalubox.com\/fr\/wp-json\/wp\/v2\/comments?post=8070"}],"wp:featuredmedia":[{"embeddable":true,"href":"https:\/\/andalubox.com\/fr\/wp-json\/wp\/v2\/media\/31546"}],"wp:attachment":[{"href":"https:\/\/andalubox.com\/fr\/wp-json\/wp\/v2\/media?parent=8070"}],"wp:term":[{"taxonomy":"product_brand","embeddable":true,"href":"https:\/\/andalubox.com\/fr\/wp-json\/wp\/v2\/product_brand?post=8070"},{"taxonomy":"product_cat","embeddable":true,"href":"https:\/\/andalubox.com\/fr\/wp-json\/wp\/v2\/product_cat?post=8070"},{"taxonomy":"product_tag","embeddable":true,"href":"https:\/\/andalubox.com\/fr\/wp-json\/wp\/v2\/product_tag?post=8070"}],"curies":[{"name":"wp","href":"https:\/\/api.w.org\/{rel}","templated":true}]}}