{"id":8056,"date":"2022-10-26T13:05:49","date_gmt":"2022-10-26T11:05:49","guid":{"rendered":"https:\/\/andalubox.com\/producto-andaluz\/olives-jolca-farcies-au-vermouth-de-jerez-150gr\/"},"modified":"2026-01-29T16:25:44","modified_gmt":"2026-01-29T15:25:44","slug":"jolca-olives-farcies-de-vermouth-sherry-150-gr","status":"publish","type":"product","link":"https:\/\/andalubox.com\/fr\/producto-andaluz\/jolca-olives-farcies-de-vermouth-sherry-150-gr\/","title":{"rendered":"Jolca Olives Explosion Vermut de Jerez Gran Selecci\u00f3n, 350g"},"content":{"rendered":"<p>Jolca Olives Explosi\u00f3n Vermut de Jerez Gran Selecci\u00f3n, 350g.<\/p>\n<p>Olives farcies au vermouth de Jolca. Jolca, une entreprise pionni\u00e8re dans le domaine des olives bas\u00e9e \u00e0 H\u00faevar del Aljarafe, \u00e0 S\u00e9ville, a lanc\u00e9 en 2021 les premi\u00e8res olives fourr\u00e9es au vermouth au monde dans le cadre de sa gamme haut de gamme Artes de Jolca. Commercialis\u00e9es sous le nom de &#8220;Explosi\u00f3n Vermut de Jerez&#8221;, ces olives sont con\u00e7ues pour compl\u00e9ter la popularit\u00e9 croissante du vermouth en tant qu&#8217;ap\u00e9ritif, avec une augmentation de 17% de la consommation domestique de vermouth en Espagne entre mai 2019 et mai 2020. D\u00e9tails du produit :   <\/p>\n<ul>\n\t<li>Type : olives vertes Manzanilla Fina (Gran Selecci\u00f3n), s\u00e9lectionn\u00e9es \u00e0 la main pour leur texture ferme et leur qualit\u00e9 sup\u00e9rieure.<\/li>\n\t<li>Remplissage : 6% de p\u00e2te de vermouth avec l&#8217;appellation d&#8217;origine (A.O.) Jerez, qui offre une saveur de vermouth authentique et intense avec un profil l\u00e9g\u00e8rement sucr\u00e9 et herbac\u00e9.<\/li>\n\t<li>Ingr\u00e9dients : Eau, olives vertes (vari\u00e9t\u00e9 Manzanilla Fina), vermouth (6%, comprend vermouth, ar\u00f4me, stabilisateur : alginate de sodium), sel, exhausteur de go\u00fbt (glutamate monosodique), acidifiants (acide citrique, acide lactique), \u00e9pices, antioxydant (acide ascorbique). Contient des sulfites.<\/li>\n\t<li>Emballage : Poids net : 350 g (brut), 150 g (\u00e9goutt\u00e9).<\/li>\n<\/ul>\n<p>&nbsp;<\/p>","protected":false},"excerpt":{"rendered":"<p>Jolca Aceitunas Explosi\u00f3n Vermut de Jerez Gran Selecci\u00f3n, 350g pour l&#8217;exportation vers l&#8217;Europe.<\/p>\n","protected":false},"featured_media":6977,"comment_status":"closed","ping_status":"closed","template":"","meta":{"site-sidebar-layout":"default","site-content-layout":"default","ast-site-content-layout":"default","site-content-style":"default","site-sidebar-style":"default","ast-global-header-display":"","ast-banner-title-visibility":"","ast-main-header-display":"","ast-hfb-above-header-display":"","ast-hfb-below-header-display":"","ast-hfb-mobile-header-display":"","site-post-title":"","ast-breadcrumbs-content":"","ast-featured-img":"","footer-sml-layout":"","ast-disable-related-posts":"","theme-transparent-header-meta":"default","adv-header-id-meta":"","stick-header-meta":"","header-above-stick-meta":"","header-main-stick-meta":"","header-below-stick-meta":"","astra-migrate-meta-layouts":"default","ast-page-background-enabled":"default","ast-page-background-meta":{"desktop":{"background-color":"var(--ast-global-color-4)","background-image":"","background-repeat":"repeat","background-position":"center center","background-size":"auto","background-attachment":"scroll","background-type":"","background-media":"","overlay-type":"","overlay-color":"","overlay-opacity":"","overlay-gradient":""},"tablet":{"background-color":"","background-image":"","background-repeat":"repeat","background-position":"center center","background-size":"auto","background-attachment":"scroll","background-type":"","background-media":"","overlay-type":"","overlay-color":"","overlay-opacity":"","overlay-gradient":""},"mobile":{"background-color":"","background-image":"","background-repeat":"repeat","background-position":"center center","background-size":"auto","background-attachment":"scroll","background-type":"","background-media":"","overlay-type":"","overlay-color":"","overlay-opacity":"","overlay-gradient":""}},"ast-content-background-meta":{"desktop":{"background-color":"var(--ast-global-color-5)","background-image":"","background-repeat":"repeat","background-position":"center center","background-size":"auto","background-attachment":"scroll","background-type":"","background-media":"","overlay-type":"","overlay-color":"","overlay-opacity":"","overlay-gradient":""},"tablet":{"background-color":"var(--ast-global-color-5)","background-image":"","background-repeat":"repeat","background-position":"center center","background-size":"auto","background-attachment":"scroll","background-type":"","background-media":"","overlay-type":"","overlay-color":"","overlay-opacity":"","overlay-gradient":""},"mobile":{"background-color":"var(--ast-global-color-5)","background-image":"","background-repeat":"repeat","background-position":"center center","background-size":"auto","background-attachment":"scroll","background-type":"","background-media":"","overlay-type":"","overlay-color":"","overlay-opacity":"","overlay-gradient":""}}},"product_brand":[1462],"product_cat":[],"product_tag":[],"class_list":{"0":"post-8056","1":"product","2":"type-product","3":"status-publish","4":"has-post-thumbnail","6":"product_brand-jolca","7":"desktop-align-left","8":"tablet-align-left","9":"mobile-align-left","11":"first","12":"outofstock","13":"taxable","14":"shipping-taxable","15":"purchasable","16":"product-type-simple"},"_links":{"self":[{"href":"https:\/\/andalubox.com\/fr\/wp-json\/wp\/v2\/product\/8056","targetHints":{"allow":["GET"]}}],"collection":[{"href":"https:\/\/andalubox.com\/fr\/wp-json\/wp\/v2\/product"}],"about":[{"href":"https:\/\/andalubox.com\/fr\/wp-json\/wp\/v2\/types\/product"}],"replies":[{"embeddable":true,"href":"https:\/\/andalubox.com\/fr\/wp-json\/wp\/v2\/comments?post=8056"}],"wp:featuredmedia":[{"embeddable":true,"href":"https:\/\/andalubox.com\/fr\/wp-json\/wp\/v2\/media\/6977"}],"wp:attachment":[{"href":"https:\/\/andalubox.com\/fr\/wp-json\/wp\/v2\/media?parent=8056"}],"wp:term":[{"taxonomy":"product_brand","embeddable":true,"href":"https:\/\/andalubox.com\/fr\/wp-json\/wp\/v2\/product_brand?post=8056"},{"taxonomy":"product_cat","embeddable":true,"href":"https:\/\/andalubox.com\/fr\/wp-json\/wp\/v2\/product_cat?post=8056"},{"taxonomy":"product_tag","embeddable":true,"href":"https:\/\/andalubox.com\/fr\/wp-json\/wp\/v2\/product_tag?post=8056"}],"curies":[{"name":"wp","href":"https:\/\/api.w.org\/{rel}","templated":true}]}}