{"id":8013,"date":"2022-10-26T13:05:39","date_gmt":"2022-10-26T11:05:39","guid":{"rendered":"https:\/\/andalubox.com\/producto-andaluz\/liqueur-de-creme-de-nougat-cruz-conde-75cl\/"},"modified":"2025-08-23T18:07:44","modified_gmt":"2025-08-23T16:07:44","slug":"cruz-conde-licor-creme-de-turron-75cl","status":"publish","type":"product","link":"https:\/\/andalubox.com\/fr\/producto-andaluz\/cruz-conde-licor-creme-de-turron-75cl\/","title":{"rendered":"Cruz Conde Liqueur de cr\u00e8me de nougat 70 cl"},"content":{"rendered":"<p>Cruz Conde Licor Crema de Turr\u00f3n 70 cl est une liqueur cr\u00e9meuse \u00e0 15% d&#8217;alcool, inspir\u00e9e du nougat espagnol.<\/p>\n<p>Elle offre un go\u00fbt doux et sucr\u00e9 avec des notes d&#8217;amande, de caramel, de noix et de cacao. \u00c9labor\u00e9e \u00e0 partir de spiritueux s\u00e9lectionn\u00e9s et de cr\u00e8me, elle est id\u00e9ale pour \u00eatre consomm\u00e9e fra\u00eeche, pure ou avec des gla\u00e7ons, comme liqueur de dessert. <\/p>\n<p>La bouteille de 70 cl CONTIENT DU LACTOSE, elle ne convient donc pas aux personnes intol\u00e9rantes au lactose.<\/p>\n<p>Liqueur cr\u00e9meuse au go\u00fbt d&#8217;amande et de caramel pour le d\u00e9licieux nougat espagnol. Au nez, il a un ar\u00f4me doux avec un soup\u00e7on de noix et de cacao. Fabriqu\u00e9e avec des alcools s\u00e9lectionn\u00e9s et une cr\u00e8me exquise, cette liqueur surprend par l\u2019\u00e9quilibre parfait entre douceur, douceur et bonne structure.<\/p>\n<p><strong>Format :<\/strong> 70 cl<br><strong>Taux d&#8217;alcool :<\/strong> 15% Alc\/Vol.<\/p>","protected":false},"excerpt":{"rendered":"<p>Liqueur de nougat \u00e0 la cr\u00e8me Cruz Conde 70 cl<\/p>\n","protected":false},"featured_media":6884,"comment_status":"closed","ping_status":"closed","template":"","meta":{"site-sidebar-layout":"default","site-content-layout":"default","ast-site-content-layout":"default","site-content-style":"default","site-sidebar-style":"default","ast-global-header-display":"","ast-banner-title-visibility":"","ast-main-header-display":"","ast-hfb-above-header-display":"","ast-hfb-below-header-display":"","ast-hfb-mobile-header-display":"","site-post-title":"","ast-breadcrumbs-content":"","ast-featured-img":"","footer-sml-layout":"","ast-disable-related-posts":"","theme-transparent-header-meta":"default","adv-header-id-meta":"","stick-header-meta":"","header-above-stick-meta":"","header-main-stick-meta":"","header-below-stick-meta":"","astra-migrate-meta-layouts":"default","ast-page-background-enabled":"default","ast-page-background-meta":{"desktop":{"background-color":"var(--ast-global-color-4)","background-image":"","background-repeat":"repeat","background-position":"center center","background-size":"auto","background-attachment":"scroll","background-type":"","background-media":"","overlay-type":"","overlay-color":"","overlay-opacity":"","overlay-gradient":""},"tablet":{"background-color":"","background-image":"","background-repeat":"repeat","background-position":"center center","background-size":"auto","background-attachment":"scroll","background-type":"","background-media":"","overlay-type":"","overlay-color":"","overlay-opacity":"","overlay-gradient":""},"mobile":{"background-color":"","background-image":"","background-repeat":"repeat","background-position":"center center","background-size":"auto","background-attachment":"scroll","background-type":"","background-media":"","overlay-type":"","overlay-color":"","overlay-opacity":"","overlay-gradient":""}},"ast-content-background-meta":{"desktop":{"background-color":"var(--ast-global-color-5)","background-image":"","background-repeat":"repeat","background-position":"center center","background-size":"auto","background-attachment":"scroll","background-type":"","background-media":"","overlay-type":"","overlay-color":"","overlay-opacity":"","overlay-gradient":""},"tablet":{"background-color":"var(--ast-global-color-5)","background-image":"","background-repeat":"repeat","background-position":"center center","background-size":"auto","background-attachment":"scroll","background-type":"","background-media":"","overlay-type":"","overlay-color":"","overlay-opacity":"","overlay-gradient":""},"mobile":{"background-color":"var(--ast-global-color-5)","background-image":"","background-repeat":"repeat","background-position":"center center","background-size":"auto","background-attachment":"scroll","background-type":"","background-media":"","overlay-type":"","overlay-color":"","overlay-opacity":"","overlay-gradient":""}}},"product_brand":[1200],"product_cat":[1665],"product_tag":[],"class_list":{"0":"post-8013","1":"product","2":"type-product","3":"status-publish","4":"has-post-thumbnail","6":"product_brand-cruz-conde","7":"product_cat-cremas-y-licores-dulces-fr","8":"desktop-align-left","9":"tablet-align-left","10":"mobile-align-left","12":"first","13":"instock","14":"taxable","15":"shipping-taxable","16":"purchasable","17":"product-type-simple"},"_links":{"self":[{"href":"https:\/\/andalubox.com\/fr\/wp-json\/wp\/v2\/product\/8013","targetHints":{"allow":["GET"]}}],"collection":[{"href":"https:\/\/andalubox.com\/fr\/wp-json\/wp\/v2\/product"}],"about":[{"href":"https:\/\/andalubox.com\/fr\/wp-json\/wp\/v2\/types\/product"}],"replies":[{"embeddable":true,"href":"https:\/\/andalubox.com\/fr\/wp-json\/wp\/v2\/comments?post=8013"}],"wp:featuredmedia":[{"embeddable":true,"href":"https:\/\/andalubox.com\/fr\/wp-json\/wp\/v2\/media\/6884"}],"wp:attachment":[{"href":"https:\/\/andalubox.com\/fr\/wp-json\/wp\/v2\/media?parent=8013"}],"wp:term":[{"taxonomy":"product_brand","embeddable":true,"href":"https:\/\/andalubox.com\/fr\/wp-json\/wp\/v2\/product_brand?post=8013"},{"taxonomy":"product_cat","embeddable":true,"href":"https:\/\/andalubox.com\/fr\/wp-json\/wp\/v2\/product_cat?post=8013"},{"taxonomy":"product_tag","embeddable":true,"href":"https:\/\/andalubox.com\/fr\/wp-json\/wp\/v2\/product_tag?post=8013"}],"curies":[{"name":"wp","href":"https:\/\/api.w.org\/{rel}","templated":true}]}}