{"id":7982,"date":"2022-10-26T13:05:46","date_gmt":"2022-10-26T11:05:46","guid":{"rendered":"https:\/\/andalubox.com\/producto-andaluz\/huile-dolive-extra-vierge-de-los-angeles-garrafa-5l\/"},"modified":"2025-09-19T11:42:30","modified_gmt":"2025-09-19T09:42:30","slug":"los-angeles-huile-dolive-extra-vierge-carafe-5l","status":"publish","type":"product","link":"https:\/\/andalubox.com\/fr\/producto-andaluz\/los-angeles-huile-dolive-extra-vierge-carafe-5l\/","title":{"rendered":"Los Angeles Extra Virgin Olive Oil Unfiltered 5 L decanter"},"content":{"rendered":"<p>Los Angeles Extra Virgin Olive Oil Unfiltered 5 L decanter<\/p>\n<p>L&#8217;<b>huile d&#8217;olive extra vierge (EVOO) non filtr\u00e9e<\/b> de Los \u00c1ngeles est un produit qui se pr\u00e9sente sous la forme d&#8217;une carafe de 5 litres, id\u00e9ale pour les familles ou pour une consommation \u00e9lev\u00e9e. Sa principale caract\u00e9ristique est qu&#8217;elle <b>n&#8217;a pas \u00e9t\u00e9 filtr\u00e9e<\/b>, ce qui lui conf\u00e8re des propri\u00e9t\u00e9s organoleptiques et un aspect particuliers. <\/p>\n<h3>Caract\u00e9ristiques de l&#8217;huile<\/h3>\n<ul>\n\t<li>\n<p><b>Non filtr\u00e9e :<\/b> Contrairement \u00e0 l&#8217;huile d&#8217;olive traditionnelle, cette huile n&#8217;est pas filtr\u00e9e. Elle conserve donc de petites particules en suspension provenant des olives, ce qui lui donne un aspect l\u00e9g\u00e8rement trouble ou voil\u00e9. <\/p>\n<\/li>\n\t<li>\n<p><b>Go\u00fbt et ar\u00f4me :<\/b> N&#8217;\u00e9tant pas filtr\u00e9e, cette huile conserve plus intens\u00e9ment et plus directement les ar\u00f4mes et les saveurs des olives fra\u00eeches. Il s&#8217;agit g\u00e9n\u00e9ralement d&#8217;huiles au go\u00fbt plus puissant et \u00e0 l&#8217;ar\u00f4me fruit\u00e9 plus prononc\u00e9. <\/p>\n<\/li>\n\t<li>\n<p><b>Propri\u00e9t\u00e9s nutritionnelles :<\/b> Comme elle n&#8217;est pas filtr\u00e9e, elle conserve intacts tous ses microcomposants, tels que les polyph\u00e9nols et les antioxydants, qui contribuent \u00e0 ses bienfaits pour la sant\u00e9.<\/p>\n<\/li>\n<\/ul>\n<h3>Utilisations en cuisine<\/h3>\n<p>En raison de son profil de saveurs plus intense, l&#8217;EVOO non filtr\u00e9e est id\u00e9ale pour.. :<\/p>\n<ul>\n\t<li>\n<p><b>Consommation crue :<\/b> c&#8217;est la meilleure utilisation de ce type d&#8217;huile, car c&#8217;est sa saveur robuste et ses ar\u00f4mes frais qui sont les plus appr\u00e9ci\u00e9s. Elle est id\u00e9ale pour assaisonner les salades, tremper le pain (pain grill\u00e9 ou pain \u00e0 la tomate) et pour donner une touche finale aux plats de l\u00e9gumes ou aux rago\u00fbts. <\/p>\n<\/li>\n\t<li>\n<p><b>Plats froids :<\/b> Il accompagne tr\u00e8s bien les carpaccios, les salades de p\u00e2tes ou tout autre plat dans lequel l&#8217;huile est le protagoniste.<\/p>\n<\/li>\n<\/ul>\n<h3>Stockage et conservation<\/h3>\n<p>Il est important de noter que l&#8217;huile d&#8217;olive non filtr\u00e9e se conserve moins longtemps que l&#8217;huile filtr\u00e9e, car les particules en suspension peuvent se d\u00e9poser avec le temps et entra\u00eener une l\u00e9g\u00e8re perte de qualit\u00e9. Recommand\u00e9 : <\/p>\n<ul>\n\t<li>\n<p><b>Meilleur avant :<\/b> A utiliser dans les mois qui suivent l&#8217;achat.<\/p>\n<\/li>\n\t<li>\n<p>Stockage <b>:<\/b> Conservez la carafe dans un endroit frais et sombre pour \u00e9viter que la lumi\u00e8re et la chaleur ne d\u00e9gradent ses propri\u00e9t\u00e9s.<\/p>\n<\/li>\n<\/ul>\n<h3>Informations nutritionnelles (pour 100 ml)<\/h3>\n<ul>\n\t<li>\n<p><b>Valeur \u00e9nerg\u00e9tique :<\/b> 822 kcal \/ 3381 kJ<\/p>\n<\/li>\n\t<li>\n<p><b>Mati\u00e8res grasses :<\/b> 91 g<\/p>\n<ul>\n\t<li>\n<p><b>Dont satur\u00e9s :<\/b> 13 g<\/p>\n<\/li>\n<\/ul>\n<\/li>\n\t<li>\n<p><b>Glucides :<\/b> 0 g<\/p>\n<ul>\n\t<li>\n<p><b>Dont sucres :<\/b> 0 g<\/p>\n<\/li>\n<\/ul>\n<\/li>\n\t<li>\n<p><b>Prot\u00e9ines :<\/b> 0 g<\/p>\n<\/li>\n\t<li>\n<p><b>Sel :<\/b> 0 g<\/p>\n<\/li>\n<\/ul>\n<p>Cette huile de Los Angeles est un excellent choix pour les amateurs de saveurs intenses et naturelles, qui recherchent un EVOO ayant toutes les propri\u00e9t\u00e9s des olives fra\u00eechement press\u00e9es.<\/p>","protected":false},"excerpt":{"rendered":"<p>Los Angeles Extra Virgin Olive Oil Unfiltered 5 L. Carafe. Exportation vers TOUTE L&#8217;EUROPE.<\/p>\n","protected":false},"featured_media":6929,"template":"","meta":{"site-sidebar-layout":"default","site-content-layout":"default","ast-site-content-layout":"default","site-content-style":"default","site-sidebar-style":"default","ast-global-header-display":"","ast-banner-title-visibility":"","ast-main-header-display":"","ast-hfb-above-header-display":"","ast-hfb-below-header-display":"","ast-hfb-mobile-header-display":"","site-post-title":"","ast-breadcrumbs-content":"","ast-featured-img":"","footer-sml-layout":"","ast-disable-related-posts":"","theme-transparent-header-meta":"default","adv-header-id-meta":"","stick-header-meta":"","header-above-stick-meta":"","header-main-stick-meta":"","header-below-stick-meta":"","astra-migrate-meta-layouts":"default","ast-page-background-enabled":"default","ast-page-background-meta":{"desktop":{"background-color":"var(--ast-global-color-4)","background-image":"","background-repeat":"repeat","background-position":"center center","background-size":"auto","background-attachment":"scroll","background-type":"","background-media":"","overlay-type":"","overlay-color":"","overlay-opacity":"","overlay-gradient":""},"tablet":{"background-color":"","background-image":"","background-repeat":"repeat","background-position":"center center","background-size":"auto","background-attachment":"scroll","background-type":"","background-media":"","overlay-type":"","overlay-color":"","overlay-opacity":"","overlay-gradient":""},"mobile":{"background-color":"","background-image":"","background-repeat":"repeat","background-position":"center center","background-size":"auto","background-attachment":"scroll","background-type":"","background-media":"","overlay-type":"","overlay-color":"","overlay-opacity":"","overlay-gradient":""}},"ast-content-background-meta":{"desktop":{"background-color":"var(--ast-global-color-5)","background-image":"","background-repeat":"repeat","background-position":"center center","background-size":"auto","background-attachment":"scroll","background-type":"","background-media":"","overlay-type":"","overlay-color":"","overlay-opacity":"","overlay-gradient":""},"tablet":{"background-color":"var(--ast-global-color-5)","background-image":"","background-repeat":"repeat","background-position":"center center","background-size":"auto","background-attachment":"scroll","background-type":"","background-media":"","overlay-type":"","overlay-color":"","overlay-opacity":"","overlay-gradient":""},"mobile":{"background-color":"var(--ast-global-color-5)","background-image":"","background-repeat":"repeat","background-position":"center center","background-size":"auto","background-attachment":"scroll","background-type":"","background-media":"","overlay-type":"","overlay-color":"","overlay-opacity":"","overlay-gradient":""}}},"product_brand":[],"product_cat":[313],"product_tag":[],"class_list":{"0":"post-7982","1":"product","2":"type-product","3":"status-publish","4":"has-post-thumbnail","6":"product_cat-huile-andalouse","7":"desktop-align-left","8":"tablet-align-left","9":"mobile-align-left","11":"first","12":"instock","13":"taxable","14":"shipping-taxable","15":"purchasable","16":"product-type-simple"},"_links":{"self":[{"href":"https:\/\/andalubox.com\/fr\/wp-json\/wp\/v2\/product\/7982","targetHints":{"allow":["GET"]}}],"collection":[{"href":"https:\/\/andalubox.com\/fr\/wp-json\/wp\/v2\/product"}],"about":[{"href":"https:\/\/andalubox.com\/fr\/wp-json\/wp\/v2\/types\/product"}],"wp:featuredmedia":[{"embeddable":true,"href":"https:\/\/andalubox.com\/fr\/wp-json\/wp\/v2\/media\/6929"}],"wp:attachment":[{"href":"https:\/\/andalubox.com\/fr\/wp-json\/wp\/v2\/media?parent=7982"}],"wp:term":[{"taxonomy":"product_brand","embeddable":true,"href":"https:\/\/andalubox.com\/fr\/wp-json\/wp\/v2\/product_brand?post=7982"},{"taxonomy":"product_cat","embeddable":true,"href":"https:\/\/andalubox.com\/fr\/wp-json\/wp\/v2\/product_cat?post=7982"},{"taxonomy":"product_tag","embeddable":true,"href":"https:\/\/andalubox.com\/fr\/wp-json\/wp\/v2\/product_tag?post=7982"}],"curies":[{"name":"wp","href":"https:\/\/api.w.org\/{rel}","templated":true}]}}