{"id":7973,"date":"2022-10-26T13:05:47","date_gmt":"2022-10-26T11:05:47","guid":{"rendered":"https:\/\/andalubox.com\/producto-andaluz\/los-angeles-huile-dolive-extra-vierge-non-filtree-variete-lechin-750ml\/"},"modified":"2025-09-19T11:28:13","modified_gmt":"2025-09-19T09:28:13","slug":"los-angeles-huile-dolive-extra-vierge-non-filtree-variete-lechin-750ml","status":"publish","type":"product","link":"https:\/\/andalubox.com\/fr\/producto-andaluz\/los-angeles-huile-dolive-extra-vierge-non-filtree-variete-lechin-750ml\/","title":{"rendered":"Huile d&#8217;olive extra vierge Los \u00c1ngeles Vari\u00e9t\u00e9 Lech\u00edn 750 ml"},"content":{"rendered":"<p>Huile d&#8217;olive extra vierge Los \u00c1ngeles Vari\u00e9t\u00e9 Lech\u00edn 750 ml<\/p>\n<p>Huile d&#8217;olive extra vierge non filtr\u00e9e Los \u00c1ngeles Vari\u00e9t\u00e9 Lech\u00edn de Montellano, 750ml<\/p>\n<p>L&#8217;<b>huile d&#8217;olive vierge extra (EVOO) de la vari\u00e9t\u00e9 Lech\u00edn de la<\/b> marque Los \u00c1ngeles est un produit pr\u00e9sent\u00e9 dans une bouteille de 750 ml et provenant d&#8217;olives de la vari\u00e9t\u00e9 <b>Lech\u00edn<\/b>, originaires de la r\u00e9gion d&#8217;Andalousie, en Espagne, et plus particuli\u00e8rement des provinces de S\u00e9ville et de Cordoue.<\/p>\n<p>&nbsp;<\/p>\n<h3>Caract\u00e9ristiques de l&#8217;huile<\/h3>\n<p>&nbsp;<\/p>\n<ul>\n\t<li>\n<p><b>Vari\u00e9t\u00e9 d&#8217;olive :<\/b> L&#8217;olive Lech\u00edn est connue pour produire une huile d&#8217;olive aux caract\u00e9ristiques organoleptiques tr\u00e8s particuli\u00e8res.<\/p>\n<\/li>\n\t<li>\n<p><b>Profil d&#8217;ar\u00f4me :<\/b><\/p>\n<ul>\n\t<li>\n<p><b>Ar\u00f4me :<\/b> En g\u00e9n\u00e9ral, l&#8217;ar\u00f4me rappelle les fruits verts, avec des notes de pomme et d&#8217;herbes fra\u00eeches.<\/p>\n<\/li>\n\t<li>\n<p><b>Go\u00fbt :<\/b> En bouche, cette huile est douce et \u00e9quilibr\u00e9e. Elle tend \u00e0 pr\u00e9senter une amertume et un piquant moyens, sans \u00eatre excessivement intenses, ce qui la rend tr\u00e8s polyvalente pour diff\u00e9rentes utilisations culinaires. <\/p>\n<\/li>\n\t<li>\n<p><b>Sensations :<\/b> Elle est consid\u00e9r\u00e9e comme une huile harmonieuse et agr\u00e9able au palais.<\/p>\n<\/li>\n<\/ul>\n<\/li>\n<\/ul>\n<p>&nbsp;<\/p>\n<h3>Utilisations en cuisine<\/h3>\n<p>&nbsp;<\/p>\n<p>Gr\u00e2ce \u00e0 son profil de saveurs \u00e9quilibr\u00e9, l&#8217;huile d&#8217;olive Lech\u00edn EVOO est id\u00e9ale pour :<\/p>\n<ul>\n\t<li>\n<p><b>Consommation crue :<\/b> Elle est id\u00e9ale pour assaisonner les salades, griller le pain ou rehausser la saveur des poissons et des l\u00e9gumes grill\u00e9s.<\/p>\n<\/li>\n\t<li>\n<p><b>Cuisine de tous les jours :<\/b> sa polyvalence lui permet de s&#8217;adapter \u00e0 toutes sortes de pr\u00e9parations culinaires, qu&#8217;il s&#8217;agisse de saut\u00e9s, de rago\u00fbts ou de plats mijot\u00e9s.<\/p>\n<\/li>\n<\/ul>\n<p>&nbsp;<\/p>\n<h3>Informations nutritionnelles (pour 100 ml)<\/h3>\n<p>&nbsp;<\/p>\n<ul>\n\t<li>\n<p><b>Valeur \u00e9nerg\u00e9tique :<\/b> 822 kcal \/ 3381 kJ<\/p>\n<\/li>\n\t<li>\n<p><b>Mati\u00e8res grasses :<\/b> 91 g<\/p>\n<ul>\n\t<li>\n<p><b>Dont satur\u00e9s :<\/b> 13 g<\/p>\n<\/li>\n<\/ul>\n<\/li>\n\t<li>\n<p><b>Glucides :<\/b> 0 g<\/p>\n<ul>\n\t<li>\n<p><b>Dont sucres :<\/b> 0 g<\/p>\n<\/li>\n<\/ul>\n<\/li>\n\t<li>\n<p><b>Prot\u00e9ines :<\/b> 0 g<\/p>\n<\/li>\n\t<li>\n<p><b>Sel :<\/b> 0 g<\/p>\n<\/li>\n<\/ul>\n<p>Cette huile de la marque Los Angeles est un excellent choix pour ceux qui recherchent une huile d&#8217;olive de haute qualit\u00e9, avec une saveur distinctive mais pas trop prononc\u00e9e, qui se marie bien avec une grande vari\u00e9t\u00e9 de plats.<\/p>","protected":false},"excerpt":{"rendered":"<p>Los Angeles Extra Virgin Olive Oil Lech\u00edn Variety 750 ml pour l&#8217;exportation vers l&#8217;Europe.<\/p>\n","protected":false},"featured_media":6938,"template":"","meta":{"site-sidebar-layout":"default","site-content-layout":"default","ast-site-content-layout":"default","site-content-style":"default","site-sidebar-style":"default","ast-global-header-display":"","ast-banner-title-visibility":"","ast-main-header-display":"","ast-hfb-above-header-display":"","ast-hfb-below-header-display":"","ast-hfb-mobile-header-display":"","site-post-title":"","ast-breadcrumbs-content":"","ast-featured-img":"","footer-sml-layout":"","ast-disable-related-posts":"","theme-transparent-header-meta":"default","adv-header-id-meta":"","stick-header-meta":"","header-above-stick-meta":"","header-main-stick-meta":"","header-below-stick-meta":"","astra-migrate-meta-layouts":"default","ast-page-background-enabled":"default","ast-page-background-meta":{"desktop":{"background-color":"var(--ast-global-color-4)","background-image":"","background-repeat":"repeat","background-position":"center center","background-size":"auto","background-attachment":"scroll","background-type":"","background-media":"","overlay-type":"","overlay-color":"","overlay-opacity":"","overlay-gradient":""},"tablet":{"background-color":"","background-image":"","background-repeat":"repeat","background-position":"center center","background-size":"auto","background-attachment":"scroll","background-type":"","background-media":"","overlay-type":"","overlay-color":"","overlay-opacity":"","overlay-gradient":""},"mobile":{"background-color":"","background-image":"","background-repeat":"repeat","background-position":"center center","background-size":"auto","background-attachment":"scroll","background-type":"","background-media":"","overlay-type":"","overlay-color":"","overlay-opacity":"","overlay-gradient":""}},"ast-content-background-meta":{"desktop":{"background-color":"var(--ast-global-color-5)","background-image":"","background-repeat":"repeat","background-position":"center center","background-size":"auto","background-attachment":"scroll","background-type":"","background-media":"","overlay-type":"","overlay-color":"","overlay-opacity":"","overlay-gradient":""},"tablet":{"background-color":"var(--ast-global-color-5)","background-image":"","background-repeat":"repeat","background-position":"center center","background-size":"auto","background-attachment":"scroll","background-type":"","background-media":"","overlay-type":"","overlay-color":"","overlay-opacity":"","overlay-gradient":""},"mobile":{"background-color":"var(--ast-global-color-5)","background-image":"","background-repeat":"repeat","background-position":"center center","background-size":"auto","background-attachment":"scroll","background-type":"","background-media":"","overlay-type":"","overlay-color":"","overlay-opacity":"","overlay-gradient":""}}},"product_brand":[],"product_cat":[313,317],"product_tag":[],"class_list":{"0":"post-7973","1":"product","2":"type-product","3":"status-publish","4":"has-post-thumbnail","6":"product_cat-huile-andalouse","7":"product_cat-nouvelles","8":"desktop-align-left","9":"tablet-align-left","10":"mobile-align-left","12":"first","13":"instock","14":"taxable","15":"shipping-taxable","16":"purchasable","17":"product-type-simple"},"_links":{"self":[{"href":"https:\/\/andalubox.com\/fr\/wp-json\/wp\/v2\/product\/7973","targetHints":{"allow":["GET"]}}],"collection":[{"href":"https:\/\/andalubox.com\/fr\/wp-json\/wp\/v2\/product"}],"about":[{"href":"https:\/\/andalubox.com\/fr\/wp-json\/wp\/v2\/types\/product"}],"wp:featuredmedia":[{"embeddable":true,"href":"https:\/\/andalubox.com\/fr\/wp-json\/wp\/v2\/media\/6938"}],"wp:attachment":[{"href":"https:\/\/andalubox.com\/fr\/wp-json\/wp\/v2\/media?parent=7973"}],"wp:term":[{"taxonomy":"product_brand","embeddable":true,"href":"https:\/\/andalubox.com\/fr\/wp-json\/wp\/v2\/product_brand?post=7973"},{"taxonomy":"product_cat","embeddable":true,"href":"https:\/\/andalubox.com\/fr\/wp-json\/wp\/v2\/product_cat?post=7973"},{"taxonomy":"product_tag","embeddable":true,"href":"https:\/\/andalubox.com\/fr\/wp-json\/wp\/v2\/product_tag?post=7973"}],"curies":[{"name":"wp","href":"https:\/\/api.w.org\/{rel}","templated":true}]}}