{"id":7970,"date":"2022-10-26T13:05:33","date_gmt":"2022-10-26T11:05:33","guid":{"rendered":"https:\/\/andalubox.com\/producto-andaluz\/liqueur-de-chataigne-du-mardi-saint-70cl\/"},"modified":"2025-08-23T17:48:14","modified_gmt":"2025-08-23T15:48:14","slug":"mardi-holy-licor-de-castana-70cl","status":"publish","type":"product","link":"https:\/\/andalubox.com\/fr\/producto-andaluz\/mardi-holy-licor-de-castana-70cl\/","title":{"rendered":"Liqueur de ch\u00e2taigne du Mardi Saint 70cl"},"content":{"rendered":"<p>Liqueur de ch\u00e2taigne du Mardi Saint 70cl<\/p>\n<p>La liqueur de ch\u00e2taigne de Destiler\u00edas Martes Santo est une liqueur de ch\u00e2taigne traditionnelle fabriqu\u00e9e \u00e0 Higuera de la Sierra, dans le parc naturel de la Sierra de Aracena et des Pics d&#8217;Aroche, \u00e0 Huelva, en Espagne.<\/p>\n<p>Produit par une distillerie familiale fond\u00e9e en 1870, il est obtenu par mac\u00e9ration de ch\u00e2taignes sauvages d&#8217;origine locale dans l&#8217;eau-de-vie bi-distill\u00e9e Martes Santo, en utilisant des m\u00e9thodes traditionnelles telles que des alambics en cuivre chauff\u00e9s au bois de ch\u00eane vert.<\/p>\n<p>La liqueur a un taux d&#8217;alcool de 20 %, se pr\u00e9sente dans une bouteille de 70 cl et contient des ch\u00e2taignes enti\u00e8res, ce qui lui donne un go\u00fbt distinctif, doux et cr\u00e9meux, qui refl\u00e8te l&#8217;h\u00e9ritage culinaire de la r\u00e9gion. Elle est r\u00e9put\u00e9e pour son go\u00fbt unique et riche et pour son lien avec les traditions ethnographiques de la Sierra de Aracena. <\/p>\n<p>La liqueur de ch\u00e2taigne est \u00e9labor\u00e9e \u00e0 partir d&#8217;une s\u00e9lection des meilleures mati\u00e8res premi\u00e8res (fruits naturels, plantes aromatiques et les meilleurs alcools).<\/p>\n<p>Produit et mis en bouteille par Destiler\u00edas Martes Santo S.L. fond\u00e9 en 1870.<\/p>\n<p><br><br><br>Bouteille en verre Cont. 70 cl. Alc. 20% Vol. 75 gr. de fruits 95 cl de liqueur  <\/p>","protected":false},"excerpt":{"rendered":"<p>Holy Tuesday Chestnut Liqueur 70cl exp\u00e9di\u00e9 vers TOUTE L&#8217;EUROPE.<\/p>\n","protected":false},"featured_media":6863,"comment_status":"closed","ping_status":"closed","template":"","meta":{"site-sidebar-layout":"default","site-content-layout":"default","ast-site-content-layout":"default","site-content-style":"default","site-sidebar-style":"default","ast-global-header-display":"","ast-banner-title-visibility":"","ast-main-header-display":"","ast-hfb-above-header-display":"","ast-hfb-below-header-display":"","ast-hfb-mobile-header-display":"","site-post-title":"","ast-breadcrumbs-content":"","ast-featured-img":"","footer-sml-layout":"","ast-disable-related-posts":"","theme-transparent-header-meta":"default","adv-header-id-meta":"","stick-header-meta":"","header-above-stick-meta":"","header-main-stick-meta":"","header-below-stick-meta":"","astra-migrate-meta-layouts":"default","ast-page-background-enabled":"default","ast-page-background-meta":{"desktop":{"background-color":"var(--ast-global-color-4)","background-image":"","background-repeat":"repeat","background-position":"center center","background-size":"auto","background-attachment":"scroll","background-type":"","background-media":"","overlay-type":"","overlay-color":"","overlay-opacity":"","overlay-gradient":""},"tablet":{"background-color":"","background-image":"","background-repeat":"repeat","background-position":"center center","background-size":"auto","background-attachment":"scroll","background-type":"","background-media":"","overlay-type":"","overlay-color":"","overlay-opacity":"","overlay-gradient":""},"mobile":{"background-color":"","background-image":"","background-repeat":"repeat","background-position":"center center","background-size":"auto","background-attachment":"scroll","background-type":"","background-media":"","overlay-type":"","overlay-color":"","overlay-opacity":"","overlay-gradient":""}},"ast-content-background-meta":{"desktop":{"background-color":"var(--ast-global-color-5)","background-image":"","background-repeat":"repeat","background-position":"center center","background-size":"auto","background-attachment":"scroll","background-type":"","background-media":"","overlay-type":"","overlay-color":"","overlay-opacity":"","overlay-gradient":""},"tablet":{"background-color":"var(--ast-global-color-5)","background-image":"","background-repeat":"repeat","background-position":"center center","background-size":"auto","background-attachment":"scroll","background-type":"","background-media":"","overlay-type":"","overlay-color":"","overlay-opacity":"","overlay-gradient":""},"mobile":{"background-color":"var(--ast-global-color-5)","background-image":"","background-repeat":"repeat","background-position":"center center","background-size":"auto","background-attachment":"scroll","background-type":"","background-media":"","overlay-type":"","overlay-color":"","overlay-opacity":"","overlay-gradient":""}}},"product_brand":[1174],"product_cat":[41,1548],"product_tag":[127],"class_list":{"0":"post-7970","1":"product","2":"type-product","3":"status-publish","4":"has-post-thumbnail","6":"product_brand-martes-santo","7":"product_cat-conservas-de-carne","8":"product_cat-cremas-y-licores-dulces","9":"product_tag-huelva-fr","10":"desktop-align-left","11":"tablet-align-left","12":"mobile-align-left","14":"first","15":"instock","16":"taxable","17":"shipping-taxable","18":"purchasable","19":"product-type-simple"},"_links":{"self":[{"href":"https:\/\/andalubox.com\/fr\/wp-json\/wp\/v2\/product\/7970","targetHints":{"allow":["GET"]}}],"collection":[{"href":"https:\/\/andalubox.com\/fr\/wp-json\/wp\/v2\/product"}],"about":[{"href":"https:\/\/andalubox.com\/fr\/wp-json\/wp\/v2\/types\/product"}],"replies":[{"embeddable":true,"href":"https:\/\/andalubox.com\/fr\/wp-json\/wp\/v2\/comments?post=7970"}],"wp:featuredmedia":[{"embeddable":true,"href":"https:\/\/andalubox.com\/fr\/wp-json\/wp\/v2\/media\/6863"}],"wp:attachment":[{"href":"https:\/\/andalubox.com\/fr\/wp-json\/wp\/v2\/media?parent=7970"}],"wp:term":[{"taxonomy":"product_brand","embeddable":true,"href":"https:\/\/andalubox.com\/fr\/wp-json\/wp\/v2\/product_brand?post=7970"},{"taxonomy":"product_cat","embeddable":true,"href":"https:\/\/andalubox.com\/fr\/wp-json\/wp\/v2\/product_cat?post=7970"},{"taxonomy":"product_tag","embeddable":true,"href":"https:\/\/andalubox.com\/fr\/wp-json\/wp\/v2\/product_tag?post=7970"}],"curies":[{"name":"wp","href":"https:\/\/api.w.org\/{rel}","templated":true}]}}