{"id":7968,"date":"2022-10-26T13:05:43","date_gmt":"2022-10-26T11:05:43","guid":{"rendered":"https:\/\/andalubox.com\/producto-andaluz\/herpac-pate-de-mojama-125gr\/"},"modified":"2025-06-12T23:52:10","modified_gmt":"2025-06-12T21:52:10","slug":"herpac-pate-de-mojama-125gr","status":"publish","type":"product","link":"https:\/\/andalubox.com\/fr\/producto-andaluz\/herpac-pate-de-mojama-125gr\/","title":{"rendered":"Herpac Mojama P\u00e2t\u00e9, 125g"},"content":{"rendered":"<p>Vous pouvez appr\u00e9cier le go\u00fbt du mojama dans ce d\u00e9licieux p\u00e2t\u00e9 fait maison. Pour le pr\u00e9parer, nous faisons d&#8217;abord revenir l&#8217;oignon avec le lard et l&#8217;huile.<\/p>\n<p>Une fois tendre, ajouter le lait, l&#8217;eau, le mojama hach\u00e9, le poisson, les \u00e9pices et le sel, et faire cuire pendant 30 minutes. Enfin, le tout est vers\u00e9 dans un r\u00e9cipient et emball\u00e9 dans des bocaux en verre, qui sont ensuite autoclav\u00e9s pour garantir l&#8217;absence de germes.<\/p>\n<p>Le p\u00e2t\u00e9 de mojama est pr\u00e9sent\u00e9 au client dans des pots en verre de 105 grammes. Une fois le pot ouvert, il est pr\u00eat \u00e0 \u00eatre \u00e9tal\u00e9 directement sur de d\u00e9licieux toasts \u00e0 tout moment de la journ\u00e9e.<\/p>\n<p>Le p\u00e2t\u00e9 de mojama doit \u00eatre conserv\u00e9 dans un endroit frais et sec, \u00e0 l&#8217;abri du soleil. Une fois ouvert, il doit \u00eatre conserv\u00e9 au frais \u00e0 une temp\u00e9rature comprise entre 0\u00ba et 4\u00baC, et consomm\u00e9 dans les 3-4 jours. En bref, un produit de la plus haute qualit\u00e9 et un go\u00fbt exquis pour le palais.<\/p>","protected":false},"excerpt":{"rendered":"<p>P\u00e2t\u00e9 de mojama naturel, fabriqu\u00e9 \u00e0 la main par Herpac, Barbate. Utilisation d&#8217;ingr\u00e9dients de premi\u00e8re qualit\u00e9.<\/p>\n","protected":false},"featured_media":6896,"comment_status":"closed","ping_status":"closed","template":"","meta":{"site-sidebar-layout":"default","site-content-layout":"default","ast-site-content-layout":"default","site-content-style":"default","site-sidebar-style":"default","ast-global-header-display":"","ast-banner-title-visibility":"","ast-main-header-display":"","ast-hfb-above-header-display":"","ast-hfb-below-header-display":"","ast-hfb-mobile-header-display":"","site-post-title":"","ast-breadcrumbs-content":"","ast-featured-img":"","footer-sml-layout":"","ast-disable-related-posts":"","theme-transparent-header-meta":"default","adv-header-id-meta":"","stick-header-meta":"","header-above-stick-meta":"","header-main-stick-meta":"","header-below-stick-meta":"","astra-migrate-meta-layouts":"default","ast-page-background-enabled":"default","ast-page-background-meta":{"desktop":{"background-color":"var(--ast-global-color-4)","background-image":"","background-repeat":"repeat","background-position":"center center","background-size":"auto","background-attachment":"scroll","background-type":"","background-media":"","overlay-type":"","overlay-color":"","overlay-opacity":"","overlay-gradient":""},"tablet":{"background-color":"","background-image":"","background-repeat":"repeat","background-position":"center center","background-size":"auto","background-attachment":"scroll","background-type":"","background-media":"","overlay-type":"","overlay-color":"","overlay-opacity":"","overlay-gradient":""},"mobile":{"background-color":"","background-image":"","background-repeat":"repeat","background-position":"center center","background-size":"auto","background-attachment":"scroll","background-type":"","background-media":"","overlay-type":"","overlay-color":"","overlay-opacity":"","overlay-gradient":""}},"ast-content-background-meta":{"desktop":{"background-color":"var(--ast-global-color-5)","background-image":"","background-repeat":"repeat","background-position":"center center","background-size":"auto","background-attachment":"scroll","background-type":"","background-media":"","overlay-type":"","overlay-color":"","overlay-opacity":"","overlay-gradient":""},"tablet":{"background-color":"var(--ast-global-color-5)","background-image":"","background-repeat":"repeat","background-position":"center center","background-size":"auto","background-attachment":"scroll","background-type":"","background-media":"","overlay-type":"","overlay-color":"","overlay-opacity":"","overlay-gradient":""},"mobile":{"background-color":"var(--ast-global-color-5)","background-image":"","background-repeat":"repeat","background-position":"center center","background-size":"auto","background-attachment":"scroll","background-type":"","background-media":"","overlay-type":"","overlay-color":"","overlay-opacity":"","overlay-gradient":""}}},"product_brand":[1495],"product_cat":[15],"product_tag":[108],"class_list":{"0":"post-7968","1":"product","2":"type-product","3":"status-publish","4":"has-post-thumbnail","6":"product_brand-herpac","7":"product_cat-sin-categorizar","8":"product_tag-seville","9":"desktop-align-left","10":"tablet-align-left","11":"mobile-align-left","13":"first","14":"outofstock","15":"taxable","16":"shipping-taxable","17":"purchasable","18":"product-type-simple"},"_links":{"self":[{"href":"https:\/\/andalubox.com\/fr\/wp-json\/wp\/v2\/product\/7968","targetHints":{"allow":["GET"]}}],"collection":[{"href":"https:\/\/andalubox.com\/fr\/wp-json\/wp\/v2\/product"}],"about":[{"href":"https:\/\/andalubox.com\/fr\/wp-json\/wp\/v2\/types\/product"}],"replies":[{"embeddable":true,"href":"https:\/\/andalubox.com\/fr\/wp-json\/wp\/v2\/comments?post=7968"}],"wp:featuredmedia":[{"embeddable":true,"href":"https:\/\/andalubox.com\/fr\/wp-json\/wp\/v2\/media\/6896"}],"wp:attachment":[{"href":"https:\/\/andalubox.com\/fr\/wp-json\/wp\/v2\/media?parent=7968"}],"wp:term":[{"taxonomy":"product_brand","embeddable":true,"href":"https:\/\/andalubox.com\/fr\/wp-json\/wp\/v2\/product_brand?post=7968"},{"taxonomy":"product_cat","embeddable":true,"href":"https:\/\/andalubox.com\/fr\/wp-json\/wp\/v2\/product_cat?post=7968"},{"taxonomy":"product_tag","embeddable":true,"href":"https:\/\/andalubox.com\/fr\/wp-json\/wp\/v2\/product_tag?post=7968"}],"curies":[{"name":"wp","href":"https:\/\/api.w.org\/{rel}","templated":true}]}}