{"id":7936,"date":"2022-10-26T13:05:24","date_gmt":"2022-10-26T11:05:24","guid":{"rendered":"https:\/\/andalubox.com\/producto-andaluz\/1881-osuna-extra-virgin-huile-dolive-garrafa-pet-5l\/"},"modified":"2025-06-26T23:00:02","modified_gmt":"2025-06-26T21:00:02","slug":"1881-osuna-huile-dolive-extra-vierge-carafe-pet-5-litres","status":"publish","type":"product","link":"https:\/\/andalubox.com\/fr\/producto-andaluz\/1881-osuna-huile-dolive-extra-vierge-carafe-pet-5-litres\/","title":{"rendered":"1881 Osuna Extra Virgin Huile d\u2019Olive, Garrafa PET 5L"},"content":{"rendered":"<p>Aceite 1881 est une huile d&#8217;olive vierge extra (EVOO) de grande qualit\u00e9 produite par S.A.T. Santa Teresa \u00e0 Osuna, en Andalousie. Il s&#8217;agit d&#8217;un coupage des vari\u00e9t\u00e9s d&#8217;olives Manzanilla, Hojiblanca et Lech\u00edn, ce qui lui conf\u00e8re une saveur fruit\u00e9e avec des notes de feuille d&#8217;olivier, de tomate, d&#8217;artichaut et d&#8217;amande, ainsi qu&#8217;un piquant et une amertume moyens. Cette huile se caract\u00e9rise par son processus naturel de d\u00e9cantation, qui lui conf\u00e8re une texture particuli\u00e8re, et est certifi\u00e9e par le label international SIQEV, qui garantit sa qualit\u00e9 sup\u00e9rieure.<br>Principales caract\u00e9ristiques :<br>Go\u00fbt et ar\u00f4me : fruit\u00e9, avec des notes de tomate, d&#8217;artichaut et d&#8217;amande, et une touche \u00e9quilibr\u00e9e de piquant et d&#8217;amertume.  <\/p>\n<p>Utilisations : Id\u00e9al pour la cuisine, l&#8217;assaisonnement des salades, ou \u00e0 d\u00e9guster cru, en ajoutant une touche gourmande aux recettes.<\/p>\n<p>Formats : Disponible en carafes de 2 et 5 litres, en canettes de 2,5 et 5 litres, en bouteilles de verre de 250 et 500 ml, et en packs comme l'&#8221;Esencia 1881&#8243; avec trois canettes de 500 ml (Essence, Limited Edition et High Selection).<\/p>\n<p>B\u00e9n\u00e9fices : Riche en polyph\u00e9nols et en antioxydants, il contribue \u00e0 la sant\u00e9 cardiovasculaire et \u00e0 la pr\u00e9vention des maladies.<\/p>\n<p>Huile d&#8217;olive vierge extra obtenue \u00e0 partir des vari\u00e9t\u00e9s andalouses Hojiblanca, Manzanilla et Lech\u00edn. Huile avec du caract\u00e8re, du piquant et une amertume moyenne.<\/p>\n<p>Il est pr\u00e9sent\u00e9 apr\u00e8s avoir \u00e9t\u00e9 soumis \u00e0 un processus naturel de d\u00e9cantation qui lui conf\u00e8re cette texture caract\u00e9ristique tant appr\u00e9ci\u00e9e par nos consommateurs.<\/p>\n<p>Conditionnement en carafes de 2 et 5 litres. sont faciles \u00e0 manipuler pour une utilisation quotidienne dans la cuisine.<\/p>\n<p>Andalubox exporte actuellement l&#8217;huile 1881 via www.andalubox.com vers des villes telles que Berlin, Paris, Dublin, Prague et Londres.<\/p>","protected":false},"excerpt":{"rendered":"<p>Huile d&#8217;olive vierge extra obtenue \u00e0 partir des vari\u00e9t\u00e9s andalouses Hojiblanca, Manzanilla et Lech\u00edn. Huile avec du caract\u00e8re, du piquant et une amertume moyenne.<\/p>\n","protected":false},"featured_media":6917,"template":"","meta":{"site-sidebar-layout":"default","site-content-layout":"default","ast-site-content-layout":"default","site-content-style":"default","site-sidebar-style":"default","ast-global-header-display":"","ast-banner-title-visibility":"","ast-main-header-display":"","ast-hfb-above-header-display":"","ast-hfb-below-header-display":"","ast-hfb-mobile-header-display":"","site-post-title":"","ast-breadcrumbs-content":"","ast-featured-img":"","footer-sml-layout":"","ast-disable-related-posts":"","theme-transparent-header-meta":"default","adv-header-id-meta":"","stick-header-meta":"","header-above-stick-meta":"","header-main-stick-meta":"","header-below-stick-meta":"","astra-migrate-meta-layouts":"default","ast-page-background-enabled":"default","ast-page-background-meta":{"desktop":{"background-color":"var(--ast-global-color-4)","background-image":"","background-repeat":"repeat","background-position":"center center","background-size":"auto","background-attachment":"scroll","background-type":"","background-media":"","overlay-type":"","overlay-color":"","overlay-opacity":"","overlay-gradient":""},"tablet":{"background-color":"","background-image":"","background-repeat":"repeat","background-position":"center center","background-size":"auto","background-attachment":"scroll","background-type":"","background-media":"","overlay-type":"","overlay-color":"","overlay-opacity":"","overlay-gradient":""},"mobile":{"background-color":"","background-image":"","background-repeat":"repeat","background-position":"center center","background-size":"auto","background-attachment":"scroll","background-type":"","background-media":"","overlay-type":"","overlay-color":"","overlay-opacity":"","overlay-gradient":""}},"ast-content-background-meta":{"desktop":{"background-color":"var(--ast-global-color-5)","background-image":"","background-repeat":"repeat","background-position":"center center","background-size":"auto","background-attachment":"scroll","background-type":"","background-media":"","overlay-type":"","overlay-color":"","overlay-opacity":"","overlay-gradient":""},"tablet":{"background-color":"var(--ast-global-color-5)","background-image":"","background-repeat":"repeat","background-position":"center center","background-size":"auto","background-attachment":"scroll","background-type":"","background-media":"","overlay-type":"","overlay-color":"","overlay-opacity":"","overlay-gradient":""},"mobile":{"background-color":"var(--ast-global-color-5)","background-image":"","background-repeat":"repeat","background-position":"center center","background-size":"auto","background-attachment":"scroll","background-type":"","background-media":"","overlay-type":"","overlay-color":"","overlay-opacity":"","overlay-gradient":""}}},"product_brand":[],"product_cat":[313],"product_tag":[],"class_list":{"0":"post-7936","1":"product","2":"type-product","3":"status-publish","4":"has-post-thumbnail","6":"product_cat-huile-andalouse","7":"desktop-align-left","8":"tablet-align-left","9":"mobile-align-left","11":"first","12":"instock","13":"taxable","14":"shipping-taxable","15":"purchasable","16":"product-type-simple"},"_links":{"self":[{"href":"https:\/\/andalubox.com\/fr\/wp-json\/wp\/v2\/product\/7936","targetHints":{"allow":["GET"]}}],"collection":[{"href":"https:\/\/andalubox.com\/fr\/wp-json\/wp\/v2\/product"}],"about":[{"href":"https:\/\/andalubox.com\/fr\/wp-json\/wp\/v2\/types\/product"}],"wp:featuredmedia":[{"embeddable":true,"href":"https:\/\/andalubox.com\/fr\/wp-json\/wp\/v2\/media\/6917"}],"wp:attachment":[{"href":"https:\/\/andalubox.com\/fr\/wp-json\/wp\/v2\/media?parent=7936"}],"wp:term":[{"taxonomy":"product_brand","embeddable":true,"href":"https:\/\/andalubox.com\/fr\/wp-json\/wp\/v2\/product_brand?post=7936"},{"taxonomy":"product_cat","embeddable":true,"href":"https:\/\/andalubox.com\/fr\/wp-json\/wp\/v2\/product_cat?post=7936"},{"taxonomy":"product_tag","embeddable":true,"href":"https:\/\/andalubox.com\/fr\/wp-json\/wp\/v2\/product_tag?post=7936"}],"curies":[{"name":"wp","href":"https:\/\/api.w.org\/{rel}","templated":true}]}}