{"id":7903,"date":"2022-10-26T13:05:01","date_gmt":"2022-10-26T11:05:01","guid":{"rendered":"https:\/\/andalubox.com\/producto-andaluz\/supermex-round-chips-sans-gluten-500gr\/"},"modified":"2025-07-21T18:01:48","modified_gmt":"2025-07-21T16:01:48","slug":"supermex-rond-sans-gluten-500-gr","status":"publish","type":"product","link":"https:\/\/andalubox.com\/fr\/producto-andaluz\/supermex-rond-sans-gluten-500-gr\/","title":{"rendered":"Super Mex Nachos Fritos (totopos) Ronde Sans Gluten, 500 g"},"content":{"rendered":"<p><strong>Super Mex Nachos Fritos (totopos) Ronde Sans Gluten, 500 g<\/strong><\/p>\n<p>Super-Mex Foods est une entreprise familiale fond\u00e9e en 1997 par les fr\u00e8res Bruce et Robert Stockwell, qui se consacre \u00e0 la fabrication et \u00e0 la distribution de produits mexicains et tex-mex, et dont le si\u00e8ge se trouve \u00e0 El Puerto de Santa Mar\u00eda, \u00e0 Cadix. Son produit phare est le nachos (chips de tortilla ou totopos), \u00e9labor\u00e9 de mani\u00e8re 100 % naturelle selon le proc\u00e9d\u00e9 azt\u00e8que traditionnel de cuisson Nixtamal, broy\u00e9 \u00e0 la pierre volcanique, frit dans de l&#8217;huile de tournesol et assaisonn\u00e9 de sel marin de la baie de Cadix. L&#8217;entreprise produit et commercialise \u00e9galement des tortillas de bl\u00e9, des sauces, des piments, des assaisonnements et des plats pr\u00e9par\u00e9s pour le commerce de d\u00e9tail et l&#8217;horeca.<br>L&#8217;entreprise a d\u00e9marr\u00e9 \u00e0 Rota en 1986 avec le restaurant Casa Texas Mexico, qui servait principalement les clients de la base militaire am\u00e9ricaine, et a \u00e9volu\u00e9 vers la fabrication en raison du manque d&#8217;ingr\u00e9dients mexicains en Espagne. En 2013, elle a ouvert une nouvelle usine \u00e0 El Puerto de Santa Mar\u00eda, cinq fois plus grande que la premi\u00e8re, avec un investissement de 2 millions d&#8217;euros, \u00e9quip\u00e9e de technologies modernes et d&#8217;un laboratoire de contr\u00f4le de la qualit\u00e9. L&#8217;entreprise emploie actuellement 35 personnes, produit 24 000 kilos de nachos par semaine et exporte vers des pays tels que le Royaume-Uni, la Gr\u00e8ce, la Suisse, la Su\u00e8de, l&#8217;Italie, Malte, Chypre, l&#8217;Allemagne et le Portugal.<br>Super-Mex a re\u00e7u des prix tels que le Prix europ\u00e9en de la meilleure carri\u00e8re professionnelle, le Prix Andaluc\u00eda Excelente 2022 pour la qualit\u00e9 des produits et le Prix national El Suplemento 2017 pour la qualit\u00e9 des produits alimentaires. L&#8217;entreprise se distingue \u00e9galement par son engagement social, avec des dons \u00e0 la Banque alimentaire depuis la pand\u00e9mie.     <\/p>\n<p><strong>Ingr\u00e9dients :<\/strong> Ma\u00efs jaune, huile de tournesol \u00e0 haute teneur en olive, sel.<\/p>\n<p><strong>Allerg\u00e8nes :<\/strong> Peut contenir des traces de lait et de d\u00e9riv\u00e9s du lait (y compris le lactose).<\/p>","protected":false},"excerpt":{"rendered":"<p>Super Mex Nachos Fritos (totopos) Round Gluten Free, 500 gr. Vente pour toute l&#8217;Espagne et l&#8217;Europe. 6,86\u20ac\/kilo.<br \/>Les chips de ma\u00efs triangulaires originales Super Mex, id\u00e9ales pour grignoter avec du guacamole, des dips, du fromage nacho, des haricots frits ou du fromage cheddar.   Sans gluten.<\/p>\n","protected":false},"featured_media":6842,"comment_status":"closed","ping_status":"closed","template":"","meta":{"site-sidebar-layout":"default","site-content-layout":"default","ast-site-content-layout":"default","site-content-style":"default","site-sidebar-style":"default","ast-global-header-display":"","ast-banner-title-visibility":"","ast-main-header-display":"","ast-hfb-above-header-display":"","ast-hfb-below-header-display":"","ast-hfb-mobile-header-display":"","site-post-title":"","ast-breadcrumbs-content":"","ast-featured-img":"","footer-sml-layout":"","ast-disable-related-posts":"","theme-transparent-header-meta":"default","adv-header-id-meta":"","stick-header-meta":"","header-above-stick-meta":"","header-main-stick-meta":"","header-below-stick-meta":"","astra-migrate-meta-layouts":"default","ast-page-background-enabled":"default","ast-page-background-meta":{"desktop":{"background-color":"var(--ast-global-color-4)","background-image":"","background-repeat":"repeat","background-position":"center center","background-size":"auto","background-attachment":"scroll","background-type":"","background-media":"","overlay-type":"","overlay-color":"","overlay-opacity":"","overlay-gradient":""},"tablet":{"background-color":"","background-image":"","background-repeat":"repeat","background-position":"center center","background-size":"auto","background-attachment":"scroll","background-type":"","background-media":"","overlay-type":"","overlay-color":"","overlay-opacity":"","overlay-gradient":""},"mobile":{"background-color":"","background-image":"","background-repeat":"repeat","background-position":"center center","background-size":"auto","background-attachment":"scroll","background-type":"","background-media":"","overlay-type":"","overlay-color":"","overlay-opacity":"","overlay-gradient":""}},"ast-content-background-meta":{"desktop":{"background-color":"var(--ast-global-color-5)","background-image":"","background-repeat":"repeat","background-position":"center center","background-size":"auto","background-attachment":"scroll","background-type":"","background-media":"","overlay-type":"","overlay-color":"","overlay-opacity":"","overlay-gradient":""},"tablet":{"background-color":"var(--ast-global-color-5)","background-image":"","background-repeat":"repeat","background-position":"center center","background-size":"auto","background-attachment":"scroll","background-type":"","background-media":"","overlay-type":"","overlay-color":"","overlay-opacity":"","overlay-gradient":""},"mobile":{"background-color":"var(--ast-global-color-5)","background-image":"","background-repeat":"repeat","background-position":"center center","background-size":"auto","background-attachment":"scroll","background-type":"","background-media":"","overlay-type":"","overlay-color":"","overlay-opacity":"","overlay-gradient":""}}},"product_brand":[1488],"product_cat":[],"product_tag":[132],"class_list":{"0":"post-7903","1":"product","2":"type-product","3":"status-publish","4":"has-post-thumbnail","6":"product_brand-super-mex","7":"product_tag-cadix","8":"desktop-align-left","9":"tablet-align-left","10":"mobile-align-left","12":"first","13":"outofstock","14":"taxable","15":"shipping-taxable","16":"purchasable","17":"product-type-simple"},"_links":{"self":[{"href":"https:\/\/andalubox.com\/fr\/wp-json\/wp\/v2\/product\/7903","targetHints":{"allow":["GET"]}}],"collection":[{"href":"https:\/\/andalubox.com\/fr\/wp-json\/wp\/v2\/product"}],"about":[{"href":"https:\/\/andalubox.com\/fr\/wp-json\/wp\/v2\/types\/product"}],"replies":[{"embeddable":true,"href":"https:\/\/andalubox.com\/fr\/wp-json\/wp\/v2\/comments?post=7903"}],"wp:featuredmedia":[{"embeddable":true,"href":"https:\/\/andalubox.com\/fr\/wp-json\/wp\/v2\/media\/6842"}],"wp:attachment":[{"href":"https:\/\/andalubox.com\/fr\/wp-json\/wp\/v2\/media?parent=7903"}],"wp:term":[{"taxonomy":"product_brand","embeddable":true,"href":"https:\/\/andalubox.com\/fr\/wp-json\/wp\/v2\/product_brand?post=7903"},{"taxonomy":"product_cat","embeddable":true,"href":"https:\/\/andalubox.com\/fr\/wp-json\/wp\/v2\/product_cat?post=7903"},{"taxonomy":"product_tag","embeddable":true,"href":"https:\/\/andalubox.com\/fr\/wp-json\/wp\/v2\/product_tag?post=7903"}],"curies":[{"name":"wp","href":"https:\/\/api.w.org\/{rel}","templated":true}]}}