{"id":7899,"date":"2022-10-26T13:05:07","date_gmt":"2022-10-26T11:05:07","guid":{"rendered":"https:\/\/andalubox.com\/producto-andaluz\/vinaigre-de-xeres-en-spray-250ml\/"},"modified":"2025-06-20T12:03:23","modified_gmt":"2025-06-20T10:03:23","slug":"sherry-vinaigre-merry-spray-250ml","status":"publish","type":"product","link":"https:\/\/andalubox.com\/fr\/producto-andaluz\/sherry-vinaigre-merry-spray-250ml\/","title":{"rendered":"Merry Sherry Vinaigre de X\u00e9r\u00e8s en spray D.O.P. Jerez, 250ml"},"content":{"rendered":"<p><strong>Ingr\u00e9dients :<\/strong><br> Vinaigre de X\u00e9r\u00e8s D.O.P., colorant caramel E-150d et anhydride sulfureux.<strong>Propri\u00e9t\u00e9s :<\/strong> Ar\u00f4me intense, l\u00e9g\u00e8rement alcoolis\u00e9, avec une pr\u00e9dominance de notes de vin et de bois, saveur agr\u00e9able, avec une grande persistance en bouche et une couleur entre le vieil or et l&#8217;acajou.<\/p>\n<p>Andalubox s&#8217;engage pour le vinaigre de X\u00e9r\u00e8s. La cl\u00e9 du r\u00e9gime m\u00e9diterran\u00e9en. R\u00e9gime m\u00e9diterran\u00e9en. Sud de l&#8217;Espagne.   <\/p>\n<p>&nbsp;<\/p>","protected":false},"excerpt":{"rendered":"<p>Vin de x\u00e9r\u00e8s, vieilli en f\u00fbts de ch\u00eane selon la m\u00e9thode traditionnelle des criaderas et des soleras.<\/p>\n","protected":false},"featured_media":6788,"comment_status":"closed","ping_status":"closed","template":"","meta":{"site-sidebar-layout":"default","site-content-layout":"default","ast-site-content-layout":"default","site-content-style":"default","site-sidebar-style":"default","ast-global-header-display":"","ast-banner-title-visibility":"","ast-main-header-display":"","ast-hfb-above-header-display":"","ast-hfb-below-header-display":"","ast-hfb-mobile-header-display":"","site-post-title":"","ast-breadcrumbs-content":"","ast-featured-img":"","footer-sml-layout":"","ast-disable-related-posts":"","theme-transparent-header-meta":"default","adv-header-id-meta":"","stick-header-meta":"","header-above-stick-meta":"","header-main-stick-meta":"","header-below-stick-meta":"","astra-migrate-meta-layouts":"default","ast-page-background-enabled":"default","ast-page-background-meta":{"desktop":{"background-color":"var(--ast-global-color-4)","background-image":"","background-repeat":"repeat","background-position":"center center","background-size":"auto","background-attachment":"scroll","background-type":"","background-media":"","overlay-type":"","overlay-color":"","overlay-opacity":"","overlay-gradient":""},"tablet":{"background-color":"","background-image":"","background-repeat":"repeat","background-position":"center center","background-size":"auto","background-attachment":"scroll","background-type":"","background-media":"","overlay-type":"","overlay-color":"","overlay-opacity":"","overlay-gradient":""},"mobile":{"background-color":"","background-image":"","background-repeat":"repeat","background-position":"center center","background-size":"auto","background-attachment":"scroll","background-type":"","background-media":"","overlay-type":"","overlay-color":"","overlay-opacity":"","overlay-gradient":""}},"ast-content-background-meta":{"desktop":{"background-color":"var(--ast-global-color-5)","background-image":"","background-repeat":"repeat","background-position":"center center","background-size":"auto","background-attachment":"scroll","background-type":"","background-media":"","overlay-type":"","overlay-color":"","overlay-opacity":"","overlay-gradient":""},"tablet":{"background-color":"var(--ast-global-color-5)","background-image":"","background-repeat":"repeat","background-position":"center center","background-size":"auto","background-attachment":"scroll","background-type":"","background-media":"","overlay-type":"","overlay-color":"","overlay-opacity":"","overlay-gradient":""},"mobile":{"background-color":"var(--ast-global-color-5)","background-image":"","background-repeat":"repeat","background-position":"center center","background-size":"auto","background-attachment":"scroll","background-type":"","background-media":"","overlay-type":"","overlay-color":"","overlay-opacity":"","overlay-gradient":""}}},"product_brand":[1489],"product_cat":[304],"product_tag":[],"class_list":{"0":"post-7899","1":"product","2":"type-product","3":"status-publish","4":"has-post-thumbnail","6":"product_brand-merry-sherry","7":"product_cat-vinaigre","8":"desktop-align-left","9":"tablet-align-left","10":"mobile-align-left","12":"first","13":"instock","14":"taxable","15":"shipping-taxable","16":"purchasable","17":"product-type-simple"},"_links":{"self":[{"href":"https:\/\/andalubox.com\/fr\/wp-json\/wp\/v2\/product\/7899","targetHints":{"allow":["GET"]}}],"collection":[{"href":"https:\/\/andalubox.com\/fr\/wp-json\/wp\/v2\/product"}],"about":[{"href":"https:\/\/andalubox.com\/fr\/wp-json\/wp\/v2\/types\/product"}],"replies":[{"embeddable":true,"href":"https:\/\/andalubox.com\/fr\/wp-json\/wp\/v2\/comments?post=7899"}],"wp:featuredmedia":[{"embeddable":true,"href":"https:\/\/andalubox.com\/fr\/wp-json\/wp\/v2\/media\/6788"}],"wp:attachment":[{"href":"https:\/\/andalubox.com\/fr\/wp-json\/wp\/v2\/media?parent=7899"}],"wp:term":[{"taxonomy":"product_brand","embeddable":true,"href":"https:\/\/andalubox.com\/fr\/wp-json\/wp\/v2\/product_brand?post=7899"},{"taxonomy":"product_cat","embeddable":true,"href":"https:\/\/andalubox.com\/fr\/wp-json\/wp\/v2\/product_cat?post=7899"},{"taxonomy":"product_tag","embeddable":true,"href":"https:\/\/andalubox.com\/fr\/wp-json\/wp\/v2\/product_tag?post=7899"}],"curies":[{"name":"wp","href":"https:\/\/api.w.org\/{rel}","templated":true}]}}