{"id":7890,"date":"2022-10-26T13:05:00","date_gmt":"2022-10-26T11:05:00","guid":{"rendered":"https:\/\/andalubox.com\/producto-andaluz\/casa-verita-taquitos-de-jamon-iberico-90gr\/"},"modified":"2025-06-30T22:12:57","modified_gmt":"2025-06-30T20:12:57","slug":"casa-verita-taquitos-taquitos-de-jamon-iberico-90gr","status":"publish","type":"product","link":"https:\/\/andalubox.com\/fr\/producto-andaluz\/casa-verita-taquitos-taquitos-de-jamon-iberico-90gr\/","title":{"rendered":"Casa Verita Taquitos de jambon ib\u00e9rique d&#8217;Andalousie (90gr)"},"content":{"rendered":"Casa Verita Taquitos de Jam\u00f3n Ib\u00e9rico de Andaluc\u00eda environ 90gr\nLes Taquitos de Jam\u00f3n Ib\u00e9rico sont un d\u00e9licieux plat d&#8217;inspiration espagnole.\nCasa Verita, une entreprise espagnole bien \u00e9tablie sp\u00e9cialis\u00e9e dans les jambons ib\u00e9riques de haute qualit\u00e9, les saucisses et autres produits gastronomiques. Vous trouverez ci-dessous un bref aper\u00e7u bas\u00e9 sur des informations pertinentes : Description g\u00e9n\u00e9rale de Casa Verita : Localisation : Arahal, S\u00e9ville, Espagne (Calle Cruz 6, 41600). \nHistoire : Fond\u00e9e en 1967 par Manuel Vera, elle a d&#8217;abord \u00e9t\u00e9 un magasin de quartier traditionnel. En 2005, elle est devenue &#8220;Casa Verita Artesanos del Jam\u00f3n&#8221;, se concentrant sur les jambons artisanaux tranch\u00e9s et emball\u00e9s sous vide. \n\n","protected":false},"excerpt":{"rendered":"<p>Casa Verita Taquitos de Jam\u00f3n Ib\u00e9rico de Andaluc\u00eda environ 90gr<br \/>\nAndalubox exporte les produits Casa Verita dans toute l&#8217;Europe.<\/p>\n<p>Cubes de jambon ib\u00e9rique emball\u00e9s sous vide, pr\u00e9servant leur saveur, de la marque Casa Verita.<\/p>\n","protected":false},"featured_media":6815,"template":"","meta":{"site-sidebar-layout":"default","site-content-layout":"default","ast-site-content-layout":"default","site-content-style":"default","site-sidebar-style":"default","ast-global-header-display":"","ast-banner-title-visibility":"","ast-main-header-display":"","ast-hfb-above-header-display":"","ast-hfb-below-header-display":"","ast-hfb-mobile-header-display":"","site-post-title":"","ast-breadcrumbs-content":"","ast-featured-img":"","footer-sml-layout":"","ast-disable-related-posts":"","theme-transparent-header-meta":"default","adv-header-id-meta":"","stick-header-meta":"","header-above-stick-meta":"","header-main-stick-meta":"","header-below-stick-meta":"","astra-migrate-meta-layouts":"default","ast-page-background-enabled":"default","ast-page-background-meta":{"desktop":{"background-color":"var(--ast-global-color-4)","background-image":"","background-repeat":"repeat","background-position":"center center","background-size":"auto","background-attachment":"scroll","background-type":"","background-media":"","overlay-type":"","overlay-color":"","overlay-opacity":"","overlay-gradient":""},"tablet":{"background-color":"","background-image":"","background-repeat":"repeat","background-position":"center center","background-size":"auto","background-attachment":"scroll","background-type":"","background-media":"","overlay-type":"","overlay-color":"","overlay-opacity":"","overlay-gradient":""},"mobile":{"background-color":"","background-image":"","background-repeat":"repeat","background-position":"center center","background-size":"auto","background-attachment":"scroll","background-type":"","background-media":"","overlay-type":"","overlay-color":"","overlay-opacity":"","overlay-gradient":""}},"ast-content-background-meta":{"desktop":{"background-color":"var(--ast-global-color-5)","background-image":"","background-repeat":"repeat","background-position":"center center","background-size":"auto","background-attachment":"scroll","background-type":"","background-media":"","overlay-type":"","overlay-color":"","overlay-opacity":"","overlay-gradient":""},"tablet":{"background-color":"var(--ast-global-color-5)","background-image":"","background-repeat":"repeat","background-position":"center center","background-size":"auto","background-attachment":"scroll","background-type":"","background-media":"","overlay-type":"","overlay-color":"","overlay-opacity":"","overlay-gradient":""},"mobile":{"background-color":"var(--ast-global-color-5)","background-image":"","background-repeat":"repeat","background-position":"center center","background-size":"auto","background-attachment":"scroll","background-type":"","background-media":"","overlay-type":"","overlay-color":"","overlay-opacity":"","overlay-gradient":""}}},"product_brand":[1394],"product_cat":[306],"product_tag":[108],"class_list":{"0":"post-7890","1":"product","2":"type-product","3":"status-publish","4":"has-post-thumbnail","6":"product_brand-casa-verita","7":"product_cat-produits-iberiques","8":"product_tag-seville","9":"desktop-align-left","10":"tablet-align-left","11":"mobile-align-left","13":"first","14":"instock","15":"taxable","16":"shipping-taxable","17":"purchasable","18":"product-type-simple"},"_links":{"self":[{"href":"https:\/\/andalubox.com\/fr\/wp-json\/wp\/v2\/product\/7890","targetHints":{"allow":["GET"]}}],"collection":[{"href":"https:\/\/andalubox.com\/fr\/wp-json\/wp\/v2\/product"}],"about":[{"href":"https:\/\/andalubox.com\/fr\/wp-json\/wp\/v2\/types\/product"}],"wp:featuredmedia":[{"embeddable":true,"href":"https:\/\/andalubox.com\/fr\/wp-json\/wp\/v2\/media\/6815"}],"wp:attachment":[{"href":"https:\/\/andalubox.com\/fr\/wp-json\/wp\/v2\/media?parent=7890"}],"wp:term":[{"taxonomy":"product_brand","embeddable":true,"href":"https:\/\/andalubox.com\/fr\/wp-json\/wp\/v2\/product_brand?post=7890"},{"taxonomy":"product_cat","embeddable":true,"href":"https:\/\/andalubox.com\/fr\/wp-json\/wp\/v2\/product_cat?post=7890"},{"taxonomy":"product_tag","embeddable":true,"href":"https:\/\/andalubox.com\/fr\/wp-json\/wp\/v2\/product_tag?post=7890"}],"curies":[{"name":"wp","href":"https:\/\/api.w.org\/{rel}","templated":true}]}}