{"id":7855,"date":"2022-10-26T13:05:00","date_gmt":"2022-10-26T11:05:00","guid":{"rendered":"https:\/\/andalubox.com\/producto-andaluz\/le-ragout-de-vinaigre-balsamique-a-la-menthe-poivree-250ml\/"},"modified":"2025-09-06T08:54:52","modified_gmt":"2025-09-06T06:54:52","slug":"el-guiso-vinaigre-balsamico-de-yerbabuena-250ml","status":"publish","type":"product","link":"https:\/\/andalubox.com\/fr\/producto-andaluz\/el-guiso-vinaigre-balsamico-de-yerbabuena-250ml\/","title":{"rendered":"El Guiso Vinaigre Balsamique Menthe Poivr\u00e9e A.O.C. Montilla-Morilles 250ml"},"content":{"rendered":"<p>Vinaigre balsamique El Guiso Vinaigre \u00e0 la menthe poivr\u00e9e A.O.C. Montilla-Morilles 250ml.<\/p>\n<p>El Guiso Vinagre Bals\u00e1mico de Hierbabuena D.O.P. Montilla-Moriles, 250 ml, est une r\u00e9duction gourmande de vinaigre balsamique au go\u00fbt de menthe, id\u00e9ale pour agr\u00e9menter les salades et divers plats. Produit par El Guiso, une marque espagnole renomm\u00e9e de produits artisanaux de haute qualit\u00e9 depuis 1979, il est certifi\u00e9 A.O.P. Montilla-Moriles, ce qui garantit l&#8217;authenticit\u00e9 et la qualit\u00e9 de la r\u00e9gion de Montilla-Moriles, \u00e0 Cordoue, en Espagne. <\/p>\n<p>LE R\u00c9GIME M\u00c9DITERRAN\u00c9EN.<\/p>\n<p>D\u00e9tails :<\/p>\n<ul>\n\t<li>Ingr\u00e9dients : Vinaigre balsamique, amidon, ar\u00f4me de menthe poivr\u00e9e, colorant E-141, conservateur E-224. Contient des sulfites. Sans gluten.<\/li>\n\t<li>Informations nutritionnelles (pour 100 g) : \u00c9nergie : 610 kJ \/ 143 kcal<\/li>\n\t<li>Lipides : 0 g (satur\u00e9s : 0 g)<\/li>\n\t<li>Glucides : 32 g (sucres : 29 g)<\/li>\n\t<li>Prot\u00e9ines : 1 g<\/li>\n\t<li>Sel : 0,06 g<\/li>\n<\/ul>\n<p>Utilisations : Parfait pour les salades, les vinaigrettes ou comme exhausteur de go\u00fbt pour les plats gastronomiques.<\/p>\n<p><br>La menthe poivr\u00e9e apporte une note rafra\u00eechissante et menthol\u00e9e, et le produit est lou\u00e9 pour ses propri\u00e9t\u00e9s antioxydantes et digestives, issues des bienfaits naturels de l&#8217;herbe.<\/p>","protected":false},"excerpt":{"rendered":"<p>El Guiso Vinaigre Balsamique Menthe Poivr\u00e9e A.O.C. Montilla-Morilles 250ml<\/p>\n","protected":false},"featured_media":6797,"comment_status":"closed","ping_status":"closed","template":"","meta":{"site-sidebar-layout":"default","site-content-layout":"default","ast-site-content-layout":"default","site-content-style":"default","site-sidebar-style":"default","ast-global-header-display":"","ast-banner-title-visibility":"","ast-main-header-display":"","ast-hfb-above-header-display":"","ast-hfb-below-header-display":"","ast-hfb-mobile-header-display":"","site-post-title":"","ast-breadcrumbs-content":"","ast-featured-img":"","footer-sml-layout":"","ast-disable-related-posts":"","theme-transparent-header-meta":"default","adv-header-id-meta":"","stick-header-meta":"","header-above-stick-meta":"","header-main-stick-meta":"","header-below-stick-meta":"","astra-migrate-meta-layouts":"default","ast-page-background-enabled":"default","ast-page-background-meta":{"desktop":{"background-color":"var(--ast-global-color-4)","background-image":"","background-repeat":"repeat","background-position":"center center","background-size":"auto","background-attachment":"scroll","background-type":"","background-media":"","overlay-type":"","overlay-color":"","overlay-opacity":"","overlay-gradient":""},"tablet":{"background-color":"","background-image":"","background-repeat":"repeat","background-position":"center center","background-size":"auto","background-attachment":"scroll","background-type":"","background-media":"","overlay-type":"","overlay-color":"","overlay-opacity":"","overlay-gradient":""},"mobile":{"background-color":"","background-image":"","background-repeat":"repeat","background-position":"center center","background-size":"auto","background-attachment":"scroll","background-type":"","background-media":"","overlay-type":"","overlay-color":"","overlay-opacity":"","overlay-gradient":""}},"ast-content-background-meta":{"desktop":{"background-color":"var(--ast-global-color-5)","background-image":"","background-repeat":"repeat","background-position":"center center","background-size":"auto","background-attachment":"scroll","background-type":"","background-media":"","overlay-type":"","overlay-color":"","overlay-opacity":"","overlay-gradient":""},"tablet":{"background-color":"var(--ast-global-color-5)","background-image":"","background-repeat":"repeat","background-position":"center center","background-size":"auto","background-attachment":"scroll","background-type":"","background-media":"","overlay-type":"","overlay-color":"","overlay-opacity":"","overlay-gradient":""},"mobile":{"background-color":"var(--ast-global-color-5)","background-image":"","background-repeat":"repeat","background-position":"center center","background-size":"auto","background-attachment":"scroll","background-type":"","background-media":"","overlay-type":"","overlay-color":"","overlay-opacity":"","overlay-gradient":""}}},"product_brand":[1130],"product_cat":[304],"product_tag":[],"class_list":{"0":"post-7855","1":"product","2":"type-product","3":"status-publish","4":"has-post-thumbnail","6":"product_brand-el-guiso","7":"product_cat-vinaigre","8":"desktop-align-left","9":"tablet-align-left","10":"mobile-align-left","12":"first","13":"instock","14":"taxable","15":"shipping-taxable","16":"purchasable","17":"product-type-simple"},"_links":{"self":[{"href":"https:\/\/andalubox.com\/fr\/wp-json\/wp\/v2\/product\/7855","targetHints":{"allow":["GET"]}}],"collection":[{"href":"https:\/\/andalubox.com\/fr\/wp-json\/wp\/v2\/product"}],"about":[{"href":"https:\/\/andalubox.com\/fr\/wp-json\/wp\/v2\/types\/product"}],"replies":[{"embeddable":true,"href":"https:\/\/andalubox.com\/fr\/wp-json\/wp\/v2\/comments?post=7855"}],"wp:featuredmedia":[{"embeddable":true,"href":"https:\/\/andalubox.com\/fr\/wp-json\/wp\/v2\/media\/6797"}],"wp:attachment":[{"href":"https:\/\/andalubox.com\/fr\/wp-json\/wp\/v2\/media?parent=7855"}],"wp:term":[{"taxonomy":"product_brand","embeddable":true,"href":"https:\/\/andalubox.com\/fr\/wp-json\/wp\/v2\/product_brand?post=7855"},{"taxonomy":"product_cat","embeddable":true,"href":"https:\/\/andalubox.com\/fr\/wp-json\/wp\/v2\/product_cat?post=7855"},{"taxonomy":"product_tag","embeddable":true,"href":"https:\/\/andalubox.com\/fr\/wp-json\/wp\/v2\/product_tag?post=7855"}],"curies":[{"name":"wp","href":"https:\/\/api.w.org\/{rel}","templated":true}]}}