{"id":7840,"date":"2022-10-26T13:04:42","date_gmt":"2022-10-26T11:04:42","guid":{"rendered":"https:\/\/andalubox.com\/producto-andaluz\/domaine-de-moncloa\/"},"modified":"2025-06-21T12:29:02","modified_gmt":"2025-06-21T10:29:02","slug":"finca-moncloa","status":"publish","type":"product","link":"https:\/\/andalubox.com\/fr\/producto-andaluz\/finca-moncloa\/","title":{"rendered":"Finca Moncloa Traditional Red Wine Tierra de C\u00e1diz Vintage 2018 75cl"},"content":{"rendered":"<p>La micro-vinification est le principal guide de la production des vins de Finca Moncloa, dont la typicit\u00e9 r\u00e9side dans leurs c\u00e9pages et le reflet de leur terroir. Les raisins ont \u00e9t\u00e9 r\u00e9colt\u00e9s \u00e0 la main et s\u00e9lectionn\u00e9s dans le vignoble. Apr\u00e8s la fermentation malolactique, chaque vari\u00e9t\u00e9 a \u00e9t\u00e9 \u00e9lev\u00e9e en f\u00fbts de ch\u00eane fran\u00e7ais et am\u00e9ricain neufs et de seconde main pendant plus de 12 mois. Une fois le processus de vieillissement en barriques termin\u00e9, le vin a \u00e9t\u00e9 assembl\u00e9 et mis en bouteille en mars 2014.<\/p>","protected":false},"excerpt":{"rendered":"<p>Vin de moyenne-haute intensit\u00e9, de couleur rouge cerise, aux larmes \u00e9paisses et persistantes. Ar\u00f4mes de fruits rouges et noirs m\u00fbrs, avec des notes florales \u00e9pic\u00e9es et balsamiques qui augmentent en intensit\u00e9 dans le verre, et de fines notes grill\u00e9es provenant du bois.<\/p>\n","protected":false},"featured_media":6716,"template":"","meta":{"site-sidebar-layout":"default","site-content-layout":"default","ast-site-content-layout":"default","site-content-style":"default","site-sidebar-style":"default","ast-global-header-display":"","ast-banner-title-visibility":"","ast-main-header-display":"","ast-hfb-above-header-display":"","ast-hfb-below-header-display":"","ast-hfb-mobile-header-display":"","site-post-title":"","ast-breadcrumbs-content":"","ast-featured-img":"","footer-sml-layout":"","ast-disable-related-posts":"","theme-transparent-header-meta":"default","adv-header-id-meta":"","stick-header-meta":"","header-above-stick-meta":"","header-main-stick-meta":"","header-below-stick-meta":"","astra-migrate-meta-layouts":"default","ast-page-background-enabled":"default","ast-page-background-meta":{"desktop":{"background-color":"var(--ast-global-color-4)","background-image":"","background-repeat":"repeat","background-position":"center center","background-size":"auto","background-attachment":"scroll","background-type":"","background-media":"","overlay-type":"","overlay-color":"","overlay-opacity":"","overlay-gradient":""},"tablet":{"background-color":"","background-image":"","background-repeat":"repeat","background-position":"center center","background-size":"auto","background-attachment":"scroll","background-type":"","background-media":"","overlay-type":"","overlay-color":"","overlay-opacity":"","overlay-gradient":""},"mobile":{"background-color":"","background-image":"","background-repeat":"repeat","background-position":"center center","background-size":"auto","background-attachment":"scroll","background-type":"","background-media":"","overlay-type":"","overlay-color":"","overlay-opacity":"","overlay-gradient":""}},"ast-content-background-meta":{"desktop":{"background-color":"var(--ast-global-color-5)","background-image":"","background-repeat":"repeat","background-position":"center center","background-size":"auto","background-attachment":"scroll","background-type":"","background-media":"","overlay-type":"","overlay-color":"","overlay-opacity":"","overlay-gradient":""},"tablet":{"background-color":"var(--ast-global-color-5)","background-image":"","background-repeat":"repeat","background-position":"center center","background-size":"auto","background-attachment":"scroll","background-type":"","background-media":"","overlay-type":"","overlay-color":"","overlay-opacity":"","overlay-gradient":""},"mobile":{"background-color":"var(--ast-global-color-5)","background-image":"","background-repeat":"repeat","background-position":"center center","background-size":"auto","background-attachment":"scroll","background-type":"","background-media":"","overlay-type":"","overlay-color":"","overlay-opacity":"","overlay-gradient":""}}},"product_brand":[1352],"product_cat":[294],"product_tag":[132],"class_list":{"0":"post-7840","1":"product","2":"type-product","3":"status-publish","4":"has-post-thumbnail","6":"product_brand-finca-moncloa","7":"product_cat-vin-rouge","8":"product_tag-cadix","9":"desktop-align-left","10":"tablet-align-left","11":"mobile-align-left","13":"first","14":"instock","15":"taxable","16":"shipping-taxable","17":"purchasable","18":"product-type-simple"},"_links":{"self":[{"href":"https:\/\/andalubox.com\/fr\/wp-json\/wp\/v2\/product\/7840","targetHints":{"allow":["GET"]}}],"collection":[{"href":"https:\/\/andalubox.com\/fr\/wp-json\/wp\/v2\/product"}],"about":[{"href":"https:\/\/andalubox.com\/fr\/wp-json\/wp\/v2\/types\/product"}],"wp:featuredmedia":[{"embeddable":true,"href":"https:\/\/andalubox.com\/fr\/wp-json\/wp\/v2\/media\/6716"}],"wp:attachment":[{"href":"https:\/\/andalubox.com\/fr\/wp-json\/wp\/v2\/media?parent=7840"}],"wp:term":[{"taxonomy":"product_brand","embeddable":true,"href":"https:\/\/andalubox.com\/fr\/wp-json\/wp\/v2\/product_brand?post=7840"},{"taxonomy":"product_cat","embeddable":true,"href":"https:\/\/andalubox.com\/fr\/wp-json\/wp\/v2\/product_cat?post=7840"},{"taxonomy":"product_tag","embeddable":true,"href":"https:\/\/andalubox.com\/fr\/wp-json\/wp\/v2\/product_tag?post=7840"}],"curies":[{"name":"wp","href":"https:\/\/api.w.org\/{rel}","templated":true}]}}