{"id":7819,"date":"2022-10-26T13:04:37","date_gmt":"2022-10-26T11:04:37","guid":{"rendered":"https:\/\/andalubox.com\/producto-andaluz\/pata-negra-la-mancha-chene-lynx-iberique-75cl\/"},"modified":"2026-01-28T11:12:06","modified_gmt":"2026-01-28T10:12:06","slug":"pata-negra-la-mancha-roble-lince-iberian-lince-75cl","status":"publish","type":"product","link":"https:\/\/andalubox.com\/fr\/producto-andaluz\/pata-negra-la-mancha-roble-lince-iberian-lince-75cl\/","title":{"rendered":"Pata Negra Lince Ib\u00e9rico La Mancha 75 CL"},"content":{"rendered":"<div class=\"vc_column_container col-md-6\">\n<div class=\"wpb_wrapper vc_column-inner\">\n<div class=\"wpb_text_column wpb_content_element \">\n<div class=\"wpb_wrapper\">\n<p>Pata Negra Lince Ib\u00e9rico La Mancha 75 CL<\/p>\n<p>Pata Negra DO Mancha, Roble : \u00c9labor\u00e9 \u00e0 partir des c\u00e9pages Tempranillo, Cabernet Sauvignon et Petit Verdot. Vieilli en f\u00fbts de ch\u00eane pendant 2 mois o\u00f9 il prend sa personnalit\u00e9 et son expressivit\u00e9. Une fois le processus de vieillissement termin\u00e9, le vin est soutir\u00e9, clarifi\u00e9 et filtr\u00e9 pour une mise en bouteille ult\u00e9rieure.<\/p>\n<p>Cette \u00e9dition de la faune ib\u00e9rique s&#8217;inspire de trois des esp\u00e8ces animales les plus caract\u00e9ristiques de notre pays, en l&#8217;occurrence le lynx ib\u00e9rique qui repr\u00e9sente le DO Mancha.<\/p>\n<p><strong>Notes de d\u00e9gustation :<\/strong><strong><br><\/strong><\/p>\n<p>Couleur cerise rouge fonc\u00e9 avec un bord violet. Ar\u00f4mes intenses de baies noires et rouges, int\u00e9gr\u00e9s \u00e0 des notes grill\u00e9es et \u00e9pic\u00e9es acquises lors de son passage en barrique. En bouche, il est savoureux et \u00e9quilibr\u00e9 avec un arri\u00e8re-go\u00fbt fruit\u00e9.  <\/p>\n<\/div>\n<\/div>\n<\/div>\n<\/div>\n<div class=\"vc_column_container col-md-6\">\n<div class=\"wpb_wrapper vc_column-inner\">\n<div class=\"wpb_text_column wpb_content_element \">\n<div class=\"wpb_wrapper\">\n<p><strong>En couple :<\/strong><\/p>\n<p>\u00c0 associer avec des viandes rouges m\u00fbres et des rago\u00fbts. Servir \u00e0 une temp\u00e9rature comprise entre 16\u00ba et 18\u00baC.<\/p>\n<p>PATA NEGRA a \u00e9t\u00e9 l&#8217;un des mouvements les plus r\u00e9volutionnaires dans le monde du vin en Espagne en utilisant une seule marque pour plusieurs d\u00e9nominations d&#8217;origine diff\u00e9rentes. En 2021, PATA NEGRA a d\u00e9pass\u00e9 les 200 m\u00e9dailles et est redevenue la marque la plus r\u00e9compens\u00e9e. <\/p>\n<p>L&#8217;innovation constante, la qualit\u00e9 et la durabilit\u00e9 sont les maximes de GARCIA CARRION. Gr\u00e2ce au travail d&#8217;une famille et au soutien de plus de 40 000 agriculteurs, GARCIA CARRION peut affirmer avec fiert\u00e9 qu&#8217;elle est la premi\u00e8re entreprise vinicole d&#8217;Europe et la quatri\u00e8me du monde. <\/p>\n<\/div>\n<\/div>\n<\/div>\n<\/div>","protected":false},"excerpt":{"rendered":"<p>Pata Negra Lince Ib\u00e9rico La Mancha 75 CL, wholesale price, shipping to all EUROPEAN COUNTRIES.<\/p>\n","protected":false},"featured_media":6764,"template":"","meta":{"site-sidebar-layout":"default","site-content-layout":"default","ast-site-content-layout":"default","site-content-style":"default","site-sidebar-style":"default","ast-global-header-display":"","ast-banner-title-visibility":"","ast-main-header-display":"","ast-hfb-above-header-display":"","ast-hfb-below-header-display":"","ast-hfb-mobile-header-display":"","site-post-title":"","ast-breadcrumbs-content":"","ast-featured-img":"","footer-sml-layout":"","ast-disable-related-posts":"","theme-transparent-header-meta":"default","adv-header-id-meta":"","stick-header-meta":"","header-above-stick-meta":"","header-main-stick-meta":"","header-below-stick-meta":"","astra-migrate-meta-layouts":"default","ast-page-background-enabled":"default","ast-page-background-meta":{"desktop":{"background-color":"var(--ast-global-color-4)","background-image":"","background-repeat":"repeat","background-position":"center center","background-size":"auto","background-attachment":"scroll","background-type":"","background-media":"","overlay-type":"","overlay-color":"","overlay-opacity":"","overlay-gradient":""},"tablet":{"background-color":"","background-image":"","background-repeat":"repeat","background-position":"center center","background-size":"auto","background-attachment":"scroll","background-type":"","background-media":"","overlay-type":"","overlay-color":"","overlay-opacity":"","overlay-gradient":""},"mobile":{"background-color":"","background-image":"","background-repeat":"repeat","background-position":"center center","background-size":"auto","background-attachment":"scroll","background-type":"","background-media":"","overlay-type":"","overlay-color":"","overlay-opacity":"","overlay-gradient":""}},"ast-content-background-meta":{"desktop":{"background-color":"var(--ast-global-color-5)","background-image":"","background-repeat":"repeat","background-position":"center center","background-size":"auto","background-attachment":"scroll","background-type":"","background-media":"","overlay-type":"","overlay-color":"","overlay-opacity":"","overlay-gradient":""},"tablet":{"background-color":"var(--ast-global-color-5)","background-image":"","background-repeat":"repeat","background-position":"center center","background-size":"auto","background-attachment":"scroll","background-type":"","background-media":"","overlay-type":"","overlay-color":"","overlay-opacity":"","overlay-gradient":""},"mobile":{"background-color":"var(--ast-global-color-5)","background-image":"","background-repeat":"repeat","background-position":"center center","background-size":"auto","background-attachment":"scroll","background-type":"","background-media":"","overlay-type":"","overlay-color":"","overlay-opacity":"","overlay-gradient":""}}},"product_brand":[1315],"product_cat":[294],"product_tag":[],"class_list":{"0":"post-7819","1":"product","2":"type-product","3":"status-publish","4":"has-post-thumbnail","6":"product_brand-pata-negra","7":"product_cat-vin-rouge","8":"desktop-align-left","9":"tablet-align-left","10":"mobile-align-left","12":"first","13":"instock","14":"taxable","15":"shipping-taxable","16":"purchasable","17":"product-type-simple"},"_links":{"self":[{"href":"https:\/\/andalubox.com\/fr\/wp-json\/wp\/v2\/product\/7819","targetHints":{"allow":["GET"]}}],"collection":[{"href":"https:\/\/andalubox.com\/fr\/wp-json\/wp\/v2\/product"}],"about":[{"href":"https:\/\/andalubox.com\/fr\/wp-json\/wp\/v2\/types\/product"}],"wp:featuredmedia":[{"embeddable":true,"href":"https:\/\/andalubox.com\/fr\/wp-json\/wp\/v2\/media\/6764"}],"wp:attachment":[{"href":"https:\/\/andalubox.com\/fr\/wp-json\/wp\/v2\/media?parent=7819"}],"wp:term":[{"taxonomy":"product_brand","embeddable":true,"href":"https:\/\/andalubox.com\/fr\/wp-json\/wp\/v2\/product_brand?post=7819"},{"taxonomy":"product_cat","embeddable":true,"href":"https:\/\/andalubox.com\/fr\/wp-json\/wp\/v2\/product_cat?post=7819"},{"taxonomy":"product_tag","embeddable":true,"href":"https:\/\/andalubox.com\/fr\/wp-json\/wp\/v2\/product_tag?post=7819"}],"curies":[{"name":"wp","href":"https:\/\/api.w.org\/{rel}","templated":true}]}}