{"id":7797,"date":"2022-10-26T13:04:36","date_gmt":"2022-10-26T11:04:36","guid":{"rendered":"https:\/\/andalubox.com\/producto-andaluz\/talento-tinto-almeria-75cl\/"},"modified":"2025-06-24T11:09:16","modified_gmt":"2025-06-24T09:09:16","slug":"talento-tinto-almeria-75cl","status":"publish","type":"product","link":"https:\/\/andalubox.com\/fr\/producto-andaluz\/talento-tinto-almeria-75cl\/","title":{"rendered":"Talento Syrah Vin rouge Tempranillo de Almer\u00eda Vintage 2020 75cl"},"content":{"rendered":"<h2>DESCRIPTION<\/h2>\n<p>Talento Syrah-Tempranillo 2019<br>Jeune vin rouge Talento jeune coupage avec mac\u00e9ration semi-carbonique.<\/p>\n<p><strong>APPARENCE, NEZ ET D\u00c9GUSTATION<\/strong><br>Vin rouge jeune \u00e0 la robe haute, de couleur violette avec des bords rouge cerise. Le nez pr\u00e9sente des ar\u00f4mes de fruits rouges et noirs tels que la myrtille, la prune et la cerise, avec des notes de poivre blanc et d&#8217;aneth. La bouche est fruit\u00e9e, facile \u00e0 boire et avec une bonne acidit\u00e9.<\/p>\n<p>Temp\u00e9rature de service 13-16 degr\u00e9s 14\u00ba.<\/p>\n<p><strong>ACCOMPAGNEMENT<\/strong><br>Nous vous proposons un accompagnement avec des produits locaux tels que des fromages affin\u00e9s de l&#8217;Alpujarra et des viandes rouges de grande saveur.<\/p>\n<p>Notre cave tire son nom de la commune o\u00f9 elle est situ\u00e9e : Fuente Victoria. Avec un peu plus de 200 habitants, elle fait partie de la r\u00e9gion Alpujarra d&#8217;Almer\u00eda : une vall\u00e9e avec une longue tradition de culture de la vigne, mais inconnue sur la carte viticole espagnole. Nous disposons des technologies de vinification les plus modernes et du d\u00e9sir de mettre les vins de Laujar \u00e0 la place qu&#8217;ils m\u00e9ritent.<\/p>","protected":false},"excerpt":{"rendered":"<p>Jeune vin rouge Talento, \u00e9labor\u00e9 \u00e0 partir de raisins Tempranillo et Syrah, de la Bodega Fuente Victoria. IGP Laujar &#8211; Alpujarra.<\/p>\n","protected":false},"featured_media":6731,"comment_status":"closed","ping_status":"closed","template":"","meta":{"site-sidebar-layout":"default","site-content-layout":"default","ast-site-content-layout":"default","site-content-style":"default","site-sidebar-style":"default","ast-global-header-display":"","ast-banner-title-visibility":"","ast-main-header-display":"","ast-hfb-above-header-display":"","ast-hfb-below-header-display":"","ast-hfb-mobile-header-display":"","site-post-title":"","ast-breadcrumbs-content":"","ast-featured-img":"","footer-sml-layout":"","ast-disable-related-posts":"","theme-transparent-header-meta":"default","adv-header-id-meta":"","stick-header-meta":"","header-above-stick-meta":"","header-main-stick-meta":"","header-below-stick-meta":"","astra-migrate-meta-layouts":"default","ast-page-background-enabled":"default","ast-page-background-meta":{"desktop":{"background-color":"var(--ast-global-color-4)","background-image":"","background-repeat":"repeat","background-position":"center center","background-size":"auto","background-attachment":"scroll","background-type":"","background-media":"","overlay-type":"","overlay-color":"","overlay-opacity":"","overlay-gradient":""},"tablet":{"background-color":"","background-image":"","background-repeat":"repeat","background-position":"center center","background-size":"auto","background-attachment":"scroll","background-type":"","background-media":"","overlay-type":"","overlay-color":"","overlay-opacity":"","overlay-gradient":""},"mobile":{"background-color":"","background-image":"","background-repeat":"repeat","background-position":"center center","background-size":"auto","background-attachment":"scroll","background-type":"","background-media":"","overlay-type":"","overlay-color":"","overlay-opacity":"","overlay-gradient":""}},"ast-content-background-meta":{"desktop":{"background-color":"var(--ast-global-color-5)","background-image":"","background-repeat":"repeat","background-position":"center center","background-size":"auto","background-attachment":"scroll","background-type":"","background-media":"","overlay-type":"","overlay-color":"","overlay-opacity":"","overlay-gradient":""},"tablet":{"background-color":"var(--ast-global-color-5)","background-image":"","background-repeat":"repeat","background-position":"center center","background-size":"auto","background-attachment":"scroll","background-type":"","background-media":"","overlay-type":"","overlay-color":"","overlay-opacity":"","overlay-gradient":""},"mobile":{"background-color":"var(--ast-global-color-5)","background-image":"","background-repeat":"repeat","background-position":"center center","background-size":"auto","background-attachment":"scroll","background-type":"","background-media":"","overlay-type":"","overlay-color":"","overlay-opacity":"","overlay-gradient":""}}},"product_brand":[1482],"product_cat":[294],"product_tag":[188],"class_list":{"0":"post-7797","1":"product","2":"type-product","3":"status-publish","4":"has-post-thumbnail","6":"product_brand-bodegas-seleccion-de-vinos-de-fondon","7":"product_cat-vin-rouge","8":"product_tag-almeria-fr","9":"desktop-align-left","10":"tablet-align-left","11":"mobile-align-left","13":"first","14":"instock","15":"taxable","16":"shipping-taxable","17":"purchasable","18":"product-type-simple"},"_links":{"self":[{"href":"https:\/\/andalubox.com\/fr\/wp-json\/wp\/v2\/product\/7797","targetHints":{"allow":["GET"]}}],"collection":[{"href":"https:\/\/andalubox.com\/fr\/wp-json\/wp\/v2\/product"}],"about":[{"href":"https:\/\/andalubox.com\/fr\/wp-json\/wp\/v2\/types\/product"}],"replies":[{"embeddable":true,"href":"https:\/\/andalubox.com\/fr\/wp-json\/wp\/v2\/comments?post=7797"}],"wp:featuredmedia":[{"embeddable":true,"href":"https:\/\/andalubox.com\/fr\/wp-json\/wp\/v2\/media\/6731"}],"wp:attachment":[{"href":"https:\/\/andalubox.com\/fr\/wp-json\/wp\/v2\/media?parent=7797"}],"wp:term":[{"taxonomy":"product_brand","embeddable":true,"href":"https:\/\/andalubox.com\/fr\/wp-json\/wp\/v2\/product_brand?post=7797"},{"taxonomy":"product_cat","embeddable":true,"href":"https:\/\/andalubox.com\/fr\/wp-json\/wp\/v2\/product_cat?post=7797"},{"taxonomy":"product_tag","embeddable":true,"href":"https:\/\/andalubox.com\/fr\/wp-json\/wp\/v2\/product_tag?post=7797"}],"curies":[{"name":"wp","href":"https:\/\/api.w.org\/{rel}","templated":true}]}}