{"id":7759,"date":"2022-10-26T13:04:12","date_gmt":"2022-10-26T11:04:12","guid":{"rendered":"https:\/\/andalubox.com\/producto-andaluz\/milbesos-de-rocio-blanco-frizzante-de-donana-75cl\/"},"modified":"2025-06-27T19:19:40","modified_gmt":"2025-06-27T17:19:40","slug":"milbesos-de-rocio-blanco-frizzante-de-donana-75cl","status":"publish","type":"product","link":"https:\/\/andalubox.com\/fr\/producto-andaluz\/milbesos-de-rocio-blanco-frizzante-de-donana-75cl\/","title":{"rendered":"Milbesos de Roc\u00edo White Frizzante Wine from Do\u00f1ana 75cl"},"content":{"rendered":"<p>Milbesos de Roc\u00edo, un vin de Bodegas Alcaria \u00e0 La Puebla del R\u00edo, S\u00e9ville, Espagne, pr\u00e8s de la r\u00e9serve de biosph\u00e8re de Do\u00f1ana. Milbesos de Roc\u00edo Frizzante. <\/p>\n<ul>\n\t<li>Type : Frizzante Blanco (vin l\u00e9g\u00e8rement p\u00e9tillant)<\/li>\n\t<li>C\u00e9page : Zalema<\/li>\n\t<li>Titre alcoom\u00e9trique : 5,5 % vol.<\/li>\n\t<li>Notes de d\u00e9gustation :<br>Aspect : Jaune p\u00e2le avec des reflets verd\u00e2tres.<\/li>\n\t<li>Ar\u00f4me : frais et fruit\u00e9, avec des notes de pomme, de poire, d&#8217;agrumes, de melon et de p\u00eache.<\/li>\n\t<li>L\u00e9ger, rafra\u00eechissant, avec des bulles fines et \u00e9l\u00e9gantes et une douceur naturelle typique du raisin. Il est d\u00e9crit comme \u00e9tant doux, sans aucune g\u00eane, avec d&#8217;agr\u00e9ables notes fruit\u00e9es de melon et de p\u00eache. <\/li>\n\t<li>Vinification : Le mo\u00fbt partiellement ferment\u00e9 donne un vin mousseux doux \u00e0 faible teneur en alcool.<\/li>\n\t<li>Caract\u00e8re : aromatique, fruit\u00e9, amical et sinc\u00e8re, refl\u00e9tant la g\u00e9n\u00e9rosit\u00e9 de la r\u00e9gion de Do\u00f1ana. Fait pour partager des moments de joie. <\/li>\n\t<li>Accompagnement : Id\u00e9al en ap\u00e9ritif ou avec des plats l\u00e9gers comme les salades, les fruits de mer, les poissons blancs ou m\u00eame les desserts.<\/li>\n<\/ul>\n<p>Disponible dans les magasins Andalubox \u00e0 S\u00e9ville et dans toute l&#8217;Espagne et l&#8217;Europe \u00e0 l&#8217;adresse www.andalubox.com.<\/p>\n<p>Livraison : Disponible dans les 24-72 heures dans certains magasins.<\/p>\n<p>Contexte : \u00c9labor\u00e9 par Bodegas Alcaria, une cave s\u00e9villane r\u00e9put\u00e9e pour produire des vins qui capturent l&#8217;essence de la r\u00e9gion de Do\u00f1ana. Son Mil Pasos 2019 a \u00e9t\u00e9 nomm\u00e9 meilleur vin rouge de la province de S\u00e9ville. <\/p>\n<p><strong>VISUEL<\/strong><br>Jaune verd\u00e2tre p\u00e2le.<\/p>\n<p><strong>OLFATIVA<\/strong><br>Doux, melon et p\u00eache.<\/p>\n<p><strong>DEGUSTATION<\/strong><br>Douceur naturelle typique du raisin, douce et non fatigante, tr\u00e8s fruit\u00e9e avec une pr\u00e9sence tr\u00e8s agr\u00e9able de melon et de p\u00eache qui sont apparus au nez.<\/p>\n<p><strong>ALLIANCE AVEC LES ALIMENTS<\/strong><br>Id\u00e9al en ap\u00e9ritif ou m\u00eame en dessert. Tr\u00e8s agr\u00e9able et plaisant, il se combine parfaitement avec le p\u00e2t\u00e9, les fromages, les charcuteries ib\u00e9riques, les poissons frits et les fruits de mer.<\/p>\n<p>&nbsp;<\/p>","protected":false},"excerpt":{"rendered":"<p>Un vin blanc partiellement ferment\u00e9 \u00e0 l&#8217;esprit libre, doux et g\u00e9n\u00e9reux. Tr\u00e8s aromatique et fruit\u00e9, gentil et sinc\u00e8re, il ne cache ni les vertus ni la g\u00e9n\u00e9rosit\u00e9 des gens de la terre o\u00f9 il a \u00e9t\u00e9 cr\u00e9\u00e9, avec l&#8217;illusion de pouvoir partager avec vous les meilleurs moments de votre vie.<\/p>\n","protected":false},"featured_media":6662,"comment_status":"closed","ping_status":"closed","template":"","meta":{"site-sidebar-layout":"default","site-content-layout":"default","ast-site-content-layout":"default","site-content-style":"default","site-sidebar-style":"default","ast-global-header-display":"","ast-banner-title-visibility":"","ast-main-header-display":"","ast-hfb-above-header-display":"","ast-hfb-below-header-display":"","ast-hfb-mobile-header-display":"","site-post-title":"","ast-breadcrumbs-content":"","ast-featured-img":"","footer-sml-layout":"","ast-disable-related-posts":"","theme-transparent-header-meta":"default","adv-header-id-meta":"","stick-header-meta":"","header-above-stick-meta":"","header-main-stick-meta":"","header-below-stick-meta":"","astra-migrate-meta-layouts":"default","ast-page-background-enabled":"default","ast-page-background-meta":{"desktop":{"background-color":"var(--ast-global-color-4)","background-image":"","background-repeat":"repeat","background-position":"center center","background-size":"auto","background-attachment":"scroll","background-type":"","background-media":"","overlay-type":"","overlay-color":"","overlay-opacity":"","overlay-gradient":""},"tablet":{"background-color":"","background-image":"","background-repeat":"repeat","background-position":"center center","background-size":"auto","background-attachment":"scroll","background-type":"","background-media":"","overlay-type":"","overlay-color":"","overlay-opacity":"","overlay-gradient":""},"mobile":{"background-color":"","background-image":"","background-repeat":"repeat","background-position":"center center","background-size":"auto","background-attachment":"scroll","background-type":"","background-media":"","overlay-type":"","overlay-color":"","overlay-opacity":"","overlay-gradient":""}},"ast-content-background-meta":{"desktop":{"background-color":"var(--ast-global-color-5)","background-image":"","background-repeat":"repeat","background-position":"center center","background-size":"auto","background-attachment":"scroll","background-type":"","background-media":"","overlay-type":"","overlay-color":"","overlay-opacity":"","overlay-gradient":""},"tablet":{"background-color":"var(--ast-global-color-5)","background-image":"","background-repeat":"repeat","background-position":"center center","background-size":"auto","background-attachment":"scroll","background-type":"","background-media":"","overlay-type":"","overlay-color":"","overlay-opacity":"","overlay-gradient":""},"mobile":{"background-color":"var(--ast-global-color-5)","background-image":"","background-repeat":"repeat","background-position":"center center","background-size":"auto","background-attachment":"scroll","background-type":"","background-media":"","overlay-type":"","overlay-color":"","overlay-opacity":"","overlay-gradient":""}}},"product_brand":[1475],"product_cat":[292],"product_tag":[108],"class_list":{"0":"post-7759","1":"product","2":"type-product","3":"status-publish","4":"has-post-thumbnail","6":"product_brand-bodegas-infante","7":"product_cat-vin-blanc","8":"product_tag-seville","9":"desktop-align-left","10":"tablet-align-left","11":"mobile-align-left","13":"first","14":"instock","15":"taxable","16":"shipping-taxable","17":"purchasable","18":"product-type-simple"},"_links":{"self":[{"href":"https:\/\/andalubox.com\/fr\/wp-json\/wp\/v2\/product\/7759","targetHints":{"allow":["GET"]}}],"collection":[{"href":"https:\/\/andalubox.com\/fr\/wp-json\/wp\/v2\/product"}],"about":[{"href":"https:\/\/andalubox.com\/fr\/wp-json\/wp\/v2\/types\/product"}],"replies":[{"embeddable":true,"href":"https:\/\/andalubox.com\/fr\/wp-json\/wp\/v2\/comments?post=7759"}],"wp:featuredmedia":[{"embeddable":true,"href":"https:\/\/andalubox.com\/fr\/wp-json\/wp\/v2\/media\/6662"}],"wp:attachment":[{"href":"https:\/\/andalubox.com\/fr\/wp-json\/wp\/v2\/media?parent=7759"}],"wp:term":[{"taxonomy":"product_brand","embeddable":true,"href":"https:\/\/andalubox.com\/fr\/wp-json\/wp\/v2\/product_brand?post=7759"},{"taxonomy":"product_cat","embeddable":true,"href":"https:\/\/andalubox.com\/fr\/wp-json\/wp\/v2\/product_cat?post=7759"},{"taxonomy":"product_tag","embeddable":true,"href":"https:\/\/andalubox.com\/fr\/wp-json\/wp\/v2\/product_tag?post=7759"}],"curies":[{"name":"wp","href":"https:\/\/api.w.org\/{rel}","templated":true}]}}