{"id":7740,"date":"2022-10-26T13:04:12","date_gmt":"2022-10-26T11:04:12","guid":{"rendered":"https:\/\/andalubox.com\/producto-andaluz\/promesse-de-rocio-blanco-seco-andaluz-75cl\/"},"modified":"2025-06-27T19:24:47","modified_gmt":"2025-06-27T17:24:47","slug":"promesse-de-rocio-blanc-sec-andalou-75cl","status":"publish","type":"product","link":"https:\/\/andalubox.com\/fr\/producto-andaluz\/promesse-de-rocio-blanc-sec-andalou-75cl\/","title":{"rendered":"Promesa de Rocio Vin blanc sec de S\u00e9ville 75cl"},"content":{"rendered":"<p>Promesa de Roc\u00edo est une gamme de vins produite par Bodegas Alcaria, situ\u00e9e \u00e0 La Puebla del R\u00edo, \u00e0 S\u00e9ville, au sein de la r\u00e9serve de biosph\u00e8re de Do\u00f1ana. Cette cave, fond\u00e9e en 2014, privil\u00e9gie une production artisanale et respectueuse de l&#8217;environnement, en \u00e9laborant des vins qui refl\u00e8tent le terroir unique de la r\u00e9gion de Do\u00f1ana. Les vins de Promesa de Roc\u00edo ont \u00e9t\u00e9 reconnus pour leur qualit\u00e9 et ont notamment re\u00e7u une m\u00e9daille d&#8217;argent lors des V Premios Vinos y Licores de la Provincia de Sevilla en 2020 pour le Blanco Seco 2019.  <\/p>\n<p>Promesse de Roc\u00edo Blanco Seco :<\/p>\n<ul>\n\t<li>Vari\u00e9t\u00e9 : 100% Garrido Fino (certaines sources mentionnent \u00e9galement Zalema).<\/li>\n\t<li>Notes de d\u00e9gustation :<br>Aspect : Jaune p\u00e2le avec des reflets verd\u00e2tres.<\/li>\n\t<li>Ar\u00f4me : l\u00e9g\u00e8rement \u00e9pic\u00e9 avec des notes min\u00e9rales et anis\u00e9es.<\/li>\n\t<li>Go\u00fbt : Agrumes, l\u00e9g\u00e8rement min\u00e9ral, avec des notes d&#8217;ananas, de thym et d&#8217;\u00e9pices qui rappellent l&#8217;environnement de Do\u00f1ana.<\/li>\n\t<li>Titre alcoom\u00e9trique : 10,5 % vol.<\/li>\n\t<li>Volume : 75 cl.<\/li>\n\t<li>Accompagnement : id\u00e9al avec des plats de fruits de mer comme la paella, les crevettes \u00e0 la vapeur ou en sauce, les gambas, les palourdes, les fromages \u00e0 p\u00e2te molle, les charcuteries et le jambon de pays.<\/li>\n<\/ul>\n<p>R\u00e9compenses : M\u00e9daille d&#8217;argent dans la cat\u00e9gorie &#8221; Vinos Blancos Tranquilos y Espumosos &#8221; aux V Premios Vinos y Licores de la Provincia de Sevilla (mill\u00e9sime 2019).<\/p>\n<p>Disponibilit\u00e9 et prix :<br>Bouteilles individuelles disponibles dans les magasins Andalubox \u00e0 S\u00e9ville et sur www.andalubox.com pour la vente dans toute l&#8217;Espagne et l&#8217;Europe.<\/p>\n<p>Vinification : \u00c9labor\u00e9 \u00e0 partir de raisins soigneusement s\u00e9lectionn\u00e9s, il refl\u00e8te l&#8217;approche traditionnelle et moderne de la Bodegas Alcaria en mati\u00e8re de vinification.<\/p>\n<p>Andalubox s&#8217;engage pour les vins de S\u00e9ville.<\/p>","protected":false},"excerpt":{"rendered":"<p>Jeune, sec et fruit\u00e9. Zalema 100% jaune verd\u00e2tre p\u00e2le avec des ar\u00f4mes d&#8217;agrumes et l\u00e9g\u00e8rement \u00e9pic\u00e9s. Thym et romarin. Tr\u00e8s doux, l\u00e9g\u00e8rement amer et agr\u00e9able en bouche. Invite \u00e0 la r\u00e9p\u00e9tition.<\/p>\n","protected":false},"featured_media":6665,"comment_status":"closed","ping_status":"closed","template":"","meta":{"site-sidebar-layout":"default","site-content-layout":"default","ast-site-content-layout":"default","site-content-style":"default","site-sidebar-style":"default","ast-global-header-display":"","ast-banner-title-visibility":"","ast-main-header-display":"","ast-hfb-above-header-display":"","ast-hfb-below-header-display":"","ast-hfb-mobile-header-display":"","site-post-title":"","ast-breadcrumbs-content":"","ast-featured-img":"","footer-sml-layout":"","ast-disable-related-posts":"","theme-transparent-header-meta":"default","adv-header-id-meta":"","stick-header-meta":"","header-above-stick-meta":"","header-main-stick-meta":"","header-below-stick-meta":"","astra-migrate-meta-layouts":"default","ast-page-background-enabled":"default","ast-page-background-meta":{"desktop":{"background-color":"var(--ast-global-color-4)","background-image":"","background-repeat":"repeat","background-position":"center center","background-size":"auto","background-attachment":"scroll","background-type":"","background-media":"","overlay-type":"","overlay-color":"","overlay-opacity":"","overlay-gradient":""},"tablet":{"background-color":"","background-image":"","background-repeat":"repeat","background-position":"center center","background-size":"auto","background-attachment":"scroll","background-type":"","background-media":"","overlay-type":"","overlay-color":"","overlay-opacity":"","overlay-gradient":""},"mobile":{"background-color":"","background-image":"","background-repeat":"repeat","background-position":"center center","background-size":"auto","background-attachment":"scroll","background-type":"","background-media":"","overlay-type":"","overlay-color":"","overlay-opacity":"","overlay-gradient":""}},"ast-content-background-meta":{"desktop":{"background-color":"var(--ast-global-color-5)","background-image":"","background-repeat":"repeat","background-position":"center center","background-size":"auto","background-attachment":"scroll","background-type":"","background-media":"","overlay-type":"","overlay-color":"","overlay-opacity":"","overlay-gradient":""},"tablet":{"background-color":"var(--ast-global-color-5)","background-image":"","background-repeat":"repeat","background-position":"center center","background-size":"auto","background-attachment":"scroll","background-type":"","background-media":"","overlay-type":"","overlay-color":"","overlay-opacity":"","overlay-gradient":""},"mobile":{"background-color":"var(--ast-global-color-5)","background-image":"","background-repeat":"repeat","background-position":"center center","background-size":"auto","background-attachment":"scroll","background-type":"","background-media":"","overlay-type":"","overlay-color":"","overlay-opacity":"","overlay-gradient":""}}},"product_brand":[1475],"product_cat":[292],"product_tag":[108],"class_list":{"0":"post-7740","1":"product","2":"type-product","3":"status-publish","4":"has-post-thumbnail","6":"product_brand-bodegas-infante","7":"product_cat-vin-blanc","8":"product_tag-seville","9":"desktop-align-left","10":"tablet-align-left","11":"mobile-align-left","13":"first","14":"instock","15":"taxable","16":"shipping-taxable","17":"purchasable","18":"product-type-simple"},"_links":{"self":[{"href":"https:\/\/andalubox.com\/fr\/wp-json\/wp\/v2\/product\/7740","targetHints":{"allow":["GET"]}}],"collection":[{"href":"https:\/\/andalubox.com\/fr\/wp-json\/wp\/v2\/product"}],"about":[{"href":"https:\/\/andalubox.com\/fr\/wp-json\/wp\/v2\/types\/product"}],"replies":[{"embeddable":true,"href":"https:\/\/andalubox.com\/fr\/wp-json\/wp\/v2\/comments?post=7740"}],"wp:featuredmedia":[{"embeddable":true,"href":"https:\/\/andalubox.com\/fr\/wp-json\/wp\/v2\/media\/6665"}],"wp:attachment":[{"href":"https:\/\/andalubox.com\/fr\/wp-json\/wp\/v2\/media?parent=7740"}],"wp:term":[{"taxonomy":"product_brand","embeddable":true,"href":"https:\/\/andalubox.com\/fr\/wp-json\/wp\/v2\/product_brand?post=7740"},{"taxonomy":"product_cat","embeddable":true,"href":"https:\/\/andalubox.com\/fr\/wp-json\/wp\/v2\/product_cat?post=7740"},{"taxonomy":"product_tag","embeddable":true,"href":"https:\/\/andalubox.com\/fr\/wp-json\/wp\/v2\/product_tag?post=7740"}],"curies":[{"name":"wp","href":"https:\/\/api.w.org\/{rel}","templated":true}]}}