{"id":7729,"date":"2022-10-26T13:04:12","date_gmt":"2022-10-26T11:04:12","guid":{"rendered":"https:\/\/andalubox.com\/producto-andaluz\/sabalo-barbadillo-blanco-ecologico-cadix-75cl\/"},"modified":"2025-09-02T22:51:04","modified_gmt":"2025-09-02T20:51:04","slug":"sabalo-barbadillo-blanco-ecologico-cadiz-75-cl","status":"publish","type":"product","link":"https:\/\/andalubox.com\/fr\/producto-andaluz\/sabalo-barbadillo-blanco-ecologico-cadiz-75-cl\/","title":{"rendered":"Vin blanc bio de Cadix S\u00e1balo 75 cl"},"content":{"rendered":"<p>Vin blanc biologique S\u00e1balo de Cadix 75 cl.<\/p>\n<p>Le S\u00e1balo Vino Blanco Ecol\u00f3gico de C\u00e1diz est un vin blanc biologique de 75 cl. produit par les Bodegas Barbadillo \u00e0 Sanl\u00facar de Barrameda, Cadix, Espagne. \u00c9labor\u00e9 \u00e0 partir de raisins Palomino Fino 100 % biologiques cultiv\u00e9s sur les sols albariza de la r\u00e9gion, il b\u00e9n\u00e9ficie de l&#8217;appellation IGP Vino de la Tierra de C\u00e1diz. <\/p>\n<p>Ce vin rend hommage \u00e0 l&#8217;engagement de la cave en faveur de la durabilit\u00e9 et \u00e0 ses presque 200 ans d&#8217;histoire. Il porte le nom de l&#8217;alose, qui symbolise l&#8217;esprit d&#8217;aventure de la r\u00e9gion, influenc\u00e9e par la mer, les marais et le fleuve Guadalquivir. Notes de d\u00e9gustation : Aspect : Couleur dor\u00e9e claire et brillante avec des reflets m\u00e9talliques.  <\/p>\n<ul>\n\t<li>Ar\u00f4me : Complexe, avec des notes de pomme m\u00fbre, de p\u00eache et des nuances \u00e9pic\u00e9es.<\/li>\n\t<li>Bouche : Ample, cr\u00e9meux, avec de l\u00e9g\u00e8res notes de fruits m\u00fbrs et une finale douce et saline, refl\u00e9tant son origine c\u00f4ti\u00e8re.<\/li>\n\t<li>Titre alcoom\u00e9trique : 13-13,5 % vol.<\/li>\n\t<li>Vinification : fermentation lente en acier inoxydable \u00e0 17 \u00b0C, \u00e9levage sur lies pendant quatre mois pour am\u00e9liorer son onctuosit\u00e9. Les raisins provenant de vignobles biologiques, tels que Balba\u00edna, A\u00f1ina, Macharnudo et Burujena, sont vinifi\u00e9s s\u00e9par\u00e9ment afin d&#8217;obtenir un m\u00e9lange raffin\u00e9. <\/li>\n<\/ul>\n<p>Accompagnement : Id\u00e9al avec le poisson, les fruits de mer, la charcuterie, les plats de volaille cr\u00e9meux ou des combinaisons innovantes telles que le tofu, les artichauts ou le fromage. Servir \u00e0 une temp\u00e9rature de 6 \u00e0 10 \u00b0C. Contexte : Lanc\u00e9 en tant que premier vin biologique de Barbadillo, S\u00e1balo refl\u00e8te l&#8217;expertise de la vigneronne Montse Molina et honore l&#8217;h\u00e9ritage du po\u00e8te et vigneron Manuel Barbadillo. Il fait partie d&#8217;un projet biologique plus vaste, avec 25 hectares de vignobles certifi\u00e9s biologiques d&#8217;ici 2022.   <\/p>","protected":false},"excerpt":{"rendered":"<p>S\u00e1balo Organic White Wine from C\u00e1diz 75 Cl, exp\u00e9ditions vers TOUTE L&#8217;EUROPE.<\/p>\n","protected":false},"featured_media":6677,"template":"","meta":{"site-sidebar-layout":"default","site-content-layout":"default","ast-site-content-layout":"default","site-content-style":"default","site-sidebar-style":"default","ast-global-header-display":"","ast-banner-title-visibility":"","ast-main-header-display":"","ast-hfb-above-header-display":"","ast-hfb-below-header-display":"","ast-hfb-mobile-header-display":"","site-post-title":"","ast-breadcrumbs-content":"","ast-featured-img":"","footer-sml-layout":"","ast-disable-related-posts":"","theme-transparent-header-meta":"default","adv-header-id-meta":"","stick-header-meta":"","header-above-stick-meta":"","header-main-stick-meta":"","header-below-stick-meta":"","astra-migrate-meta-layouts":"default","ast-page-background-enabled":"default","ast-page-background-meta":{"desktop":{"background-color":"var(--ast-global-color-4)","background-image":"","background-repeat":"repeat","background-position":"center center","background-size":"auto","background-attachment":"scroll","background-type":"","background-media":"","overlay-type":"","overlay-color":"","overlay-opacity":"","overlay-gradient":""},"tablet":{"background-color":"","background-image":"","background-repeat":"repeat","background-position":"center center","background-size":"auto","background-attachment":"scroll","background-type":"","background-media":"","overlay-type":"","overlay-color":"","overlay-opacity":"","overlay-gradient":""},"mobile":{"background-color":"","background-image":"","background-repeat":"repeat","background-position":"center center","background-size":"auto","background-attachment":"scroll","background-type":"","background-media":"","overlay-type":"","overlay-color":"","overlay-opacity":"","overlay-gradient":""}},"ast-content-background-meta":{"desktop":{"background-color":"var(--ast-global-color-5)","background-image":"","background-repeat":"repeat","background-position":"center center","background-size":"auto","background-attachment":"scroll","background-type":"","background-media":"","overlay-type":"","overlay-color":"","overlay-opacity":"","overlay-gradient":""},"tablet":{"background-color":"var(--ast-global-color-5)","background-image":"","background-repeat":"repeat","background-position":"center center","background-size":"auto","background-attachment":"scroll","background-type":"","background-media":"","overlay-type":"","overlay-color":"","overlay-opacity":"","overlay-gradient":""},"mobile":{"background-color":"var(--ast-global-color-5)","background-image":"","background-repeat":"repeat","background-position":"center center","background-size":"auto","background-attachment":"scroll","background-type":"","background-media":"","overlay-type":"","overlay-color":"","overlay-opacity":"","overlay-gradient":""}}},"product_brand":[1314],"product_cat":[292],"product_tag":[132],"class_list":{"0":"post-7729","1":"product","2":"type-product","3":"status-publish","4":"has-post-thumbnail","6":"product_brand-bodegas-barbadillo","7":"product_cat-vin-blanc","8":"product_tag-cadix","9":"desktop-align-left","10":"tablet-align-left","11":"mobile-align-left","13":"first","14":"instock","15":"taxable","16":"shipping-taxable","17":"purchasable","18":"product-type-simple"},"_links":{"self":[{"href":"https:\/\/andalubox.com\/fr\/wp-json\/wp\/v2\/product\/7729","targetHints":{"allow":["GET"]}}],"collection":[{"href":"https:\/\/andalubox.com\/fr\/wp-json\/wp\/v2\/product"}],"about":[{"href":"https:\/\/andalubox.com\/fr\/wp-json\/wp\/v2\/types\/product"}],"wp:featuredmedia":[{"embeddable":true,"href":"https:\/\/andalubox.com\/fr\/wp-json\/wp\/v2\/media\/6677"}],"wp:attachment":[{"href":"https:\/\/andalubox.com\/fr\/wp-json\/wp\/v2\/media?parent=7729"}],"wp:term":[{"taxonomy":"product_brand","embeddable":true,"href":"https:\/\/andalubox.com\/fr\/wp-json\/wp\/v2\/product_brand?post=7729"},{"taxonomy":"product_cat","embeddable":true,"href":"https:\/\/andalubox.com\/fr\/wp-json\/wp\/v2\/product_cat?post=7729"},{"taxonomy":"product_tag","embeddable":true,"href":"https:\/\/andalubox.com\/fr\/wp-json\/wp\/v2\/product_tag?post=7729"}],"curies":[{"name":"wp","href":"https:\/\/api.w.org\/{rel}","templated":true}]}}