{"id":7728,"date":"2022-10-26T13:04:09","date_gmt":"2022-10-26T11:04:09","guid":{"rendered":"https:\/\/andalubox.com\/producto-andaluz\/rives-special-70cl\/"},"modified":"2025-06-27T11:47:24","modified_gmt":"2025-06-27T09:47:24","slug":"rives-special-70cl","status":"publish","type":"product","link":"https:\/\/andalubox.com\/fr\/producto-andaluz\/rives-special-70cl\/","title":{"rendered":"Rives Especial de El Puerto de Santa Mar\u00eda 70cl"},"content":{"rendered":"<p>Le Gin SuperPremium, au go\u00fbt unique, facile \u00e0 boire, puissant et complexe, est le r\u00e9sultat d&#8217;un processus dans lequel le soin a \u00e9t\u00e9 apport\u00e9 jusqu&#8217;au moindre d\u00e9tail.<\/p>\n<p>Produit depuis 1980 \u00e0 Puerto de Santa Mar\u00eda \u00e0 Cadix, c&#8217;est le seul gin 100% andalou qui est enti\u00e8rement fabriqu\u00e9 \u00e0 la main dans des alambics en cuivre exclusifs fabriqu\u00e9s par le ma\u00eetre John Dore.<\/p>\n<p>Aucune essence ou ar\u00f4me artificiel n&#8217;est utilis\u00e9 dans sa production et 11 esp\u00e8ces de plantes naturelles ont \u00e9t\u00e9 s\u00e9lectionn\u00e9es et r\u00e9colt\u00e9es dans les meilleurs endroits du monde pour obtenir un \u00e9quilibre et un go\u00fbt parfaits. Il est distill\u00e9 deux fois pour obtenir l&#8217;alcool neutre pur auquel on ajoute les 11 plantes pour la troisi\u00e8me et derni\u00e8re distillation.<\/p>\n<p>Tout cela fait que le <strong>Rives Special<\/strong> Gin Tridestilada a \u00e9t\u00e9 prim\u00e9 lors de certaines des comp\u00e9titions les plus prestigieuses du monde.<\/p>\n<p class=\"underline\"><strong>Notes de d\u00e9gustation :<\/strong><\/p>\n<p>Gin haut de gamme, aux ar\u00f4mes nets, d&#8217;une complexit\u00e9 onctueuse dans laquelle ressortent les tons de geni\u00e8vre, en bouche un \u00e9quilibre entre alcool et richesse des nuances. Arri\u00e8re-go\u00fbt frais et personnel avec une pr\u00e9dominance d&#8217;amandes grill\u00e9es.<\/p>","protected":false},"excerpt":{"rendered":"<p>Le Gin SuperPremium, au go\u00fbt unique, facile \u00e0 boire, puissant et complexe, est le r\u00e9sultat d&#8217;un processus dans lequel le soin a \u00e9t\u00e9 apport\u00e9 jusqu&#8217;au moindre d\u00e9tail.<\/p>\n","protected":false},"featured_media":19417,"comment_status":"closed","ping_status":"closed","template":"","meta":{"site-sidebar-layout":"default","site-content-layout":"default","ast-site-content-layout":"default","site-content-style":"default","site-sidebar-style":"default","ast-global-header-display":"","ast-banner-title-visibility":"","ast-main-header-display":"","ast-hfb-above-header-display":"","ast-hfb-below-header-display":"","ast-hfb-mobile-header-display":"","site-post-title":"","ast-breadcrumbs-content":"","ast-featured-img":"","footer-sml-layout":"","ast-disable-related-posts":"","theme-transparent-header-meta":"default","adv-header-id-meta":"","stick-header-meta":"","header-above-stick-meta":"","header-main-stick-meta":"","header-below-stick-meta":"","astra-migrate-meta-layouts":"default","ast-page-background-enabled":"default","ast-page-background-meta":{"desktop":{"background-color":"var(--ast-global-color-4)","background-image":"","background-repeat":"repeat","background-position":"center center","background-size":"auto","background-attachment":"scroll","background-type":"","background-media":"","overlay-type":"","overlay-color":"","overlay-opacity":"","overlay-gradient":""},"tablet":{"background-color":"","background-image":"","background-repeat":"repeat","background-position":"center center","background-size":"auto","background-attachment":"scroll","background-type":"","background-media":"","overlay-type":"","overlay-color":"","overlay-opacity":"","overlay-gradient":""},"mobile":{"background-color":"","background-image":"","background-repeat":"repeat","background-position":"center center","background-size":"auto","background-attachment":"scroll","background-type":"","background-media":"","overlay-type":"","overlay-color":"","overlay-opacity":"","overlay-gradient":""}},"ast-content-background-meta":{"desktop":{"background-color":"var(--ast-global-color-5)","background-image":"","background-repeat":"repeat","background-position":"center center","background-size":"auto","background-attachment":"scroll","background-type":"","background-media":"","overlay-type":"","overlay-color":"","overlay-opacity":"","overlay-gradient":""},"tablet":{"background-color":"var(--ast-global-color-5)","background-image":"","background-repeat":"repeat","background-position":"center center","background-size":"auto","background-attachment":"scroll","background-type":"","background-media":"","overlay-type":"","overlay-color":"","overlay-opacity":"","overlay-gradient":""},"mobile":{"background-color":"var(--ast-global-color-5)","background-image":"","background-repeat":"repeat","background-position":"center center","background-size":"auto","background-attachment":"scroll","background-type":"","background-media":"","overlay-type":"","overlay-color":"","overlay-opacity":"","overlay-gradient":""}}},"product_brand":[1333],"product_cat":[41],"product_tag":[],"class_list":{"0":"post-7728","1":"product","2":"type-product","3":"status-publish","4":"has-post-thumbnail","6":"product_brand-rives","7":"product_cat-conservas-de-carne","8":"desktop-align-left","9":"tablet-align-left","10":"mobile-align-left","12":"first","13":"instock","14":"taxable","15":"shipping-taxable","16":"purchasable","17":"product-type-simple"},"_links":{"self":[{"href":"https:\/\/andalubox.com\/fr\/wp-json\/wp\/v2\/product\/7728","targetHints":{"allow":["GET"]}}],"collection":[{"href":"https:\/\/andalubox.com\/fr\/wp-json\/wp\/v2\/product"}],"about":[{"href":"https:\/\/andalubox.com\/fr\/wp-json\/wp\/v2\/types\/product"}],"replies":[{"embeddable":true,"href":"https:\/\/andalubox.com\/fr\/wp-json\/wp\/v2\/comments?post=7728"}],"wp:featuredmedia":[{"embeddable":true,"href":"https:\/\/andalubox.com\/fr\/wp-json\/wp\/v2\/media\/19417"}],"wp:attachment":[{"href":"https:\/\/andalubox.com\/fr\/wp-json\/wp\/v2\/media?parent=7728"}],"wp:term":[{"taxonomy":"product_brand","embeddable":true,"href":"https:\/\/andalubox.com\/fr\/wp-json\/wp\/v2\/product_brand?post=7728"},{"taxonomy":"product_cat","embeddable":true,"href":"https:\/\/andalubox.com\/fr\/wp-json\/wp\/v2\/product_cat?post=7728"},{"taxonomy":"product_tag","embeddable":true,"href":"https:\/\/andalubox.com\/fr\/wp-json\/wp\/v2\/product_tag?post=7728"}],"curies":[{"name":"wp","href":"https:\/\/api.w.org\/{rel}","templated":true}]}}