{"id":7719,"date":"2022-10-26T13:04:12","date_gmt":"2022-10-26T11:04:12","guid":{"rendered":"https:\/\/andalubox.com\/producto-andaluz\/villalua-marques-de-villalua-d-o-p-condado-de-huelva-75cl\/"},"modified":"2025-06-27T19:31:15","modified_gmt":"2025-06-27T17:31:15","slug":"villalua-marques-de-villalua-d-o-p-condado-de-huelva-75cl","status":"publish","type":"product","link":"https:\/\/andalubox.com\/fr\/producto-andaluz\/villalua-marques-de-villalua-d-o-p-condado-de-huelva-75cl\/","title":{"rendered":"Villal\u00faa Marqu\u00e9s de Villal\u00faa Blanc sec D.O.P Condado de Huelva, 75cl"},"content":{"rendered":"<ul>\n\t<li>Situation : Villalba del Alcor, Huelva, Espagne, 160 m\u00e8tres au-dessus du niveau de la mer, avec des vignobles b\u00e9n\u00e9ficiant d&#8217;un climat m\u00e9diterran\u00e9en avec influence atlantique, id\u00e9al pour la culture de la vigne.<\/li>\n\t<li>Histoire : fond\u00e9e en 2000, la cave est li\u00e9e \u00e0 un h\u00e9ritage historique qui remonte \u00e0 1495, lorsque les vins de Villalba del Alcor ont \u00e9t\u00e9 document\u00e9s dans le cadre d&#8217;exp\u00e9ditions vers le Nouveau Monde, selon les archives de S\u00e9ville.<\/li>\n\t<li>Philosophie de la vinification : la priorit\u00e9 est donn\u00e9e aux c\u00e9pages indig\u00e8nes tels que le Zalema et le List\u00e1n de Huelva, ainsi qu&#8217;au Pedro Xim\u00e9nez, au Moscatel et au Sauvignon Blanc. Les raisins sont r\u00e9colt\u00e9s \u00e0 la main la nuit pour pr\u00e9server leur fra\u00eecheur, et la fermentation est contr\u00f4l\u00e9e dans des cuves en acier inoxydable ou dans des barriques pour les vins sp\u00e9cifiques. <\/li>\n\t<li>D\u00e9tails du vignoble : 22 hectares en propri\u00e9t\u00e9, plus 10 hectares contr\u00f4l\u00e9s, sur des sols argilo-calcaires.<\/li>\n<\/ul>\n<p>\u00c9labor\u00e9 \u00e0 partir de raisins s\u00e9lectionn\u00e9s, r\u00e9colt\u00e9s \u00e0 la main, la nuit, au moment optimal de maturation. Mac\u00e9ration pr\u00e9-fermentaire et fermentation contr\u00f4l\u00e9e \u00e0 basse temp\u00e9rature dans des cuves en acier inoxydable.<\/p>\n<p>Le contr\u00f4le de l&#8217;ensemble du processus de vinification et l&#8217;utilisation des technologies les plus avanc\u00e9es en font un vin frais et charnu aux ar\u00f4mes et saveurs fruit\u00e9s.<\/p>\n<p>Marqu\u00e9s de Villal\u00faa Dry (Jeune Blanc Sec)<\/p>\n<ul>\n\t<li>Raisins : Zalema, Moscatel, List\u00e1n de Huelva, Pedro Xim\u00e9nez.<\/li>\n\t<li>Notes de d\u00e9gustation : Jaune paille p\u00e2le, net et brillant. Ar\u00f4mes de fruits blancs, de notes florales et herbac\u00e9es avec une pointe d&#8217;anis. Frais, \u00e9quilibr\u00e9 et facile \u00e0 boire, avec une finale douce et fruit\u00e9e.  <\/li>\n\t<li>Vinification : Vendanges nocturnes, fermentation contr\u00f4l\u00e9e \u00e0 basse temp\u00e9rature dans des cuves en acier inoxydable.<\/li>\n\t<li>Accords gourmands : Fruits de mer, poissons, p\u00e2tes l\u00e9g\u00e8res, plats \u00e0 base de riz, jambon et fromages \u00e0 p\u00e2te semi-cuite.<\/li>\n\t<li>Temp\u00e9rature de service : 7-10 \u00b0C.<\/li>\n<\/ul>\n<p>Disponible dans les supermarch\u00e9s Andalubox \u00e0 S\u00e9ville et pour l&#8217;exportation dans toute l&#8217;Europe \u00e0 l&#8217;adresse www.andalubox.com.<\/p>","protected":false},"excerpt":{"rendered":"<p>Un vin blanc tr\u00e8s frais dans lequel on boit l&#8217;essence pure du <strong>Marqu\u00e9s de Villal\u00faa<\/strong>, \u00e9labor\u00e9 avec les vari\u00e9t\u00e9s autochtones <strong>Zalema, Moscatel, Pedro Xim\u00e9nez et List\u00e1n de Huelva<\/strong>. Elles se r\u00e9v\u00e8lent ici dans toute leur splendeur, dotant le vin d&#8217;une<strong> fine touche herbac\u00e9e<\/strong> qui enveloppe le <strong>fruit frais<\/strong>.  <\/p>\n","protected":false},"featured_media":6668,"comment_status":"closed","ping_status":"closed","template":"","meta":{"site-sidebar-layout":"default","site-content-layout":"default","ast-site-content-layout":"default","site-content-style":"default","site-sidebar-style":"default","ast-global-header-display":"","ast-banner-title-visibility":"","ast-main-header-display":"","ast-hfb-above-header-display":"","ast-hfb-below-header-display":"","ast-hfb-mobile-header-display":"","site-post-title":"","ast-breadcrumbs-content":"","ast-featured-img":"","footer-sml-layout":"","ast-disable-related-posts":"","theme-transparent-header-meta":"default","adv-header-id-meta":"","stick-header-meta":"","header-above-stick-meta":"","header-main-stick-meta":"","header-below-stick-meta":"","astra-migrate-meta-layouts":"default","ast-page-background-enabled":"default","ast-page-background-meta":{"desktop":{"background-color":"var(--ast-global-color-4)","background-image":"","background-repeat":"repeat","background-position":"center center","background-size":"auto","background-attachment":"scroll","background-type":"","background-media":"","overlay-type":"","overlay-color":"","overlay-opacity":"","overlay-gradient":""},"tablet":{"background-color":"","background-image":"","background-repeat":"repeat","background-position":"center center","background-size":"auto","background-attachment":"scroll","background-type":"","background-media":"","overlay-type":"","overlay-color":"","overlay-opacity":"","overlay-gradient":""},"mobile":{"background-color":"","background-image":"","background-repeat":"repeat","background-position":"center center","background-size":"auto","background-attachment":"scroll","background-type":"","background-media":"","overlay-type":"","overlay-color":"","overlay-opacity":"","overlay-gradient":""}},"ast-content-background-meta":{"desktop":{"background-color":"var(--ast-global-color-5)","background-image":"","background-repeat":"repeat","background-position":"center center","background-size":"auto","background-attachment":"scroll","background-type":"","background-media":"","overlay-type":"","overlay-color":"","overlay-opacity":"","overlay-gradient":""},"tablet":{"background-color":"var(--ast-global-color-5)","background-image":"","background-repeat":"repeat","background-position":"center center","background-size":"auto","background-attachment":"scroll","background-type":"","background-media":"","overlay-type":"","overlay-color":"","overlay-opacity":"","overlay-gradient":""},"mobile":{"background-color":"var(--ast-global-color-5)","background-image":"","background-repeat":"repeat","background-position":"center center","background-size":"auto","background-attachment":"scroll","background-type":"","background-media":"","overlay-type":"","overlay-color":"","overlay-opacity":"","overlay-gradient":""}}},"product_brand":[1476],"product_cat":[15],"product_tag":[],"class_list":{"0":"post-7719","1":"product","2":"type-product","3":"status-publish","4":"has-post-thumbnail","6":"product_brand-bodegas-marques-de-villalua","7":"product_cat-sin-categorizar","8":"desktop-align-left","9":"tablet-align-left","10":"mobile-align-left","12":"first","13":"instock","14":"taxable","15":"shipping-taxable","16":"purchasable","17":"product-type-simple"},"_links":{"self":[{"href":"https:\/\/andalubox.com\/fr\/wp-json\/wp\/v2\/product\/7719","targetHints":{"allow":["GET"]}}],"collection":[{"href":"https:\/\/andalubox.com\/fr\/wp-json\/wp\/v2\/product"}],"about":[{"href":"https:\/\/andalubox.com\/fr\/wp-json\/wp\/v2\/types\/product"}],"replies":[{"embeddable":true,"href":"https:\/\/andalubox.com\/fr\/wp-json\/wp\/v2\/comments?post=7719"}],"wp:featuredmedia":[{"embeddable":true,"href":"https:\/\/andalubox.com\/fr\/wp-json\/wp\/v2\/media\/6668"}],"wp:attachment":[{"href":"https:\/\/andalubox.com\/fr\/wp-json\/wp\/v2\/media?parent=7719"}],"wp:term":[{"taxonomy":"product_brand","embeddable":true,"href":"https:\/\/andalubox.com\/fr\/wp-json\/wp\/v2\/product_brand?post=7719"},{"taxonomy":"product_cat","embeddable":true,"href":"https:\/\/andalubox.com\/fr\/wp-json\/wp\/v2\/product_cat?post=7719"},{"taxonomy":"product_tag","embeddable":true,"href":"https:\/\/andalubox.com\/fr\/wp-json\/wp\/v2\/product_tag?post=7719"}],"curies":[{"name":"wp","href":"https:\/\/api.w.org\/{rel}","templated":true}]}}