{"id":7702,"date":"2022-10-26T13:03:49","date_gmt":"2022-10-26T11:03:49","guid":{"rendered":"https:\/\/andalubox.com\/producto-andaluz\/ibiza-vodka-saline\/"},"modified":"2025-06-19T19:57:01","modified_gmt":"2025-06-19T17:57:01","slug":"saline-vodka-de-ibiza-70cl","status":"publish","type":"product","link":"https:\/\/andalubox.com\/fr\/producto-andaluz\/saline-vodka-de-ibiza-70cl\/","title":{"rendered":"Vodka Saline d&#8217;Ibiza, 70cl"},"content":{"rendered":"<p><strong>D\u00e9gustation<\/strong>: Des sensations fines et \u00e9quilibr\u00e9es sont le pr\u00e9lude \u00e0 des ar\u00f4mes secs et cristallins. Fin de bouche longue et cr\u00e9meuse avec de l\u00e9g\u00e8res traces sal\u00e9es sur la langue.<\/p>\n<p><strong>Titre alcoom\u00e9trique<\/strong>: 40%.<\/p>\n<p><strong>Recommandation<\/strong>: servir frais \u00e0 4-6\u00b0C pour la consommation de repas, et \u00e0 0\u00b0C pour le service de cocktails.<\/p>","protected":false},"excerpt":{"rendered":"<p>Fabriqu\u00e9e \u00e0 Ibiza, c&#8217;est une vodka ultra premium distill\u00e9e 6 fois selon les anciennes traditions de l&#8217;\u00eele.<\/p>\n","protected":false},"featured_media":6635,"comment_status":"closed","ping_status":"closed","template":"","meta":{"site-sidebar-layout":"default","site-content-layout":"default","ast-site-content-layout":"default","site-content-style":"default","site-sidebar-style":"default","ast-global-header-display":"","ast-banner-title-visibility":"","ast-main-header-display":"","ast-hfb-above-header-display":"","ast-hfb-below-header-display":"","ast-hfb-mobile-header-display":"","site-post-title":"","ast-breadcrumbs-content":"","ast-featured-img":"","footer-sml-layout":"","ast-disable-related-posts":"","theme-transparent-header-meta":"default","adv-header-id-meta":"","stick-header-meta":"","header-above-stick-meta":"","header-main-stick-meta":"","header-below-stick-meta":"","astra-migrate-meta-layouts":"default","ast-page-background-enabled":"default","ast-page-background-meta":{"desktop":{"background-color":"var(--ast-global-color-4)","background-image":"","background-repeat":"repeat","background-position":"center center","background-size":"auto","background-attachment":"scroll","background-type":"","background-media":"","overlay-type":"","overlay-color":"","overlay-opacity":"","overlay-gradient":""},"tablet":{"background-color":"","background-image":"","background-repeat":"repeat","background-position":"center center","background-size":"auto","background-attachment":"scroll","background-type":"","background-media":"","overlay-type":"","overlay-color":"","overlay-opacity":"","overlay-gradient":""},"mobile":{"background-color":"","background-image":"","background-repeat":"repeat","background-position":"center center","background-size":"auto","background-attachment":"scroll","background-type":"","background-media":"","overlay-type":"","overlay-color":"","overlay-opacity":"","overlay-gradient":""}},"ast-content-background-meta":{"desktop":{"background-color":"var(--ast-global-color-5)","background-image":"","background-repeat":"repeat","background-position":"center center","background-size":"auto","background-attachment":"scroll","background-type":"","background-media":"","overlay-type":"","overlay-color":"","overlay-opacity":"","overlay-gradient":""},"tablet":{"background-color":"var(--ast-global-color-5)","background-image":"","background-repeat":"repeat","background-position":"center center","background-size":"auto","background-attachment":"scroll","background-type":"","background-media":"","overlay-type":"","overlay-color":"","overlay-opacity":"","overlay-gradient":""},"mobile":{"background-color":"var(--ast-global-color-5)","background-image":"","background-repeat":"repeat","background-position":"center center","background-size":"auto","background-attachment":"scroll","background-type":"","background-media":"","overlay-type":"","overlay-color":"","overlay-opacity":"","overlay-gradient":""}}},"product_brand":[1508],"product_cat":[41],"product_tag":[],"class_list":{"0":"post-7702","1":"product","2":"type-product","3":"status-publish","4":"has-post-thumbnail","6":"product_brand-saline","7":"product_cat-conservas-de-carne","8":"desktop-align-left","9":"tablet-align-left","10":"mobile-align-left","12":"first","13":"instock","14":"taxable","15":"shipping-taxable","16":"purchasable","17":"product-type-simple"},"_links":{"self":[{"href":"https:\/\/andalubox.com\/fr\/wp-json\/wp\/v2\/product\/7702","targetHints":{"allow":["GET"]}}],"collection":[{"href":"https:\/\/andalubox.com\/fr\/wp-json\/wp\/v2\/product"}],"about":[{"href":"https:\/\/andalubox.com\/fr\/wp-json\/wp\/v2\/types\/product"}],"replies":[{"embeddable":true,"href":"https:\/\/andalubox.com\/fr\/wp-json\/wp\/v2\/comments?post=7702"}],"wp:featuredmedia":[{"embeddable":true,"href":"https:\/\/andalubox.com\/fr\/wp-json\/wp\/v2\/media\/6635"}],"wp:attachment":[{"href":"https:\/\/andalubox.com\/fr\/wp-json\/wp\/v2\/media?parent=7702"}],"wp:term":[{"taxonomy":"product_brand","embeddable":true,"href":"https:\/\/andalubox.com\/fr\/wp-json\/wp\/v2\/product_brand?post=7702"},{"taxonomy":"product_cat","embeddable":true,"href":"https:\/\/andalubox.com\/fr\/wp-json\/wp\/v2\/product_cat?post=7702"},{"taxonomy":"product_tag","embeddable":true,"href":"https:\/\/andalubox.com\/fr\/wp-json\/wp\/v2\/product_tag?post=7702"}],"curies":[{"name":"wp","href":"https:\/\/api.w.org\/{rel}","templated":true}]}}