{"id":7694,"date":"2022-10-26T13:03:50","date_gmt":"2022-10-26T11:03:50","guid":{"rendered":"https:\/\/andalubox.com\/producto-andaluz\/aguadulce-marques-de-villalua-semidulce-75cl\/"},"modified":"2025-06-26T14:06:59","modified_gmt":"2025-06-26T12:06:59","slug":"aguadulce-marques-de-villalua-semidulce-75cl","status":"publish","type":"product","link":"https:\/\/andalubox.com\/fr\/producto-andaluz\/aguadulce-marques-de-villalua-semidulce-75cl\/","title":{"rendered":"Marqu\u00e9s de Villal\u00faa Aguadulce Vin blanc demi-doux du Condado de Huelva 75cl"},"content":{"rendered":"<p>Vin blanc mi-sucr\u00e9 multivari\u00e9tal. R\u00e9colte s\u00e9par\u00e9e \u00e0 la main \u00e0 maturit\u00e9 optimale. S\u00e9lection manuelle des raisins \u00e0 l&#8217;entr\u00e9e de la cave. Mac\u00e9ration pr\u00e9fermentaire \u00e0 froid pour extraire la plus grande qualit\u00e9 et quantit\u00e9 d&#8217;ar\u00f4mes.  Fermentation dans des cuves en acier inoxydable \u00e0 une temp\u00e9rature contr\u00f4l\u00e9e et constante de 15\u00baC.<\/p>\n<p>Couleur jaune paille propre et brillante. Fruits blancs m\u00fbrs au nez avec une intensit\u00e9 moyenne. En bouche, il pr\u00e9sente une entr\u00e9e agr\u00e9able et soyeuse, avec une acidit\u00e9 bien dos\u00e9e et un arri\u00e8re-go\u00fbt de fruits m\u00fbrs.<\/p>\n<table class=\"table-data-sheet\">\n<tbody>\n<tr class=\"odd\">\n<td>Pays<\/td>\n<td>ESPAGNE<\/td>\n<\/tr>\n<tr class=\"even\">\n<td>Ajouter<\/td>\n<td>2024<\/td>\n<\/tr>\n<tr class=\"odd\">\n<td>Vari\u00e9t\u00e9<\/td>\n<td>ZALEMA, LISTAN, MOSCATEL DE ALEJANDRIA, PEDRO XIM\u00c9NEZ<\/td>\n<\/tr>\n<tr class=\"even\">\n<td>Volume<\/td>\n<td>75 cl.<\/td>\n<\/tr>\n<tr class=\"odd\">\n<td>Temp\u00e9rature de consommation<\/td>\n<td>DE 8\u00baC \u00c0 10\u00baC.<\/td>\n<\/tr>\n<tr class=\"even\">\n<td>Score de Misumiller<\/td>\n<td>89<\/td>\n<\/tr>\n<tr class=\"odd\">\n<td>Guide Pe\u00f1\u00edn<\/td>\n<td>88<\/td>\n<\/tr>\n<tr class=\"even\">\n<td>D\u00e9nomination d&#8217;origine<\/td>\n<td>D.O. CONDADO DE HUELVA<\/td>\n<\/tr>\n<tr class=\"odd\">\n<td>Volume<\/td>\n<td>11% vol.<\/td>\n<\/tr>\n<\/tbody>\n<\/table>\n<p>&nbsp;<\/p>","protected":false},"excerpt":{"rendered":"<p>Vin blanc mi-sucr\u00e9 multivari\u00e9tal. R\u00e9colte s\u00e9par\u00e9e \u00e0 la main \u00e0 maturit\u00e9 optimale. S\u00e9lection manuelle des raisins \u00e0 l&#8217;entr\u00e9e de la cave.<\/p>\n","protected":false},"featured_media":12379,"comment_status":"closed","ping_status":"closed","template":"","meta":{"site-sidebar-layout":"default","site-content-layout":"default","ast-site-content-layout":"default","site-content-style":"default","site-sidebar-style":"default","ast-global-header-display":"","ast-banner-title-visibility":"","ast-main-header-display":"","ast-hfb-above-header-display":"","ast-hfb-below-header-display":"","ast-hfb-mobile-header-display":"","site-post-title":"","ast-breadcrumbs-content":"","ast-featured-img":"","footer-sml-layout":"","ast-disable-related-posts":"","theme-transparent-header-meta":"default","adv-header-id-meta":"","stick-header-meta":"","header-above-stick-meta":"","header-main-stick-meta":"","header-below-stick-meta":"","astra-migrate-meta-layouts":"default","ast-page-background-enabled":"default","ast-page-background-meta":{"desktop":{"background-color":"var(--ast-global-color-4)","background-image":"","background-repeat":"repeat","background-position":"center center","background-size":"auto","background-attachment":"scroll","background-type":"","background-media":"","overlay-type":"","overlay-color":"","overlay-opacity":"","overlay-gradient":""},"tablet":{"background-color":"","background-image":"","background-repeat":"repeat","background-position":"center center","background-size":"auto","background-attachment":"scroll","background-type":"","background-media":"","overlay-type":"","overlay-color":"","overlay-opacity":"","overlay-gradient":""},"mobile":{"background-color":"","background-image":"","background-repeat":"repeat","background-position":"center center","background-size":"auto","background-attachment":"scroll","background-type":"","background-media":"","overlay-type":"","overlay-color":"","overlay-opacity":"","overlay-gradient":""}},"ast-content-background-meta":{"desktop":{"background-color":"var(--ast-global-color-5)","background-image":"","background-repeat":"repeat","background-position":"center center","background-size":"auto","background-attachment":"scroll","background-type":"","background-media":"","overlay-type":"","overlay-color":"","overlay-opacity":"","overlay-gradient":""},"tablet":{"background-color":"var(--ast-global-color-5)","background-image":"","background-repeat":"repeat","background-position":"center center","background-size":"auto","background-attachment":"scroll","background-type":"","background-media":"","overlay-type":"","overlay-color":"","overlay-opacity":"","overlay-gradient":""},"mobile":{"background-color":"var(--ast-global-color-5)","background-image":"","background-repeat":"repeat","background-position":"center center","background-size":"auto","background-attachment":"scroll","background-type":"","background-media":"","overlay-type":"","overlay-color":"","overlay-opacity":"","overlay-gradient":""}}},"product_brand":[1510],"product_cat":[292],"product_tag":[127],"class_list":{"0":"post-7694","1":"product","2":"type-product","3":"status-publish","4":"has-post-thumbnail","6":"product_brand-marques-de-villalua","7":"product_cat-vin-blanc","8":"product_tag-huelva-fr","9":"desktop-align-left","10":"tablet-align-left","11":"mobile-align-left","13":"first","14":"instock","15":"taxable","16":"shipping-taxable","17":"purchasable","18":"product-type-simple"},"_links":{"self":[{"href":"https:\/\/andalubox.com\/fr\/wp-json\/wp\/v2\/product\/7694","targetHints":{"allow":["GET"]}}],"collection":[{"href":"https:\/\/andalubox.com\/fr\/wp-json\/wp\/v2\/product"}],"about":[{"href":"https:\/\/andalubox.com\/fr\/wp-json\/wp\/v2\/types\/product"}],"replies":[{"embeddable":true,"href":"https:\/\/andalubox.com\/fr\/wp-json\/wp\/v2\/comments?post=7694"}],"wp:featuredmedia":[{"embeddable":true,"href":"https:\/\/andalubox.com\/fr\/wp-json\/wp\/v2\/media\/12379"}],"wp:attachment":[{"href":"https:\/\/andalubox.com\/fr\/wp-json\/wp\/v2\/media?parent=7694"}],"wp:term":[{"taxonomy":"product_brand","embeddable":true,"href":"https:\/\/andalubox.com\/fr\/wp-json\/wp\/v2\/product_brand?post=7694"},{"taxonomy":"product_cat","embeddable":true,"href":"https:\/\/andalubox.com\/fr\/wp-json\/wp\/v2\/product_cat?post=7694"},{"taxonomy":"product_tag","embeddable":true,"href":"https:\/\/andalubox.com\/fr\/wp-json\/wp\/v2\/product_tag?post=7694"}],"curies":[{"name":"wp","href":"https:\/\/api.w.org\/{rel}","templated":true}]}}