{"id":7648,"date":"2022-10-26T13:03:43","date_gmt":"2022-10-26T11:03:43","guid":{"rendered":"https:\/\/andalubox.com\/producto-andaluz\/confiture-de-tomates-rouges-de-los-palacios-220gr\/"},"modified":"2025-07-28T17:19:00","modified_gmt":"2025-07-28T15:19:00","slug":"tomato-rouge-palace-rouge-tomato-jam-220gr","status":"publish","type":"product","link":"https:\/\/andalubox.com\/fr\/producto-andaluz\/tomato-rouge-palace-rouge-tomato-jam-220gr\/","title":{"rendered":"Confiture de tomates rouges Los Palacios, 220g"},"content":{"rendered":"<p>Tant la tomate frite que les confitures et la ratatouille maison sont \u00e9labor\u00e9es \u00e0 la main \u00e0 feu doux, avec un temps de cuisson compris entre trois heures et trois heures et demie, en obtenant une r\u00e9duction lente et appropri\u00e9e de la mati\u00e8re premi\u00e8re, et en obtenant seulement un pot de 365 g de tomate frite pour chaque kilo et trois cent cinquante grammes de tomate naturelle.<\/p>\n<p>La mati\u00e8re premi\u00e8re que nous utilisons pour fabriquer nos produits provient de notre propre exploitation, nous r\u00e9coltons des tomates de vari\u00e9t\u00e9s qui privil\u00e9gient le go\u00fbt \u00e0 la production de masse et elles sont cueillies \u00e0 la main \u00e0 leur maturit\u00e9 optimale.<\/p>\n<p>Nos tomates sont de type rond et lisse, pas de vari\u00e9t\u00e9s industrielles, ce qui nous permet d&#8217;obtenir un produit unique.<\/p>\n<p>Ils disposent de la marque Los Palacios Tomato Collective et de la certification Global Gap, qui certifie les bonnes pratiques agricoles, le souci de l&#8217;environnement et le bien-\u00eatre des consommateurs, constituant ainsi un label de qualit\u00e9 pour nos produits.<\/p>","protected":false},"excerpt":{"rendered":"<p>Confiture de tomates extra rouges de Los Palacios. Sans gluten. Sans lactose.<\/p>\n","protected":false},"featured_media":6563,"comment_status":"closed","ping_status":"closed","template":"","meta":{"site-sidebar-layout":"default","site-content-layout":"default","ast-site-content-layout":"default","site-content-style":"default","site-sidebar-style":"default","ast-global-header-display":"","ast-banner-title-visibility":"","ast-main-header-display":"","ast-hfb-above-header-display":"","ast-hfb-below-header-display":"","ast-hfb-mobile-header-display":"","site-post-title":"","ast-breadcrumbs-content":"","ast-featured-img":"","footer-sml-layout":"","ast-disable-related-posts":"","theme-transparent-header-meta":"default","adv-header-id-meta":"","stick-header-meta":"","header-above-stick-meta":"","header-main-stick-meta":"","header-below-stick-meta":"","astra-migrate-meta-layouts":"default","ast-page-background-enabled":"default","ast-page-background-meta":{"desktop":{"background-color":"var(--ast-global-color-4)","background-image":"","background-repeat":"repeat","background-position":"center center","background-size":"auto","background-attachment":"scroll","background-type":"","background-media":"","overlay-type":"","overlay-color":"","overlay-opacity":"","overlay-gradient":""},"tablet":{"background-color":"","background-image":"","background-repeat":"repeat","background-position":"center center","background-size":"auto","background-attachment":"scroll","background-type":"","background-media":"","overlay-type":"","overlay-color":"","overlay-opacity":"","overlay-gradient":""},"mobile":{"background-color":"","background-image":"","background-repeat":"repeat","background-position":"center center","background-size":"auto","background-attachment":"scroll","background-type":"","background-media":"","overlay-type":"","overlay-color":"","overlay-opacity":"","overlay-gradient":""}},"ast-content-background-meta":{"desktop":{"background-color":"var(--ast-global-color-5)","background-image":"","background-repeat":"repeat","background-position":"center center","background-size":"auto","background-attachment":"scroll","background-type":"","background-media":"","overlay-type":"","overlay-color":"","overlay-opacity":"","overlay-gradient":""},"tablet":{"background-color":"var(--ast-global-color-5)","background-image":"","background-repeat":"repeat","background-position":"center center","background-size":"auto","background-attachment":"scroll","background-type":"","background-media":"","overlay-type":"","overlay-color":"","overlay-opacity":"","overlay-gradient":""},"mobile":{"background-color":"var(--ast-global-color-5)","background-image":"","background-repeat":"repeat","background-position":"center center","background-size":"auto","background-attachment":"scroll","background-type":"","background-media":"","overlay-type":"","overlay-color":"","overlay-opacity":"","overlay-gradient":""}}},"product_brand":[],"product_cat":[1630],"product_tag":[108],"class_list":{"0":"post-7648","1":"product","2":"type-product","3":"status-publish","4":"has-post-thumbnail","6":"product_cat-mermeladas-fr","7":"product_tag-seville","8":"desktop-align-left","9":"tablet-align-left","10":"mobile-align-left","12":"first","13":"instock","14":"taxable","15":"shipping-taxable","16":"purchasable","17":"product-type-simple"},"_links":{"self":[{"href":"https:\/\/andalubox.com\/fr\/wp-json\/wp\/v2\/product\/7648","targetHints":{"allow":["GET"]}}],"collection":[{"href":"https:\/\/andalubox.com\/fr\/wp-json\/wp\/v2\/product"}],"about":[{"href":"https:\/\/andalubox.com\/fr\/wp-json\/wp\/v2\/types\/product"}],"replies":[{"embeddable":true,"href":"https:\/\/andalubox.com\/fr\/wp-json\/wp\/v2\/comments?post=7648"}],"wp:featuredmedia":[{"embeddable":true,"href":"https:\/\/andalubox.com\/fr\/wp-json\/wp\/v2\/media\/6563"}],"wp:attachment":[{"href":"https:\/\/andalubox.com\/fr\/wp-json\/wp\/v2\/media?parent=7648"}],"wp:term":[{"taxonomy":"product_brand","embeddable":true,"href":"https:\/\/andalubox.com\/fr\/wp-json\/wp\/v2\/product_brand?post=7648"},{"taxonomy":"product_cat","embeddable":true,"href":"https:\/\/andalubox.com\/fr\/wp-json\/wp\/v2\/product_cat?post=7648"},{"taxonomy":"product_tag","embeddable":true,"href":"https:\/\/andalubox.com\/fr\/wp-json\/wp\/v2\/product_tag?post=7648"}],"curies":[{"name":"wp","href":"https:\/\/api.w.org\/{rel}","templated":true}]}}